{"id":6076,"date":"2024-08-14T15:36:32","date_gmt":"2024-08-14T13:36:32","guid":{"rendered":"https:\/\/artes-valve.com\/?page_id=6076"},"modified":"2024-08-14T16:09:59","modified_gmt":"2024-08-14T14:09:59","slug":"stellenangebot-konstrukteur-m-w-d","status":"publish","type":"page","link":"https:\/\/artes-valve.com\/es\/karriere\/stellenangebot-konstrukteur-m-w-d\/","title":{"rendered":"Stellenangebot: Konstrukteur (m\/w\/d)"},"content":{"rendered":"\n<p class=\"has-black-color has-text-color\">Die <strong><mark style=\"background-color:rgba(0, 0, 0, 0)\" class=\"has-inline-color has-vivid-cyan-blue-color\">ARTES Valve &amp; Service GmbH<\/mark><\/strong>, ein Unternehmen der ARCA Flow Group, ist ein mittelst\u00e4ndisches,<br>operativ selbst\u00e4ndiges Unternehmen in Velten im Norden von Berlin. Wir entwickeln, konstruieren und fertigen Spezialarmaturen f\u00fcr die Erd\u00f6l- und Erdgas-Industrie, die Kraftwerksbranche sowie den Anlagenbau.<\/p>\n\n\n\n<p><strong>F\u00fcr unsere Konstruktionsabteilung suchen wir zum fr\u00fchestm\u00f6glichen Zeitpunkt einen:<\/strong><\/p>\n\n\n\n<h2 class=\"has-text-align-center has-vivid-cyan-blue-color has-text-color wp-block-heading\" id=\"h-konstrukteur-m-w-d\">Konstrukteur (m\/w\/d)<\/h2>\n\n\n\n<p class=\"has-vivid-cyan-blue-color has-text-color\"><strong>Ihre Aufgaben:<\/strong><\/p>\n\n\n\n<ul class=\"wp-block-list\">\n<li>Sie entwickeln und berechnen selbst\u00e4ndig im Bereich der Armaturentechnik und konstruieren in 3D-CAD.<\/li>\n\n\n\n<li>Sie erstellen St\u00fccklisten, Fertigungsunterlagen so wie die dazugeh\u00f6rigen Dokumentationen<\/li>\n\n\n\n<li>Sie sind Ansprechpartner (m\/w\/d) f\u00fcr die Fertigung, Materialwirtschaft so wie angrenzende Fachbereiche<\/li>\n<\/ul>\n\n\n\n<p class=\"has-vivid-cyan-blue-color has-text-color\"><strong>Ihr Profil:<\/strong><\/p>\n\n\n\n<ul class=\"wp-block-list\">\n<li>Sie verf\u00fcgen \u00fcber ein abgeschlossenes Studium als Diplom-Ingenieur (m\/w\/d)\/Master\/Bachelor der Fachrichtung Maschinenbau oder Verfahrenstechnik<\/li>\n\n\n\n<li>W\u00fcnschenswert sind Erfahrungen im CAD PTC\/Creo Parametric 7.0 und SAP<\/li>\n\n\n\n<li>Sie arbeiten sicher mit den Anwendungen von MS Office<\/li>\n\n\n\n<li>Sie verf\u00fcgen \u00fcber Englischkenntnisse<\/li>\n\n\n\n<li>Sie zeigen ein hohes Ma\u00df an Einsatzbereitschaft und Entscheidungsfreudigkeit, sind kommunikativ und teamorientiert<\/li>\n<\/ul>\n\n\n\n<p>Wir geben auch Berufseinsteigern (m\/w\/d) eine Chance, die wir in unserem Unternehmen gezielt einarbeiten.<\/p>\n\n\n\n<p class=\"has-vivid-cyan-blue-color has-text-color\"><strong>Unser Angebot:<\/strong><\/p>\n\n\n\n<ul class=\"wp-block-list\">\n<li>Wir bieten in der Regel <strong>unbefristete Arbeitsvertr\u00e4ge mit 30 Tagen<\/strong> Urlaubsanspruch und attraktive Verg\u00fctungen.<\/li>\n\n\n\n<li>Dazu <strong>flexible Arbeitszeiten<\/strong> bei einer 40-h-Woche mit der M\u00f6glichkeit im <strong>Homeoffice<\/strong> zu arbeiten.<\/li>\n\n\n\n<li>Wer bei ARTES Valve &amp; Service GmbH einsteigt, erh\u00e4lt eine <strong>intensive Einarbeitung<\/strong> in das<br>Aufgabengebiet, <strong>regelm\u00e4\u00dfige Schulungen<\/strong> und kann sein ganzes technisches Spezial-Know-How<br>ausspielen.<\/li>\n\n\n\n<li>Unser Unternehmen hat eine <strong>gute Anbindung an den \u00d6PNV<\/strong> und da zu auch <strong>ausreichend<br>Parkpl\u00e4tze<\/strong> direkt vor der T\u00fcr.<\/li>\n\n\n\n<li><strong>Bikeleasing<\/strong> mit Arbeitgeberzuschu\u00df.<\/li>\n\n\n\n<li>Wir sind ein sicherer Arbeitgeber \u2013 insbesondere auch bei Konjunkturschwankungen.<\/li>\n<\/ul>\n\n\n\n<p class=\"has-vivid-cyan-blue-color has-text-color\"><strong>Kontakt:<\/strong><\/p>\n\n\n\n<p>Neugierig auf diese interessante und anspruchsvolle T\u00e4tigkeit? Dann freuen wir uns auf Ihre Bewerbung.<\/p>\n\n\n\n<div class=\"wp-block-columns is-layout-flex wp-container-core-columns-is-layout-28f84493 wp-block-columns-is-layout-flex\">\n<div class=\"wp-block-column is-layout-flow wp-block-column-is-layout-flow\" style=\"flex-basis:50%\">\n<p>ARTES Valve &amp; Service GmbH<br>Horst J\u00e4kel<br>Parkallee 7. 16727 Velten<br>Telefon: 03304\/24724-81<br>E-Mail: horst.jaekel@artes-valve.de<\/p>\n<\/div>\n\n\n\n<div class=\"wp-block-column is-layout-flow wp-block-column-is-layout-flow\" style=\"flex-basis:50%\">\n<div class=\"wp-block-buttons is-content-justification-right is-layout-flex wp-container-core-buttons-is-layout-ca13948c wp-block-buttons-is-layout-flex\">\n<div class=\"wp-block-button has-custom-font-size is-style-fill has-medium-font-size\"><a class=\"wp-block-button__link has-vivid-cyan-blue-background-color has-background wp-element-button\" href=\"mailto:horst.jaekel@artes-valve.de\" style=\"border-radius:10px\" target=\"_blank\" rel=\"noreferrer noopener\">   <strong>Jetzt bewerben!<\/strong>   <\/a><\/div>\n<\/div>\n<\/div>\n<\/div>\n\n\n\n<p class=\"has-small-font-size\"><strong>Hinweis zum Datenschutz:<\/strong> Ihre Angaben aus Ihrer Bewerbung werden zur Bearbeitung der Bewerbung erhoben und verarbeitet. Die Daten werden nach abgeschlossener Bearbeitung gel\u00f6scht. Hinweis: Sie k\u00f6nnen Ihre Einwilligung jederzeit f\u00fcr die Zukunft per E-Mail an info@artes-valve.de widerrufen. Detaillierte Informationen zum Umgang mit Nutzer daten finden Sie in unserer Datenschutzerkl\u00e4rung.<\/p>\n","protected":false},"excerpt":{"rendered":"<p>Die ARTES Valve &amp; Service GmbH, ein Unternehmen der ARCA Flow Group, ist ein mittelst\u00e4ndisches,operativ selbst\u00e4ndiges Unternehmen in Velten im Norden von Berlin. Wir entwickeln, konstruieren und fertigen Spezialarmaturen f\u00fcr die Erd\u00f6l- und Erdgas-Industrie, die Kraftwerksbranche sowie den Anlagenbau. F\u00fcr unsere Konstruktionsabteilung suchen wir zum fr\u00fchestm\u00f6glichen Zeitpunkt einen: Konstrukteur (m\/w\/d) [\u2026] <\/p>\n<div class=\"clear\"><\/div>\n<p><a class=\"more_link clearfix\" href=\"https:\/\/artes-valve.com\/es\/karriere\/stellenangebot-konstrukteur-m-w-d\/\" rel=\"nofollow\">Read More &rarr;<\/a><\/p>\n","protected":false},"author":1,"featured_media":0,"parent":240,"menu_order":41,"comment_status":"closed","ping_status":"closed","template":"templates\/full-width.php","meta":{"footnotes":""},"class_list":["post-6076","page","type-page","status-publish","hentry"],"translation":{"provider":"WPGlobus","version":"3.0.2","language":"es","enabled_languages":["de","en","es"],"languages":{"de":{"title":true,"content":true,"excerpt":false},"en":{"title":false,"content":false,"excerpt":false},"es":{"title":false,"content":false,"excerpt":false}}},"yoast_head":"<!-- This site is optimized with the Yoast SEO Premium plugin v27.2 (Yoast SEO v27.2) - https:\/\/yoast.com\/product\/yoast-seo-premium-wordpress\/ -->\n<title>Stellenangebot: Konstrukteur (m\/w\/d) | ARTES Valve &amp; Service GmbH<\/title>\n<meta name=\"robots\" content=\"index, follow, max-snippet:-1, max-image-preview:large, max-video-preview:-1\" \/>\n<link rel=\"canonical\" href=\"https:\/\/artes-valve.com\/karriere\/stellenangebot-konstrukteur-m-w-d\/\" \/>\n<meta property=\"og:locale\" content=\"es_ES\" \/>\n<meta property=\"og:type\" content=\"article\" \/>\n<meta property=\"og:title\" content=\"Stellenangebot: Konstrukteur (m\/w\/d) | ARTES Valve &amp; Service GmbH\" \/>\n<meta property=\"og:url\" content=\"https:\/\/artes-valve.com\/karriere\/stellenangebot-konstrukteur-m-w-d\/\" \/>\n<meta property=\"og:site_name\" content=\"ARTES Valve &amp; Service GmbH\" \/>\n<meta property=\"article:modified_time\" content=\"2024-08-14T14:09:59+00:00\" \/>\n<meta name=\"twitter:card\" content=\"summary_large_image\" \/>\n<meta name=\"twitter:label1\" content=\"Est. reading time\" \/>\n\t<meta name=\"twitter:data1\" content=\"2 minutes\" \/>\n<script type=\"application\/ld+json\" class=\"yoast-schema-graph\">{\"@context\":\"https:\/\/schema.org\",\"@graph\":[{\"@type\":\"WebPage\",\"@id\":\"https:\/\/artes-valve.com\/karriere\/stellenangebot-konstrukteur-m-w-d\/\",\"url\":\"https:\/\/artes-valve.com\/karriere\/stellenangebot-konstrukteur-m-w-d\/\",\"name\":\"Stellenangebot: Konstrukteur (m\/w\/d) | ARTES Valve &amp; Service GmbH\",\"isPartOf\":{\"@id\":\"https:\/\/artes-valve.com\/#website\"},\"datePublished\":\"2024-08-14T13:36:32+00:00\",\"dateModified\":\"2024-08-14T14:09:59+00:00\",\"description\":\"ARTES Valve & Service GmbH entwickelt, konstruiert und fertigt Drei-Wege- oder Regelkugel-Ventile, Einspritzk\u00fchler, Dampfumformstationen.\",\"breadcrumb\":{\"@id\":\"https:\/\/artes-valve.com\/karriere\/stellenangebot-konstrukteur-m-w-d\/#breadcrumb\"},\"inLanguage\":\"es-ES\",\"potentialAction\":[{\"@type\":\"ReadAction\",\"target\":[\"https:\/\/artes-valve.com\/karriere\/stellenangebot-konstrukteur-m-w-d\/\"]}]},{\"@type\":\"BreadcrumbList\",\"@id\":\"https:\/\/artes-valve.com\/karriere\/stellenangebot-konstrukteur-m-w-d\/#breadcrumb\",\"itemListElement\":[{\"@type\":\"ListItem\",\"position\":1,\"name\":\"Startseite\",\"item\":\"https:\/\/artes-valve.com\/\"},{\"@type\":\"ListItem\",\"position\":2,\"name\":\"Ihre Karriere bei der ARTES Valve &amp; Service GmbH\",\"item\":\"https:\/\/artes-valve.com\/karriere\/\"},{\"@type\":\"ListItem\",\"position\":3,\"name\":\"Stellenangebot: Konstrukteur (m\/w\/d)\"}]},{\"@type\":\"WebSite\",\"@id\":\"https:\/\/artes-valve.com\/#website\",\"url\":\"https:\/\/artes-valve.com\/\",\"name\":\"ARTES Valve &amp; Service GmbH\",\"description\":\"La soluci\u00f3n perfecta para regulaci\u00f3n y control\",\"publisher\":{\"@id\":\"https:\/\/artes-valve.com\/#organization\"},\"alternateName\":\"ARTES Valve & Service GmbH\",\"potentialAction\":[{\"@type\":\"SearchAction\",\"target\":{\"@type\":\"EntryPoint\",\"urlTemplate\":\"https:\/\/artes-valve.com\/?s={search_term_string}\"},\"query-input\":{\"@type\":\"PropertyValueSpecification\",\"valueRequired\":true,\"valueName\":\"search_term_string\"}}],\"inLanguage\":\"es-ES\"},{\"@type\":\"Organization\",\"@id\":\"https:\/\/artes-valve.com\/#organization\",\"name\":\"ARTES Valve & Service GmbH\",\"url\":\"https:\/\/artes-valve.com\/\",\"logo\":{\"@type\":\"ImageObject\",\"inLanguage\":\"es-ES\",\"@id\":\"https:\/\/artes-valve.com\/#\/schema\/logo\/image\/\",\"url\":\"https:\/\/artes-valve.com\/wp-content\/uploads\/2018\/12\/artes-logo-600px.png\",\"contentUrl\":\"https:\/\/artes-valve.com\/wp-content\/uploads\/2018\/12\/artes-logo-600px.png\",\"width\":600,\"height\":184,\"caption\":\"ARTES Valve & Service GmbH\"},\"image\":{\"@id\":\"https:\/\/artes-valve.com\/#\/schema\/logo\/image\/\"}}]}<\/script>\n<!-- \/ Yoast SEO Premium plugin. -->","yoast_head_json":{"title":"Stellenangebot: Konstrukteur (m\/w\/d) | ARTES Valve &amp; Service GmbH","robots":{"index":"index","follow":"follow","max-snippet":"max-snippet:-1","max-image-preview":"max-image-preview:large","max-video-preview":"max-video-preview:-1"},"canonical":"https:\/\/artes-valve.com\/karriere\/stellenangebot-konstrukteur-m-w-d\/","og_locale":"es_ES","og_type":"article","og_title":"Stellenangebot: Konstrukteur (m\/w\/d) | ARTES Valve &amp; Service GmbH","og_url":"https:\/\/artes-valve.com\/karriere\/stellenangebot-konstrukteur-m-w-d\/","og_site_name":"ARTES Valve &amp; Service GmbH","article_modified_time":"2024-08-14T14:09:59+00:00","twitter_card":"summary_large_image","twitter_misc":{"Est. reading time":"2 minutes"},"schema":{"@context":"https:\/\/schema.org","@graph":[{"@type":"WebPage","@id":"https:\/\/artes-valve.com\/karriere\/stellenangebot-konstrukteur-m-w-d\/","url":"https:\/\/artes-valve.com\/karriere\/stellenangebot-konstrukteur-m-w-d\/","name":"Stellenangebot: Konstrukteur (m\/w\/d) | ARTES Valve &amp; Service GmbH","isPartOf":{"@id":"https:\/\/artes-valve.com\/#website"},"datePublished":"2024-08-14T13:36:32+00:00","dateModified":"2024-08-14T14:09:59+00:00","description":"ARTES Valve & Service GmbH entwickelt, konstruiert und fertigt Drei-Wege- oder Regelkugel-Ventile, Einspritzk\u00fchler, Dampfumformstationen.","breadcrumb":{"@id":"https:\/\/artes-valve.com\/karriere\/stellenangebot-konstrukteur-m-w-d\/#breadcrumb"},"inLanguage":"es-ES","potentialAction":[{"@type":"ReadAction","target":["https:\/\/artes-valve.com\/karriere\/stellenangebot-konstrukteur-m-w-d\/"]}]},{"@type":"BreadcrumbList","@id":"https:\/\/artes-valve.com\/karriere\/stellenangebot-konstrukteur-m-w-d\/#breadcrumb","itemListElement":[{"@type":"ListItem","position":1,"name":"Startseite","item":"https:\/\/artes-valve.com\/"},{"@type":"ListItem","position":2,"name":"Ihre Karriere bei der ARTES Valve &amp; Service GmbH","item":"https:\/\/artes-valve.com\/karriere\/"},{"@type":"ListItem","position":3,"name":"Stellenangebot: Konstrukteur (m\/w\/d)"}]},{"@type":"WebSite","@id":"https:\/\/artes-valve.com\/#website","url":"https:\/\/artes-valve.com\/","name":"ARTES Valve &amp; Service GmbH","description":"La soluci\u00f3n perfecta para regulaci\u00f3n y control","publisher":{"@id":"https:\/\/artes-valve.com\/#organization"},"alternateName":"ARTES Valve & Service GmbH","potentialAction":[{"@type":"SearchAction","target":{"@type":"EntryPoint","urlTemplate":"https:\/\/artes-valve.com\/?s={search_term_string}"},"query-input":{"@type":"PropertyValueSpecification","valueRequired":true,"valueName":"search_term_string"}}],"inLanguage":"es-ES"},{"@type":"Organization","@id":"https:\/\/artes-valve.com\/#organization","name":"ARTES Valve & Service GmbH","url":"https:\/\/artes-valve.com\/","logo":{"@type":"ImageObject","inLanguage":"es-ES","@id":"https:\/\/artes-valve.com\/#\/schema\/logo\/image\/","url":"https:\/\/artes-valve.com\/wp-content\/uploads\/2018\/12\/artes-logo-600px.png","contentUrl":"https:\/\/artes-valve.com\/wp-content\/uploads\/2018\/12\/artes-logo-600px.png","width":600,"height":184,"caption":"ARTES Valve & Service GmbH"},"image":{"@id":"https:\/\/artes-valve.com\/#\/schema\/logo\/image\/"}}]}},"_links":{"self":[{"href":"https:\/\/artes-valve.com\/es\/wp-json\/wp\/v2\/pages\/6076","targetHints":{"allow":["GET"]}}],"collection":[{"href":"https:\/\/artes-valve.com\/es\/wp-json\/wp\/v2\/pages"}],"about":[{"href":"https:\/\/artes-valve.com\/es\/wp-json\/wp\/v2\/types\/page"}],"author":[{"embeddable":true,"href":"https:\/\/artes-valve.com\/es\/wp-json\/wp\/v2\/users\/1"}],"replies":[{"embeddable":true,"href":"https:\/\/artes-valve.com\/es\/wp-json\/wp\/v2\/comments?post=6076"}],"version-history":[{"count":10,"href":"https:\/\/artes-valve.com\/es\/wp-json\/wp\/v2\/pages\/6076\/revisions"}],"predecessor-version":[{"id":6089,"href":"https:\/\/artes-valve.com\/es\/wp-json\/wp\/v2\/pages\/6076\/revisions\/6089"}],"up":[{"embeddable":true,"href":"https:\/\/artes-valve.com\/es\/wp-json\/wp\/v2\/pages\/240"}],"wp:attachment":[{"href":"https:\/\/artes-valve.com\/es\/wp-json\/wp\/v2\/media?parent=6076"}],"curies":[{"name":"wp","href":"https:\/\/api.w.org\/{rel}","templated":true}]}}