{"id":52,"date":"2019-01-21T08:25:11","date_gmt":"2019-01-21T07:25:11","guid":{"rendered":"https:\/\/artes-valve.de\/?page_id=52"},"modified":"2025-08-04T17:10:56","modified_gmt":"2025-08-04T15:10:56","slug":"impressum","status":"publish","type":"page","link":"https:\/\/artes-valve.com\/es\/rechtliches\/impressum\/","title":{"rendered":"Imprenta"},"content":{"rendered":"\n<p>ARTES Valve &amp; Service GmbH<br>Parkallee 7<br>16727 Velten<\/p>\n\n\n\n<h4 class=\"wp-block-heading\" id=\"h-representada-por\"><strong>Representada por:<\/strong><\/h4>\n\n\n\n<p>representada por los gerentes Dipl. Ing. Johannes Fliegen, Dipl. Ing. Horst J\u00e4kel<\/p>\n\n\n\n<h4 class=\"wp-block-heading\" id=\"h-contacto\"><strong>Contacto:<\/strong><\/h4>\n\n\n\n<p>Tel\u00e9fono: +49 (0)3304\/24724-10<br>Fax: +49 (0)3304\/24724-99<br>Correo electr\u00f3nico: info@artes-valve.de<\/p>\n\n\n\n<h4 class=\"wp-block-heading\" id=\"h-inscripcion-en-el-registro\"><strong>Inscripci\u00f3n en el registro:<\/strong><\/h4>\n\n\n\n<p>Inscripci\u00f3n en el registro mercantil. <br>Tribunal del registro: tribunal de distrito de Neuruppin <br>N\u00famero de registro: HRB 11372<strong><br><\/strong><\/p>\n\n\n\n<h4 class=\"wp-block-heading\" id=\"h-identificacion-fiscal\"><strong>Identificaci\u00f3n fiscal:<\/strong><\/h4>\n\n\n\n<p>N\u00famero de identificaci\u00f3n fiscal con arreglo a \u00a727 a de la ley alemana del impuesto sobre el volumen de negocio: DE 813967760<\/p>\n\n\n\n<h4 class=\"wp-block-heading\" id=\"h-resolucion-de-disputas\"><strong>Resoluci\u00f3n de disputas<\/strong><\/h4>\n\n\n\n<p>No estamos dispuestos u obligados a participar en procedimientos de resoluci\u00f3n de disputas ante un \u00f3rgano de arbitraje de consumidores.<\/p>\n\n\n\n<h4 class=\"wp-block-heading\" id=\"h-estructura-plantillas-y-contenido-del-sitio\"><strong>Estructura, plantillas y contenido del sitio:<\/strong><\/h4>\n\n\n\n<p>mt.media Matthias Thiel, Berlin<br>Tel.: +49 171 210 21 80<br><a aria-label=\" (\u00f6ffnet in neuem Tab)\" href=\"https:\/\/mtmedia.de\/\" target=\"_blank\" rel=\"noreferrer noopener\">www.mtmedia.de<\/a><\/p>\n\n\n\n<h4 class=\"wp-block-heading\" id=\"h-fotografia\"><strong>Fotografia:<\/strong><\/h4>\n\n\n\n<p>\u00a9 ARTES Valve &amp; Service GmbH<br>Slider gallery: \u00a9 Vattenfall<\/p>\n","protected":false},"excerpt":{"rendered":"<p>ARTES Valve &amp; Service GmbHParkallee 716727 Velten Representada por: representada por los gerentes Dipl. Ing. Johannes Fliegen, Dipl. Ing. Horst J\u00e4kel Contacto: Tel\u00e9fono: +49 (0)3304\/24724-10Fax: +49 (0)3304\/24724-99Correo electr\u00f3nico: info@artes-valve.de Inscripci\u00f3n en el registro: Inscripci\u00f3n en el registro mercantil. Tribunal del registro: tribunal de distrito de Neuruppin N\u00famero de registro: HRB [\u2026] <\/p>\n<div class=\"clear\"><\/div>\n<p><a class=\"more_link clearfix\" href=\"https:\/\/artes-valve.com\/es\/rechtliches\/impressum\/\" rel=\"nofollow\">Read More &rarr;<\/a><\/p>\n","protected":false},"author":1,"featured_media":0,"parent":50,"menu_order":91,"comment_status":"closed","ping_status":"closed","template":"templates\/full-width.php","meta":{"footnotes":""},"class_list":["post-52","page","type-page","status-publish","hentry"],"translation":{"provider":"WPGlobus","version":"3.0.2","language":"es","enabled_languages":["de","en","es"],"languages":{"de":{"title":true,"content":true,"excerpt":false},"en":{"title":true,"content":true,"excerpt":false},"es":{"title":true,"content":true,"excerpt":false}}},"yoast_head":"<!-- This site is optimized with the Yoast SEO Premium plugin v27.2 (Yoast SEO v27.2) - https:\/\/yoast.com\/product\/yoast-seo-premium-wordpress\/ -->\n<title>Imprenta | ARTES Valve &amp; Service GmbH<\/title>\n<meta name=\"robots\" content=\"index, follow, max-snippet:-1, max-image-preview:large, max-video-preview:-1\" \/>\n<link rel=\"canonical\" href=\"https:\/\/artes-valve.com\/rechtliches\/impressum\/\" \/>\n<meta property=\"og:locale\" content=\"es_ES\" \/>\n<meta property=\"og:type\" content=\"article\" \/>\n<meta property=\"og:title\" content=\"Imprenta | ARTES Valve &amp; Service GmbH\" \/>\n<meta property=\"og:url\" content=\"https:\/\/artes-valve.com\/rechtliches\/impressum\/\" \/>\n<meta property=\"og:site_name\" content=\"ARTES Valve &amp; Service GmbH\" \/>\n<meta property=\"article:modified_time\" content=\"2025-08-04T15:10:56+00:00\" \/>\n<meta name=\"twitter:card\" content=\"summary_large_image\" \/>\n<meta name=\"twitter:label1\" content=\"Est. reading time\" \/>\n\t<meta name=\"twitter:data1\" content=\"1 minute\" \/>\n<script type=\"application\/ld+json\" class=\"yoast-schema-graph\">{\"@context\":\"https:\/\/schema.org\",\"@graph\":[{\"@type\":\"WebPage\",\"@id\":\"https:\/\/artes-valve.com\/rechtliches\/impressum\/\",\"url\":\"https:\/\/artes-valve.com\/rechtliches\/impressum\/\",\"name\":\"Imprenta | ARTES Valve &amp; Service GmbH\",\"isPartOf\":{\"@id\":\"https:\/\/artes-valve.com\/#website\"},\"datePublished\":\"2019-01-21T07:25:11+00:00\",\"dateModified\":\"2025-08-04T15:10:56+00:00\",\"description\":\"ARTES Valve & Service GmbH entwickelt, konstruiert und fertigt Spezialarmaturen f\u00fcr die Erd\u00f6l- und Erdgas-Industrie, die Kraftwerksbranche sowie den Anlagenbau: Drei-Wege- oder Regelkugel-Ventile, Einspritzk\u00fchler, Dampfumformstationen.\",\"breadcrumb\":{\"@id\":\"https:\/\/artes-valve.com\/rechtliches\/impressum\/#breadcrumb\"},\"inLanguage\":\"es-ES\",\"potentialAction\":[{\"@type\":\"ReadAction\",\"target\":[\"https:\/\/artes-valve.com\/rechtliches\/impressum\/\"]}]},{\"@type\":\"BreadcrumbList\",\"@id\":\"https:\/\/artes-valve.com\/rechtliches\/impressum\/#breadcrumb\",\"itemListElement\":[{\"@type\":\"ListItem\",\"position\":1,\"name\":\"Startseite\",\"item\":\"https:\/\/artes-valve.com\/\"},{\"@type\":\"ListItem\",\"position\":2,\"name\":\"Rechtliches\",\"item\":\"https:\/\/artes-valve.com\/ru\/rechtliches\/\"},{\"@type\":\"ListItem\",\"position\":3,\"name\":\"Impressum\"}]},{\"@type\":\"WebSite\",\"@id\":\"https:\/\/artes-valve.com\/#website\",\"url\":\"https:\/\/artes-valve.com\/\",\"name\":\"ARTES Valve &amp; Service GmbH\",\"description\":\"La soluci\u00f3n perfecta para regulaci\u00f3n y control\",\"publisher\":{\"@id\":\"https:\/\/artes-valve.com\/#organization\"},\"alternateName\":\"ARTES Valve & Service GmbH\",\"potentialAction\":[{\"@type\":\"SearchAction\",\"target\":{\"@type\":\"EntryPoint\",\"urlTemplate\":\"https:\/\/artes-valve.com\/?s={search_term_string}\"},\"query-input\":{\"@type\":\"PropertyValueSpecification\",\"valueRequired\":true,\"valueName\":\"search_term_string\"}}],\"inLanguage\":\"es-ES\"},{\"@type\":\"Organization\",\"@id\":\"https:\/\/artes-valve.com\/#organization\",\"name\":\"ARTES Valve & Service GmbH\",\"url\":\"https:\/\/artes-valve.com\/\",\"logo\":{\"@type\":\"ImageObject\",\"inLanguage\":\"es-ES\",\"@id\":\"https:\/\/artes-valve.com\/#\/schema\/logo\/image\/\",\"url\":\"https:\/\/artes-valve.com\/wp-content\/uploads\/2018\/12\/artes-logo-600px.png\",\"contentUrl\":\"https:\/\/artes-valve.com\/wp-content\/uploads\/2018\/12\/artes-logo-600px.png\",\"width\":600,\"height\":184,\"caption\":\"ARTES Valve & Service GmbH\"},\"image\":{\"@id\":\"https:\/\/artes-valve.com\/#\/schema\/logo\/image\/\"}}]}<\/script>\n<!-- \/ Yoast SEO Premium plugin. -->","yoast_head_json":{"title":"Imprenta | ARTES Valve &amp; Service GmbH","robots":{"index":"index","follow":"follow","max-snippet":"max-snippet:-1","max-image-preview":"max-image-preview:large","max-video-preview":"max-video-preview:-1"},"canonical":"https:\/\/artes-valve.com\/rechtliches\/impressum\/","og_locale":"es_ES","og_type":"article","og_title":"Imprenta | ARTES Valve &amp; Service GmbH","og_url":"https:\/\/artes-valve.com\/rechtliches\/impressum\/","og_site_name":"ARTES Valve &amp; Service GmbH","article_modified_time":"2025-08-04T15:10:56+00:00","twitter_card":"summary_large_image","twitter_misc":{"Est. reading time":"1 minute"},"schema":{"@context":"https:\/\/schema.org","@graph":[{"@type":"WebPage","@id":"https:\/\/artes-valve.com\/rechtliches\/impressum\/","url":"https:\/\/artes-valve.com\/rechtliches\/impressum\/","name":"Imprenta | ARTES Valve &amp; Service GmbH","isPartOf":{"@id":"https:\/\/artes-valve.com\/#website"},"datePublished":"2019-01-21T07:25:11+00:00","dateModified":"2025-08-04T15:10:56+00:00","description":"ARTES Valve & Service GmbH entwickelt, konstruiert und fertigt Spezialarmaturen f\u00fcr die Erd\u00f6l- und Erdgas-Industrie, die Kraftwerksbranche sowie den Anlagenbau: Drei-Wege- oder Regelkugel-Ventile, Einspritzk\u00fchler, Dampfumformstationen.","breadcrumb":{"@id":"https:\/\/artes-valve.com\/rechtliches\/impressum\/#breadcrumb"},"inLanguage":"es-ES","potentialAction":[{"@type":"ReadAction","target":["https:\/\/artes-valve.com\/rechtliches\/impressum\/"]}]},{"@type":"BreadcrumbList","@id":"https:\/\/artes-valve.com\/rechtliches\/impressum\/#breadcrumb","itemListElement":[{"@type":"ListItem","position":1,"name":"Startseite","item":"https:\/\/artes-valve.com\/"},{"@type":"ListItem","position":2,"name":"Rechtliches","item":"https:\/\/artes-valve.com\/ru\/rechtliches\/"},{"@type":"ListItem","position":3,"name":"Impressum"}]},{"@type":"WebSite","@id":"https:\/\/artes-valve.com\/#website","url":"https:\/\/artes-valve.com\/","name":"ARTES Valve &amp; Service GmbH","description":"La soluci\u00f3n perfecta para regulaci\u00f3n y control","publisher":{"@id":"https:\/\/artes-valve.com\/#organization"},"alternateName":"ARTES Valve & Service GmbH","potentialAction":[{"@type":"SearchAction","target":{"@type":"EntryPoint","urlTemplate":"https:\/\/artes-valve.com\/?s={search_term_string}"},"query-input":{"@type":"PropertyValueSpecification","valueRequired":true,"valueName":"search_term_string"}}],"inLanguage":"es-ES"},{"@type":"Organization","@id":"https:\/\/artes-valve.com\/#organization","name":"ARTES Valve & Service GmbH","url":"https:\/\/artes-valve.com\/","logo":{"@type":"ImageObject","inLanguage":"es-ES","@id":"https:\/\/artes-valve.com\/#\/schema\/logo\/image\/","url":"https:\/\/artes-valve.com\/wp-content\/uploads\/2018\/12\/artes-logo-600px.png","contentUrl":"https:\/\/artes-valve.com\/wp-content\/uploads\/2018\/12\/artes-logo-600px.png","width":600,"height":184,"caption":"ARTES Valve & Service GmbH"},"image":{"@id":"https:\/\/artes-valve.com\/#\/schema\/logo\/image\/"}}]}},"_links":{"self":[{"href":"https:\/\/artes-valve.com\/es\/wp-json\/wp\/v2\/pages\/52","targetHints":{"allow":["GET"]}}],"collection":[{"href":"https:\/\/artes-valve.com\/es\/wp-json\/wp\/v2\/pages"}],"about":[{"href":"https:\/\/artes-valve.com\/es\/wp-json\/wp\/v2\/types\/page"}],"author":[{"embeddable":true,"href":"https:\/\/artes-valve.com\/es\/wp-json\/wp\/v2\/users\/1"}],"replies":[{"embeddable":true,"href":"https:\/\/artes-valve.com\/es\/wp-json\/wp\/v2\/comments?post=52"}],"version-history":[{"count":26,"href":"https:\/\/artes-valve.com\/es\/wp-json\/wp\/v2\/pages\/52\/revisions"}],"predecessor-version":[{"id":7218,"href":"https:\/\/artes-valve.com\/es\/wp-json\/wp\/v2\/pages\/52\/revisions\/7218"}],"up":[{"embeddable":true,"href":"https:\/\/artes-valve.com\/es\/wp-json\/wp\/v2\/pages\/50"}],"wp:attachment":[{"href":"https:\/\/artes-valve.com\/es\/wp-json\/wp\/v2\/media?parent=52"}],"curies":[{"name":"wp","href":"https:\/\/api.w.org\/{rel}","templated":true}]}}