{"id":38,"date":"2019-01-21T08:12:14","date_gmt":"2019-01-21T07:12:14","guid":{"rendered":"https:\/\/artes-valve.de\/?page_id=38"},"modified":"2024-07-16T14:00:17","modified_gmt":"2024-07-16T12:00:17","slug":"produkte","status":"publish","type":"page","link":"https:\/\/artes-valve.com\/es\/produkte\/","title":{"rendered":"Productos de ARTES Valve &#038; Service GmbH"},"content":{"rendered":"\n<p>Nuestras v\u00e1lvula de control son personalizadas acorde a cada pedido.<\/p>\n\n\n\n<p>Con el uso de acero forjado aseguramos tiempos de entrega  cortos y confiables. Selecci\u00f3n de materiales acorde a la directiva de  Equipos de Presi\u00f3n DGRL 2014\/68\/EU o ANSI\/ASME, pudiendo utilizar otros  tipos materiales internacionales a pedido del cliente.<\/p>\n\n\n\n<p>Para cada uno de nuestros productos tiene a su disposici\u00f3n un broschure de informaci\u00f3n descargable. <\/p>\n\n\n\n<p>Nuestros expertos en ventas estar\u00e1n encantados de asesorarle sobre sus necesidades espec\u00edficas.<\/p>\n","protected":false},"excerpt":{"rendered":"<p>Nuestras v\u00e1lvula de control son personalizadas acorde a cada pedido. Con el uso de acero forjado aseguramos tiempos de entrega cortos y confiables. Selecci\u00f3n de materiales acorde a la directiva de Equipos de Presi\u00f3n DGRL 2014\/68\/EU o ANSI\/ASME, pudiendo utilizar otros tipos materiales internacionales a pedido del cliente. Para cada [\u2026] <\/p>\n<div class=\"clear\"><\/div>\n<p><a class=\"more_link clearfix\" href=\"https:\/\/artes-valve.com\/es\/produkte\/\" rel=\"nofollow\">Read More &rarr;<\/a><\/p>\n","protected":false},"author":1,"featured_media":0,"parent":0,"menu_order":20,"comment_status":"closed","ping_status":"closed","template":"templates\/homepage-builder.php","meta":{"footnotes":""},"class_list":["post-38","page","type-page","status-publish","hentry"],"translation":{"provider":"WPGlobus","version":"3.0.2","language":"es","enabled_languages":["de","en","es"],"languages":{"de":{"title":true,"content":true,"excerpt":false},"en":{"title":true,"content":true,"excerpt":false},"es":{"title":true,"content":true,"excerpt":false}}},"yoast_head":"<!-- This site is optimized with the Yoast SEO Premium plugin v27.2 (Yoast SEO v27.2) - https:\/\/yoast.com\/product\/yoast-seo-premium-wordpress\/ -->\n<title>Productos de ARTES Valve &amp; Service GmbH | ARTES Valve &amp; Service GmbH<\/title>\n<meta name=\"robots\" content=\"index, follow, max-snippet:-1, max-image-preview:large, max-video-preview:-1\" \/>\n<link rel=\"canonical\" href=\"https:\/\/artes-valve.com\/produkte\/\" \/>\n<meta property=\"og:locale\" content=\"es_ES\" \/>\n<meta property=\"og:type\" content=\"article\" \/>\n<meta property=\"og:title\" content=\"Productos de ARTES Valve &amp; Service GmbH | ARTES Valve &amp; Service GmbH\" \/>\n<meta property=\"og:url\" content=\"https:\/\/artes-valve.com\/produkte\/\" \/>\n<meta property=\"og:site_name\" content=\"ARTES Valve &amp; Service GmbH\" \/>\n<meta property=\"article:modified_time\" content=\"2024-07-16T12:00:17+00:00\" \/>\n<meta name=\"twitter:card\" content=\"summary_large_image\" \/>\n<meta name=\"twitter:label1\" content=\"Est. reading time\" \/>\n\t<meta name=\"twitter:data1\" content=\"1 minute\" \/>\n<script type=\"application\/ld+json\" class=\"yoast-schema-graph\">{\"@context\":\"https:\/\/schema.org\",\"@graph\":[{\"@type\":\"WebPage\",\"@id\":\"https:\/\/artes-valve.com\/produkte\/\",\"url\":\"https:\/\/artes-valve.com\/produkte\/\",\"name\":\"Productos de ARTES Valve & Service GmbH | ARTES Valve &amp; Service GmbH\",\"isPartOf\":{\"@id\":\"https:\/\/artes-valve.com\/#website\"},\"datePublished\":\"2019-01-21T07:12:14+00:00\",\"dateModified\":\"2024-07-16T12:00:17+00:00\",\"description\":\"ARTES Valve & Service GmbH entwickelt, konstruiert und fertigt Spezialarmaturen f\u00fcr die Erd\u00f6l- und Erdgas-Industrie, die Kraftwerksbranche sowie den Anlagenbau: Drei-Wege- oder Regelkugel-Ventile, Einspritzk\u00fchler, Dampfumformstationen.\",\"breadcrumb\":{\"@id\":\"https:\/\/artes-valve.com\/produkte\/#breadcrumb\"},\"inLanguage\":\"es-ES\",\"potentialAction\":[{\"@type\":\"ReadAction\",\"target\":[\"https:\/\/artes-valve.com\/produkte\/\"]}]},{\"@type\":\"BreadcrumbList\",\"@id\":\"https:\/\/artes-valve.com\/produkte\/#breadcrumb\",\"itemListElement\":[{\"@type\":\"ListItem\",\"position\":1,\"name\":\"Startseite\",\"item\":\"https:\/\/artes-valve.com\/\"},{\"@type\":\"ListItem\",\"position\":2,\"name\":\"Produkte der ARTES Valve &#038; Service GmbH\"}]},{\"@type\":\"WebSite\",\"@id\":\"https:\/\/artes-valve.com\/#website\",\"url\":\"https:\/\/artes-valve.com\/\",\"name\":\"ARTES Valve &amp; Service GmbH\",\"description\":\"La soluci\u00f3n perfecta para regulaci\u00f3n y control\",\"publisher\":{\"@id\":\"https:\/\/artes-valve.com\/#organization\"},\"alternateName\":\"ARTES Valve & Service GmbH\",\"potentialAction\":[{\"@type\":\"SearchAction\",\"target\":{\"@type\":\"EntryPoint\",\"urlTemplate\":\"https:\/\/artes-valve.com\/?s={search_term_string}\"},\"query-input\":{\"@type\":\"PropertyValueSpecification\",\"valueRequired\":true,\"valueName\":\"search_term_string\"}}],\"inLanguage\":\"es-ES\"},{\"@type\":\"Organization\",\"@id\":\"https:\/\/artes-valve.com\/#organization\",\"name\":\"ARTES Valve & Service GmbH\",\"url\":\"https:\/\/artes-valve.com\/\",\"logo\":{\"@type\":\"ImageObject\",\"inLanguage\":\"es-ES\",\"@id\":\"https:\/\/artes-valve.com\/#\/schema\/logo\/image\/\",\"url\":\"https:\/\/artes-valve.com\/wp-content\/uploads\/2018\/12\/artes-logo-600px.png\",\"contentUrl\":\"https:\/\/artes-valve.com\/wp-content\/uploads\/2018\/12\/artes-logo-600px.png\",\"width\":600,\"height\":184,\"caption\":\"ARTES Valve & Service GmbH\"},\"image\":{\"@id\":\"https:\/\/artes-valve.com\/#\/schema\/logo\/image\/\"}}]}<\/script>\n<!-- \/ Yoast SEO Premium plugin. -->","yoast_head_json":{"title":"Productos de ARTES Valve & Service GmbH | ARTES Valve &amp; Service GmbH","robots":{"index":"index","follow":"follow","max-snippet":"max-snippet:-1","max-image-preview":"max-image-preview:large","max-video-preview":"max-video-preview:-1"},"canonical":"https:\/\/artes-valve.com\/produkte\/","og_locale":"es_ES","og_type":"article","og_title":"Productos de ARTES Valve & Service GmbH | ARTES Valve &amp; Service GmbH","og_url":"https:\/\/artes-valve.com\/produkte\/","og_site_name":"ARTES Valve &amp; Service GmbH","article_modified_time":"2024-07-16T12:00:17+00:00","twitter_card":"summary_large_image","twitter_misc":{"Est. reading time":"1 minute"},"schema":{"@context":"https:\/\/schema.org","@graph":[{"@type":"WebPage","@id":"https:\/\/artes-valve.com\/produkte\/","url":"https:\/\/artes-valve.com\/produkte\/","name":"Productos de ARTES Valve & Service GmbH | ARTES Valve &amp; Service GmbH","isPartOf":{"@id":"https:\/\/artes-valve.com\/#website"},"datePublished":"2019-01-21T07:12:14+00:00","dateModified":"2024-07-16T12:00:17+00:00","description":"ARTES Valve & Service GmbH entwickelt, konstruiert und fertigt Spezialarmaturen f\u00fcr die Erd\u00f6l- und Erdgas-Industrie, die Kraftwerksbranche sowie den Anlagenbau: Drei-Wege- oder Regelkugel-Ventile, Einspritzk\u00fchler, Dampfumformstationen.","breadcrumb":{"@id":"https:\/\/artes-valve.com\/produkte\/#breadcrumb"},"inLanguage":"es-ES","potentialAction":[{"@type":"ReadAction","target":["https:\/\/artes-valve.com\/produkte\/"]}]},{"@type":"BreadcrumbList","@id":"https:\/\/artes-valve.com\/produkte\/#breadcrumb","itemListElement":[{"@type":"ListItem","position":1,"name":"Startseite","item":"https:\/\/artes-valve.com\/"},{"@type":"ListItem","position":2,"name":"Produkte der ARTES Valve &#038; Service GmbH"}]},{"@type":"WebSite","@id":"https:\/\/artes-valve.com\/#website","url":"https:\/\/artes-valve.com\/","name":"ARTES Valve &amp; Service GmbH","description":"La soluci\u00f3n perfecta para regulaci\u00f3n y control","publisher":{"@id":"https:\/\/artes-valve.com\/#organization"},"alternateName":"ARTES Valve & Service GmbH","potentialAction":[{"@type":"SearchAction","target":{"@type":"EntryPoint","urlTemplate":"https:\/\/artes-valve.com\/?s={search_term_string}"},"query-input":{"@type":"PropertyValueSpecification","valueRequired":true,"valueName":"search_term_string"}}],"inLanguage":"es-ES"},{"@type":"Organization","@id":"https:\/\/artes-valve.com\/#organization","name":"ARTES Valve & Service GmbH","url":"https:\/\/artes-valve.com\/","logo":{"@type":"ImageObject","inLanguage":"es-ES","@id":"https:\/\/artes-valve.com\/#\/schema\/logo\/image\/","url":"https:\/\/artes-valve.com\/wp-content\/uploads\/2018\/12\/artes-logo-600px.png","contentUrl":"https:\/\/artes-valve.com\/wp-content\/uploads\/2018\/12\/artes-logo-600px.png","width":600,"height":184,"caption":"ARTES Valve & Service GmbH"},"image":{"@id":"https:\/\/artes-valve.com\/#\/schema\/logo\/image\/"}}]}},"_links":{"self":[{"href":"https:\/\/artes-valve.com\/es\/wp-json\/wp\/v2\/pages\/38","targetHints":{"allow":["GET"]}}],"collection":[{"href":"https:\/\/artes-valve.com\/es\/wp-json\/wp\/v2\/pages"}],"about":[{"href":"https:\/\/artes-valve.com\/es\/wp-json\/wp\/v2\/types\/page"}],"author":[{"embeddable":true,"href":"https:\/\/artes-valve.com\/es\/wp-json\/wp\/v2\/users\/1"}],"replies":[{"embeddable":true,"href":"https:\/\/artes-valve.com\/es\/wp-json\/wp\/v2\/comments?post=38"}],"version-history":[{"count":16,"href":"https:\/\/artes-valve.com\/es\/wp-json\/wp\/v2\/pages\/38\/revisions"}],"predecessor-version":[{"id":6008,"href":"https:\/\/artes-valve.com\/es\/wp-json\/wp\/v2\/pages\/38\/revisions\/6008"}],"wp:attachment":[{"href":"https:\/\/artes-valve.com\/es\/wp-json\/wp\/v2\/media?parent=38"}],"curies":[{"name":"wp","href":"https:\/\/api.w.org\/{rel}","templated":true}]}}