{"id":216,"date":"2019-01-21T13:59:42","date_gmt":"2019-01-21T12:59:42","guid":{"rendered":"https:\/\/artes-valve.de\/?page_id=216"},"modified":"2025-10-07T10:12:46","modified_gmt":"2025-10-07T08:12:46","slug":"armaturenservice","status":"publish","type":"page","link":"https:\/\/artes-valve.com\/es\/service\/armaturenservice\/","title":{"rendered":"Servicio T\u00e9cnico"},"content":{"rendered":"\r\n<p>Somos su socio ideal cuando se trata de reparar y mantener v\u00e1lvulas. Para los trabajos de mantenimiento en planta garantizamos tiempos de reacci\u00f3n cortos, confiabilidad, flexibilidad, personal altamente calificado y competente. Contamos con containers de trabajo y unidades m\u00f3viles de equipos para los trabajos de mantenimineto en planta.<\/p>\r\n\r\n\r\n\r\n<p>Le brindamos el servicio de asesor\u00eda t\u00e9cnica en el planeamiento de paradas de mantenimiento as\u00ed como en revisiones futuras.<\/p>\r\n\r\n\r\n\r\n<h4 class=\"wp-block-heading\"><strong>Nuestros Servicios de Mantenimiento<\/strong><\/h4>\r\n\r\n\r\n\r\n<ul class=\"wp-block-list\">\r\n<li>Servicio en planta (in situ) las 24 hrs para todas las marcas<br \/>\u2013 Extracci\u00f3n, reinstalaci\u00f3n y sustituci\u00f3n de v\u00e1lvulas<br \/>\u2013 Renovaci\u00f3n a fondo de v\u00e1lvulas de todo tipo<br \/>\u2013 Trabajos de soldadura en v\u00e1lvulas<br \/>\u2013 Fabricaci\u00f3n de recambios<br \/>\u2013 Servicio y confecci\u00f3n de empaquetaduras<br \/>\u2013 Ensayos de materiales y controles de calidad (p. ej. Ensayos no destructivos, medici\u00f3n de componentes)<br \/>\u2013 Adquisici\u00f3n de repuestos y v\u00e1lvulas nuevas de todas las marcas<br \/>\u2013 Ajuste, reacondicionamiento e inspecciones de v\u00e1lvulas de seguridad<\/li>\r\n<\/ul>\r\n\r\n\r\n\r\n<ul class=\"wp-block-list\">\r\n<li>Servicio en nuestros talleres para todas las marcas<br \/>\u2013 Desmontaje y limpieza de v\u00e1lvulas<br \/>\u2013 Revisi\u00f3n de desgastes y da\u00f1os<br \/>\u2013 Sustituci\u00f3n de piezas averiadas<br \/>\u2013 Tratamiento de superficies de sellado<br \/>\u2013 Reacondicionamiento de v\u00e1lvulas por soldadura<br \/>\u2013 Fabricaci\u00f3n de repuestos<br \/>\u2013 Renovaci\u00f3n de empaques<br \/>\u2013 Empaquetaduras prensaestopas<br \/>\u2013 Ensamble de v\u00e1lvulas<br \/>\u2013 Inspecciones de estanqueidad y presi\u00f3n<br \/>\u2013 Protecci\u00f3n anticorrosiva de v\u00e1lvulas<\/li>\r\n<\/ul>\r\n\r\n\r\n\r\n<ul class=\"wp-block-list\">\r\n<li>Reparaci\u00f3n de actuadores (para todas las marcas)<\/li>\r\n<\/ul>\r\n<hr \/>\r\n<a  data-e-Disable-Page-Transition=\"true\" class=\"download-link\" title=\"Versi\u00f3n 2015 spanisch\" href=\"https:\/\/artes-valve.com\/es\/download\/888\/?tmstv=1776343757\" rel=\"nofollow\" id=\"download-link-888\" data-redirect=\"false\" >\n\tDescargar folleto: Servicio de asistencia para v\u00e1lvulas (PDF)\t(3793 descargas\t)\n<\/a>\n\r\n<hr \/>\r\n\t\n    <script src=\"https:\/\/ajax.googleapis.com\/ajax\/libs\/webfont\/1\/webfont.js\"><\/script>\n        <style>\n\t    #lbsp_1067 .lbsp_home_portfolio_caption h3,.lb-data .lb-caption\n\t    {\n\t    \tfont-family:Open Sans; \/\/ real name pass here\n\t    }\n\t    #lbsp_1067 .lbsp_home_portfolio_caption h3,.lb-data .lb-caption{\n\t        font-family:Open Sans; \/\/ real name pass here\n\t    }\n\n\t    #lbsp_1067 .b-link-fade .b-wrapper,#lbsp_1067 .b-link-fade .b-top-line{\n\t        background: rgba(0, 146, 212, 0.5);\n\t    }\n\t    #lbsp_1067 .b-link-flow .b-wrapper,#lbsp_1067 .b-link-flow .b-top-line{\n\t        background: rgba(0, 146, 212, 0.5);\n\t    }\n\t    #lbsp_1067 .b-link-stroke .b-top-line{\n\t        background: rgba(0, 146, 212, 0.5);\n\t    }\n\t    #lbsp_1067 .b-link-stroke .b-bottom-line{\n\t        background: rgba(0, 146, 212, 0.5);\n\t    }\n\n\t    #lbsp_1067 .b-link-box .b-top-line{\n\n\t        border: 16px solid rgba(0, 146, 212, 0.5);\n\t    }\n\t    #lbsp_1067 .b-link-box .b-bottom-line{\n\t        background: rgba(0, 146, 212, 0.5);\n\t    }\n\t    #lbsp_1067 .b-link-stripe .b-line{\n\t        background: rgba(0, 146, 212, 0.5);\n\t    }\n\t    #lbsp_1067 .b-link-apart-horisontal .b-top-line,#lbsp_1067 .b-link-apart-horisontal .b-top-line-up{\n\t        background: rgba(0, 146, 212, 0.5);\n\n\t    }\n\t    #lbsp_1067 .b-link-apart-horisontal .b-bottom-line,#lbsp_1067 .b-link-apart-horisontal .b-bottom-line-up{\n\t        background: rgba(0, 146, 212, 0.5);\n\t    }\n\t    #lbsp_1067 .b-link-apart-vertical .b-top-line,#lbsp_1067 .b-link-apart-vertical .b-top-line-up{\n\t        background: rgba(0, 146, 212, 0.5);\n\t    }\n\t    #lbsp_1067 .b-link-apart-vertical .b-bottom-line,#lbsp_1067 .b-link-apart-vertical .b-bottom-line-up{\n\t        background: rgba(0, 146, 212, 0.5);\n\t    }\n\t    #lbsp_1067 .b-link-diagonal .b-line{\n\t        background: rgba(0, 146, 212, 0.5);\n\t    }\n\n\t    #lbsp_1067 .b-wrapper{\n\t        font-family:Open Sans; \/\/ real name pass here\n\t    }\n\t    #lbsp_1067 .b-wrapper{\n\t        font-family:Open Sans; \/\/ real name pass here\n\t    }\n\t\t@media (min-width: 992px){\n\t\t\t#lbsp_1067 .col-md-6 {\n\t\t\t\twidth: 49.97% !important;\n\t\t\t}\n\t\t\t#lbsp_1067 .col-md-4 {\n\t\t\t\twidth: 33.30% !important;\n\t\t\t}\n\t\t\t#lbsp_1067 .col-md-3 {\n\t\t\t\twidth: 24.90% !important;\n\t\t\t}\n\t\t\t#lbsp_1067 .col-md-2 {\n\t\t\t\twidth: 16.60% !important;\n\t\t\t}\n\t\t}\n\t\t#lbsp_1067 .lbsp_home_portfolio_caption{\n\t\t\tbackground:#FFFFFF;\n\t\t}\n\t\t#lbsp_1067 .lbsp_home_portfolio_caption h3{\n\t\t\tcolor:#555555;\n\t\t}\n\t\t\t\t#lbsp_1067 i.fas.fa-camera {\n\t\t\tcolor:#eeee22!important;\n\t\t}\n\t\t\t\t#lbsp_1067 .img-box-shadow{\n\t\t\tbox-shadow: 0 0 6px rgba(0,0,0,.7);\n\t\t}\n\t\t\t\t.fnf{\n\t\t\tbackground-color: #ff000091;\n\t\t\tborder-radius: 5px;\n\t\t\tcolor: #fff;\n\t\t\tfont-family: initial;\n\t\t\ttext-align: center;\n\t\t\tpadding:4px;\n\t\t}\n\t\t    <\/style>\n\n    \n    <div  class=\"gal-container \" id=\"lbsp_1067\">\n\t\t\t\t\t<!--get the post id-->\n\t\t\t\t\t\t\t\t\t<div style=\"display:block;float:left\">\n\t\t\t\n\t\t\t\t<!--Gallery Title-->\n\t\t\t\t\t\t\t\t<div style=\"font-family:Open Sans; font-weight: bolder; padding-bottom:20px; border-bottom:2px solid #cccccc;margin-bottom: 20px\">\n\t\t\t\t\tServicio T\u00e9cnico\t\t\t\t<\/div>\n\t\t\t\t\t\t\t\t\n\t\t\t\t<div class=\"\">\n\t\t\t\t\t\t\t\t\t\t\t\t<div class=\"col-md-3 col-sm-6 wl-gallery\" >\n\t\t\t\t\t\t\t\t<div class=\"img-box-shadow\">\n\t\t\t\t\t\t\t\t\t\t\t\t\t\t\t\t\t<div class=\"b-link-fade b-animate-go\">\n\t\t\t\t\t\t\t\t\t\n\t\t\t\t\t\t\t\t\t\t<img decoding=\"async\" src=\"https:\/\/artes-valve.com\/wp-content\/uploads\/Service_Lichterfelde_1477px-400x400.jpg\" class=\"gall-img-responsive\" alt=\"ARTES Serviceteam vor Ort\">\n\t\t\t\t\t\t\t\t\t\t<div class=\"b-wrapper\">\n\t\t\t\t\t\t\t\t\t\t\t<p class=\"b-from-right b-animate b-delay03\">\n\t\t\t\t\t\t\t\t\t\t\t\t\t\t\t\t\t\t\t\t\t\t\t\t\t<a title=\"ARTES Serviceteam vor Ort\" class=\"fancybox_1067\" data-fancybox-group=\"gallery\"  href=\"https:\/\/artes-valve.com\/wp-content\/uploads\/Service_Lichterfelde_1477px.jpg\" style=\"color:#eeee22;\">\n\t\t\t\t\t\t\t\t\t\t\t\t\t\t<i class=\"fas fa-camera fa-4x\"><\/i>\n\t\t\t\t\t\t\t\t\t\t\t\t\t\t<img decoding=\"async\" src=\"https:\/\/artes-valve.com\/wp-content\/uploads\/Service_Lichterfelde_1477px-400x400.jpg\" class=\"gall-img-responsive\" style=\"display:none !important; visibility:hidden\" alt=\"ARTES Serviceteam vor Ort\">\n\t\t\t\t\t\t\t\t\t\t\t\t\t<\/a>\n\t\t\t\t\t\t\t\t\t\t\t\t\t\t\t\t\t\t\t\t\t\t\t\t<\/p>\n\t\t\t\t\t\t\t\t\t\t<\/div>\n\t\t\t\t\t\t\t\t\t<\/div>\t\n\t\t\t\t\t\t\t\t\t\t\t\t\t\t\t\t\t\t\t\n\t\t\t\t\t\t\t\t\t\t\t\t\t\t\t\t\t\t<!--Gallery Label-->\n\t\t\t\t\t\t\t\t\t\t\t\t\t\t\t\t\t<\/div>\n\t\t\t\t\t\t\t<\/div>\n\t\t\t\t\t\t\t\t\t\t\t\t\t\t<div class=\"col-md-3 col-sm-6 wl-gallery\" >\n\t\t\t\t\t\t\t\t<div class=\"img-box-shadow\">\n\t\t\t\t\t\t\t\t\t\t\t\t\t\t\t\t\t<div class=\"b-link-fade b-animate-go\">\n\t\t\t\t\t\t\t\t\t\n\t\t\t\t\t\t\t\t\t\t<img decoding=\"async\" src=\"https:\/\/artes-valve.com\/wp-content\/uploads\/schleifmaschine_MG_1581-400x400.jpg\" class=\"gall-img-responsive\" alt=\"Schleifarbeiten an ener Armatur\">\n\t\t\t\t\t\t\t\t\t\t<div class=\"b-wrapper\">\n\t\t\t\t\t\t\t\t\t\t\t<p class=\"b-from-right b-animate b-delay03\">\n\t\t\t\t\t\t\t\t\t\t\t\t\t\t\t\t\t\t\t\t\t\t\t\t\t<a title=\"Schleifarbeiten an ener Armatur\" class=\"fancybox_1067\" data-fancybox-group=\"gallery\"  href=\"https:\/\/artes-valve.com\/wp-content\/uploads\/schleifmaschine_MG_1581.jpg\" style=\"color:#eeee22;\">\n\t\t\t\t\t\t\t\t\t\t\t\t\t\t<i class=\"fas fa-camera fa-4x\"><\/i>\n\t\t\t\t\t\t\t\t\t\t\t\t\t\t<img decoding=\"async\" src=\"https:\/\/artes-valve.com\/wp-content\/uploads\/schleifmaschine_MG_1581-400x400.jpg\" class=\"gall-img-responsive\" style=\"display:none !important; visibility:hidden\" alt=\"Schleifarbeiten an ener Armatur\">\n\t\t\t\t\t\t\t\t\t\t\t\t\t<\/a>\n\t\t\t\t\t\t\t\t\t\t\t\t\t\t\t\t\t\t\t\t\t\t\t\t<\/p>\n\t\t\t\t\t\t\t\t\t\t<\/div>\n\t\t\t\t\t\t\t\t\t<\/div>\t\n\t\t\t\t\t\t\t\t\t\t\t\t\t\t\t\t\t\t\t\n\t\t\t\t\t\t\t\t\t\t\t\t\t\t\t\t\t\t<!--Gallery Label-->\n\t\t\t\t\t\t\t\t\t\t\t\t\t\t\t\t\t<\/div>\n\t\t\t\t\t\t\t<\/div>\n\t\t\t\t\t\t\t\t\t\t\t\t\t\t<div class=\"col-md-3 col-sm-6 wl-gallery\" >\n\t\t\t\t\t\t\t\t<div class=\"img-box-shadow\">\n\t\t\t\t\t\t\t\t\t\t\t\t\t\t\t\t\t<div class=\"b-link-fade b-animate-go\">\n\t\t\t\t\t\t\t\t\t\n\t\t\t\t\t\t\t\t\t\t<img decoding=\"async\" src=\"https:\/\/artes-valve.com\/wp-content\/uploads\/schieber_wartung_fertig-1080px-400x400.jpg\" class=\"gall-img-responsive\" alt=\"Wartung eines Schiebers abgeschlossen\">\n\t\t\t\t\t\t\t\t\t\t<div class=\"b-wrapper\">\n\t\t\t\t\t\t\t\t\t\t\t<p class=\"b-from-right b-animate b-delay03\">\n\t\t\t\t\t\t\t\t\t\t\t\t\t\t\t\t\t\t\t\t\t\t\t\t\t<a title=\"Wartung eines Schiebers abgeschlossen\" class=\"fancybox_1067\" data-fancybox-group=\"gallery\"  href=\"https:\/\/artes-valve.com\/wp-content\/uploads\/schieber_wartung_fertig-1080px.jpg\" style=\"color:#eeee22;\">\n\t\t\t\t\t\t\t\t\t\t\t\t\t\t<i class=\"fas fa-camera fa-4x\"><\/i>\n\t\t\t\t\t\t\t\t\t\t\t\t\t\t<img decoding=\"async\" src=\"https:\/\/artes-valve.com\/wp-content\/uploads\/schieber_wartung_fertig-1080px-400x400.jpg\" class=\"gall-img-responsive\" style=\"display:none !important; visibility:hidden\" alt=\"Wartung eines Schiebers abgeschlossen\">\n\t\t\t\t\t\t\t\t\t\t\t\t\t<\/a>\n\t\t\t\t\t\t\t\t\t\t\t\t\t\t\t\t\t\t\t\t\t\t\t\t<\/p>\n\t\t\t\t\t\t\t\t\t\t<\/div>\n\t\t\t\t\t\t\t\t\t<\/div>\t\n\t\t\t\t\t\t\t\t\t\t\t\t\t\t\t\t\t\t\t\n\t\t\t\t\t\t\t\t\t\t\t\t\t\t\t\t\t\t<!--Gallery Label-->\n\t\t\t\t\t\t\t\t\t\t\t\t\t\t\t\t\t<\/div>\n\t\t\t\t\t\t\t<\/div>\n\t\t\t\t\t\t\t\t\t\t\t\t\t\t<div class=\"col-md-3 col-sm-6 wl-gallery\" >\n\t\t\t\t\t\t\t\t<div class=\"img-box-shadow\">\n\t\t\t\t\t\t\t\t\t\t\t\t\t\t\t\t\t<div class=\"b-link-fade b-animate-go\">\n\t\t\t\t\t\t\t\t\t\n\t\t\t\t\t\t\t\t\t\t<img decoding=\"async\" src=\"https:\/\/artes-valve.com\/wp-content\/uploads\/schleifmaschine_MG_1678-400x400.jpg\" class=\"gall-img-responsive\" alt=\"Schleifmaschine im Serviceeinsatz\">\n\t\t\t\t\t\t\t\t\t\t<div class=\"b-wrapper\">\n\t\t\t\t\t\t\t\t\t\t\t<p class=\"b-from-right b-animate b-delay03\">\n\t\t\t\t\t\t\t\t\t\t\t\t\t\t\t\t\t\t\t\t\t\t\t\t\t<a title=\"Schleifmaschine im Serviceeinsatz\" class=\"fancybox_1067\" data-fancybox-group=\"gallery\"  href=\"https:\/\/artes-valve.com\/wp-content\/uploads\/schleifmaschine_MG_1678.jpg\" style=\"color:#eeee22;\">\n\t\t\t\t\t\t\t\t\t\t\t\t\t\t<i class=\"fas fa-camera fa-4x\"><\/i>\n\t\t\t\t\t\t\t\t\t\t\t\t\t\t<img decoding=\"async\" src=\"https:\/\/artes-valve.com\/wp-content\/uploads\/schleifmaschine_MG_1678-400x400.jpg\" class=\"gall-img-responsive\" style=\"display:none !important; visibility:hidden\" alt=\"Schleifmaschine im Serviceeinsatz\">\n\t\t\t\t\t\t\t\t\t\t\t\t\t<\/a>\n\t\t\t\t\t\t\t\t\t\t\t\t\t\t\t\t\t\t\t\t\t\t\t\t<\/p>\n\t\t\t\t\t\t\t\t\t\t<\/div>\n\t\t\t\t\t\t\t\t\t<\/div>\t\n\t\t\t\t\t\t\t\t\t\t\t\t\t\t\t\t\t\t\t\n\t\t\t\t\t\t\t\t\t\t\t\t\t\t\t\t\t\t<!--Gallery Label-->\n\t\t\t\t\t\t\t\t\t\t\t\t\t\t\t\t\t<\/div>\n\t\t\t\t\t\t\t<\/div>\n\t\t\t\t\t\t\t\t\t\t\t\t\t\t<div class=\"col-md-3 col-sm-6 wl-gallery\" >\n\t\t\t\t\t\t\t\t<div class=\"img-box-shadow\">\n\t\t\t\t\t\t\t\t\t\t\t\t\t\t\t\t\t<div class=\"b-link-fade b-animate-go\">\n\t\t\t\t\t\t\t\t\t\n\t\t\t\t\t\t\t\t\t\t<img decoding=\"async\" src=\"https:\/\/artes-valve.com\/wp-content\/uploads\/service_VSK_DSC_6282-400x400.jpg\" class=\"gall-img-responsive\" alt=\"VSK im Serviceeinsatz\">\n\t\t\t\t\t\t\t\t\t\t<div class=\"b-wrapper\">\n\t\t\t\t\t\t\t\t\t\t\t<p class=\"b-from-right b-animate b-delay03\">\n\t\t\t\t\t\t\t\t\t\t\t\t\t\t\t\t\t\t\t\t\t\t\t\t\t<a title=\"VSK im Serviceeinsatz\" class=\"fancybox_1067\" data-fancybox-group=\"gallery\"  href=\"https:\/\/artes-valve.com\/wp-content\/uploads\/service_VSK_DSC_6282.jpg\" style=\"color:#eeee22;\">\n\t\t\t\t\t\t\t\t\t\t\t\t\t\t<i class=\"fas fa-camera fa-4x\"><\/i>\n\t\t\t\t\t\t\t\t\t\t\t\t\t\t<img decoding=\"async\" src=\"https:\/\/artes-valve.com\/wp-content\/uploads\/service_VSK_DSC_6282-400x400.jpg\" class=\"gall-img-responsive\" style=\"display:none !important; visibility:hidden\" alt=\"VSK im Serviceeinsatz\">\n\t\t\t\t\t\t\t\t\t\t\t\t\t<\/a>\n\t\t\t\t\t\t\t\t\t\t\t\t\t\t\t\t\t\t\t\t\t\t\t\t<\/p>\n\t\t\t\t\t\t\t\t\t\t<\/div>\n\t\t\t\t\t\t\t\t\t<\/div>\t\n\t\t\t\t\t\t\t\t\t\t\t\t\t\t\t\t\t\t\t\n\t\t\t\t\t\t\t\t\t\t\t\t\t\t\t\t\t\t<!--Gallery Label-->\n\t\t\t\t\t\t\t\t\t\t\t\t\t\t\t\t\t<\/div>\n\t\t\t\t\t\t\t<\/div>\n\t\t\t\t\t\t\t\t\t\t\t\t\t\t<div class=\"col-md-3 col-sm-6 wl-gallery\" >\n\t\t\t\t\t\t\t\t<div class=\"img-box-shadow\">\n\t\t\t\t\t\t\t\t\t\t\t\t\t\t\t\t\t<div class=\"b-link-fade b-animate-go\">\n\t\t\t\t\t\t\t\t\t\n\t\t\t\t\t\t\t\t\t\t<img decoding=\"async\" src=\"https:\/\/artes-valve.com\/wp-content\/uploads\/service-container_drehmasch_DSC_3845-400x400.jpg\" class=\"gall-img-responsive\" alt=\"Drehmaschine im Service-Container\">\n\t\t\t\t\t\t\t\t\t\t<div class=\"b-wrapper\">\n\t\t\t\t\t\t\t\t\t\t\t<p class=\"b-from-right b-animate b-delay03\">\n\t\t\t\t\t\t\t\t\t\t\t\t\t\t\t\t\t\t\t\t\t\t\t\t\t<a title=\"Drehmaschine im Service-Container\" class=\"fancybox_1067\" data-fancybox-group=\"gallery\"  href=\"https:\/\/artes-valve.com\/wp-content\/uploads\/service-container_drehmasch_DSC_3845.jpg\" style=\"color:#eeee22;\">\n\t\t\t\t\t\t\t\t\t\t\t\t\t\t<i class=\"fas fa-camera fa-4x\"><\/i>\n\t\t\t\t\t\t\t\t\t\t\t\t\t\t<img decoding=\"async\" src=\"https:\/\/artes-valve.com\/wp-content\/uploads\/service-container_drehmasch_DSC_3845-400x400.jpg\" class=\"gall-img-responsive\" style=\"display:none !important; visibility:hidden\" alt=\"Drehmaschine im Service-Container\">\n\t\t\t\t\t\t\t\t\t\t\t\t\t<\/a>\n\t\t\t\t\t\t\t\t\t\t\t\t\t\t\t\t\t\t\t\t\t\t\t\t<\/p>\n\t\t\t\t\t\t\t\t\t\t<\/div>\n\t\t\t\t\t\t\t\t\t<\/div>\t\n\t\t\t\t\t\t\t\t\t\t\t\t\t\t\t\t\t\t\t\n\t\t\t\t\t\t\t\t\t\t\t\t\t\t\t\t\t\t<!--Gallery Label-->\n\t\t\t\t\t\t\t\t\t\t\t\t\t\t\t\t\t<\/div>\n\t\t\t\t\t\t\t<\/div>\n\t\t\t\t\t\t\t\t\t\t\t\t\t\t<div class=\"col-md-3 col-sm-6 wl-gallery\" >\n\t\t\t\t\t\t\t\t<div class=\"img-box-shadow\">\n\t\t\t\t\t\t\t\t\t\t\t\t\t\t\t\t\t<div class=\"b-link-fade b-animate-go\">\n\t\t\t\t\t\t\t\t\t\n\t\t\t\t\t\t\t\t\t\t<img decoding=\"async\" src=\"https:\/\/artes-valve.com\/wp-content\/uploads\/rkh_wartung-1080px-1-400x400.jpg\" class=\"gall-img-responsive\" alt=\"Wartung eines Regelkugelhahns\">\n\t\t\t\t\t\t\t\t\t\t<div class=\"b-wrapper\">\n\t\t\t\t\t\t\t\t\t\t\t<p class=\"b-from-right b-animate b-delay03\">\n\t\t\t\t\t\t\t\t\t\t\t\t\t\t\t\t\t\t\t\t\t\t\t\t\t<a title=\"Wartung eines Regelkugelhahns\" class=\"fancybox_1067\" data-fancybox-group=\"gallery\"  href=\"https:\/\/artes-valve.com\/wp-content\/uploads\/rkh_wartung-1080px-1.jpg\" style=\"color:#eeee22;\">\n\t\t\t\t\t\t\t\t\t\t\t\t\t\t<i class=\"fas fa-camera fa-4x\"><\/i>\n\t\t\t\t\t\t\t\t\t\t\t\t\t\t<img decoding=\"async\" src=\"https:\/\/artes-valve.com\/wp-content\/uploads\/rkh_wartung-1080px-1-400x400.jpg\" class=\"gall-img-responsive\" style=\"display:none !important; visibility:hidden\" alt=\"Wartung eines Regelkugelhahns\">\n\t\t\t\t\t\t\t\t\t\t\t\t\t<\/a>\n\t\t\t\t\t\t\t\t\t\t\t\t\t\t\t\t\t\t\t\t\t\t\t\t<\/p>\n\t\t\t\t\t\t\t\t\t\t<\/div>\n\t\t\t\t\t\t\t\t\t<\/div>\t\n\t\t\t\t\t\t\t\t\t\t\t\t\t\t\t\t\t\t\t\n\t\t\t\t\t\t\t\t\t\t\t\t\t\t\t\t\t\t<!--Gallery Label-->\n\t\t\t\t\t\t\t\t\t\t\t\t\t\t\t\t\t<\/div>\n\t\t\t\t\t\t\t<\/div>\n\t\t\t\t\t\t\t\t\t\t\t\t\t\t<div class=\"col-md-3 col-sm-6 wl-gallery\" >\n\t\t\t\t\t\t\t\t<div class=\"img-box-shadow\">\n\t\t\t\t\t\t\t\t\t\t\t\t\t\t\t\t\t<div class=\"b-link-fade b-animate-go\">\n\t\t\t\t\t\t\t\t\t\n\t\t\t\t\t\t\t\t\t\t<img decoding=\"async\" src=\"https:\/\/artes-valve.com\/wp-content\/uploads\/service_SL1502_DSC_6232-400x400.jpg\" class=\"gall-img-responsive\" alt=\"Schleifen mit der SL-15.02\">\n\t\t\t\t\t\t\t\t\t\t<div class=\"b-wrapper\">\n\t\t\t\t\t\t\t\t\t\t\t<p class=\"b-from-right b-animate b-delay03\">\n\t\t\t\t\t\t\t\t\t\t\t\t\t\t\t\t\t\t\t\t\t\t\t\t\t<a title=\"Schleifen mit der SL-15.02\" class=\"fancybox_1067\" data-fancybox-group=\"gallery\"  href=\"https:\/\/artes-valve.com\/wp-content\/uploads\/service_SL1502_DSC_6232.jpg\" style=\"color:#eeee22;\">\n\t\t\t\t\t\t\t\t\t\t\t\t\t\t<i class=\"fas fa-camera fa-4x\"><\/i>\n\t\t\t\t\t\t\t\t\t\t\t\t\t\t<img decoding=\"async\" src=\"https:\/\/artes-valve.com\/wp-content\/uploads\/service_SL1502_DSC_6232-400x400.jpg\" class=\"gall-img-responsive\" style=\"display:none !important; visibility:hidden\" alt=\"Schleifen mit der SL-15.02\">\n\t\t\t\t\t\t\t\t\t\t\t\t\t<\/a>\n\t\t\t\t\t\t\t\t\t\t\t\t\t\t\t\t\t\t\t\t\t\t\t\t<\/p>\n\t\t\t\t\t\t\t\t\t\t<\/div>\n\t\t\t\t\t\t\t\t\t<\/div>\t\n\t\t\t\t\t\t\t\t\t\t\t\t\t\t\t\t\t\t\t\n\t\t\t\t\t\t\t\t\t\t\t\t\t\t\t\t\t\t<!--Gallery Label-->\n\t\t\t\t\t\t\t\t\t\t\t\t\t\t\t\t\t<\/div>\n\t\t\t\t\t\t\t<\/div>\n\t\t\t\t\t\t\t\t\t\t\t<\/div>\n\t\t\t\t\t\t<\/div>\n\t\t\t\t\n\t\t    <\/div>\n\n\t<!-- Photo box-->\n    \t\n\t\n\t<!-- Swipe Box-->\n\t\t\n\t<!-- Magnific box-->\n\t\t\n\t\n\t<!-- Fancy box-->\n\t\t<script type=\"text\/javascript\">\n\tjQuery(document).ready(function() {\n\t\tjQuery('.fancybox_1067').fancybox();\n\t});\n\t<\/script>\n\t\t\t\n        \r\n","protected":false},"excerpt":{"rendered":"<p>Somos su socio ideal cuando se trata de reparar y mantener v\u00e1lvulas. Para los trabajos de mantenimiento en planta garantizamos tiempos de reacci\u00f3n cortos, confiabilidad, flexibilidad, personal altamente calificado y competente. Contamos con containers de trabajo y unidades m\u00f3viles de equipos para los trabajos de mantenimineto en planta. Le brindamos [\u2026] <\/p>\n<div class=\"clear\"><\/div>\n<p><a class=\"more_link clearfix\" href=\"https:\/\/artes-valve.com\/es\/?p=1067\" rel=\"nofollow\">Read More &rarr;<\/a><\/p>\n","protected":false},"author":1,"featured_media":0,"parent":2029,"menu_order":31,"comment_status":"closed","ping_status":"closed","template":"templates\/full-width.php","meta":{"footnotes":""},"class_list":["post-216","page","type-page","status-publish","hentry"],"translation":{"provider":"WPGlobus","version":"3.0.2","language":"es","enabled_languages":["de","en","es"],"languages":{"de":{"title":true,"content":true,"excerpt":false},"en":{"title":true,"content":true,"excerpt":false},"es":{"title":true,"content":true,"excerpt":false}}},"yoast_head":"<!-- This site is optimized with the Yoast SEO Premium plugin v27.2 (Yoast SEO v27.2) - https:\/\/yoast.com\/product\/yoast-seo-premium-wordpress\/ -->\n<title>Servicio T\u00e9cnico | ARTES Valve &amp; Service GmbH<\/title>\n<meta name=\"robots\" content=\"index, follow, max-snippet:-1, max-image-preview:large, max-video-preview:-1\" \/>\n<link rel=\"canonical\" href=\"https:\/\/artes-valve.com\/service\/armaturenservice\/\" \/>\n<meta property=\"og:locale\" content=\"es_ES\" \/>\n<meta property=\"og:type\" content=\"article\" \/>\n<meta property=\"og:title\" content=\"Servicio T\u00e9cnico | ARTES Valve &amp; Service GmbH\" \/>\n<meta property=\"og:url\" content=\"https:\/\/artes-valve.com\/service\/armaturenservice\/\" \/>\n<meta property=\"og:site_name\" content=\"ARTES Valve &amp; Service GmbH\" \/>\n<meta property=\"article:modified_time\" content=\"2025-10-07T08:12:46+00:00\" \/>\n<meta name=\"twitter:card\" content=\"summary_large_image\" \/>\n<meta name=\"twitter:label1\" content=\"Est. reading time\" \/>\n\t<meta name=\"twitter:data1\" content=\"1 minute\" \/>\n<script type=\"application\/ld+json\" class=\"yoast-schema-graph\">{\"@context\":\"https:\/\/schema.org\",\"@graph\":[{\"@type\":\"WebPage\",\"@id\":\"https:\/\/artes-valve.com\/service\/armaturenservice\/\",\"url\":\"https:\/\/artes-valve.com\/service\/armaturenservice\/\",\"name\":\"Servicio T\u00e9cnico | ARTES Valve &amp; Service GmbH\",\"isPartOf\":{\"@id\":\"https:\/\/artes-valve.com\/#website\"},\"datePublished\":\"2019-01-21T12:59:42+00:00\",\"dateModified\":\"2025-10-07T08:12:46+00:00\",\"description\":\"Armaturenservice: Instandsetzung und Wartung von Armaturen. Service vor Ort, verl\u00e4sslich, kompetent, hochflexibel, qualifiziertes Personal\",\"breadcrumb\":{\"@id\":\"https:\/\/artes-valve.com\/service\/armaturenservice\/#breadcrumb\"},\"inLanguage\":\"es-ES\",\"potentialAction\":[{\"@type\":\"ReadAction\",\"target\":[\"https:\/\/artes-valve.com\/service\/armaturenservice\/\"]}]},{\"@type\":\"BreadcrumbList\",\"@id\":\"https:\/\/artes-valve.com\/service\/armaturenservice\/#breadcrumb\",\"itemListElement\":[{\"@type\":\"ListItem\",\"position\":1,\"name\":\"Startseite\",\"item\":\"https:\/\/artes-valve.com\/\"},{\"@type\":\"ListItem\",\"position\":2,\"name\":\"Service\",\"item\":\"https:\/\/artes-valve.com\/service\/\"},{\"@type\":\"ListItem\",\"position\":3,\"name\":\"Armaturen-Service\"}]},{\"@type\":\"WebSite\",\"@id\":\"https:\/\/artes-valve.com\/#website\",\"url\":\"https:\/\/artes-valve.com\/\",\"name\":\"ARTES Valve &amp; Service GmbH\",\"description\":\"La soluci\u00f3n perfecta para regulaci\u00f3n y control\",\"publisher\":{\"@id\":\"https:\/\/artes-valve.com\/#organization\"},\"alternateName\":\"ARTES Valve & Service GmbH\",\"potentialAction\":[{\"@type\":\"SearchAction\",\"target\":{\"@type\":\"EntryPoint\",\"urlTemplate\":\"https:\/\/artes-valve.com\/?s={search_term_string}\"},\"query-input\":{\"@type\":\"PropertyValueSpecification\",\"valueRequired\":true,\"valueName\":\"search_term_string\"}}],\"inLanguage\":\"es-ES\"},{\"@type\":\"Organization\",\"@id\":\"https:\/\/artes-valve.com\/#organization\",\"name\":\"ARTES Valve & Service GmbH\",\"url\":\"https:\/\/artes-valve.com\/\",\"logo\":{\"@type\":\"ImageObject\",\"inLanguage\":\"es-ES\",\"@id\":\"https:\/\/artes-valve.com\/#\/schema\/logo\/image\/\",\"url\":\"https:\/\/artes-valve.com\/wp-content\/uploads\/2018\/12\/artes-logo-600px.png\",\"contentUrl\":\"https:\/\/artes-valve.com\/wp-content\/uploads\/2018\/12\/artes-logo-600px.png\",\"width\":600,\"height\":184,\"caption\":\"ARTES Valve & Service GmbH\"},\"image\":{\"@id\":\"https:\/\/artes-valve.com\/#\/schema\/logo\/image\/\"}}]}<\/script>\n<!-- \/ Yoast SEO Premium plugin. -->","yoast_head_json":{"title":"Servicio T\u00e9cnico | ARTES Valve &amp; Service GmbH","robots":{"index":"index","follow":"follow","max-snippet":"max-snippet:-1","max-image-preview":"max-image-preview:large","max-video-preview":"max-video-preview:-1"},"canonical":"https:\/\/artes-valve.com\/service\/armaturenservice\/","og_locale":"es_ES","og_type":"article","og_title":"Servicio T\u00e9cnico | ARTES Valve &amp; Service GmbH","og_url":"https:\/\/artes-valve.com\/service\/armaturenservice\/","og_site_name":"ARTES Valve &amp; Service GmbH","article_modified_time":"2025-10-07T08:12:46+00:00","twitter_card":"summary_large_image","twitter_misc":{"Est. reading time":"1 minute"},"schema":{"@context":"https:\/\/schema.org","@graph":[{"@type":"WebPage","@id":"https:\/\/artes-valve.com\/service\/armaturenservice\/","url":"https:\/\/artes-valve.com\/service\/armaturenservice\/","name":"Servicio T\u00e9cnico | ARTES Valve &amp; Service GmbH","isPartOf":{"@id":"https:\/\/artes-valve.com\/#website"},"datePublished":"2019-01-21T12:59:42+00:00","dateModified":"2025-10-07T08:12:46+00:00","description":"Armaturenservice: Instandsetzung und Wartung von Armaturen. Service vor Ort, verl\u00e4sslich, kompetent, hochflexibel, qualifiziertes Personal","breadcrumb":{"@id":"https:\/\/artes-valve.com\/service\/armaturenservice\/#breadcrumb"},"inLanguage":"es-ES","potentialAction":[{"@type":"ReadAction","target":["https:\/\/artes-valve.com\/service\/armaturenservice\/"]}]},{"@type":"BreadcrumbList","@id":"https:\/\/artes-valve.com\/service\/armaturenservice\/#breadcrumb","itemListElement":[{"@type":"ListItem","position":1,"name":"Startseite","item":"https:\/\/artes-valve.com\/"},{"@type":"ListItem","position":2,"name":"Service","item":"https:\/\/artes-valve.com\/service\/"},{"@type":"ListItem","position":3,"name":"Armaturen-Service"}]},{"@type":"WebSite","@id":"https:\/\/artes-valve.com\/#website","url":"https:\/\/artes-valve.com\/","name":"ARTES Valve &amp; Service GmbH","description":"La soluci\u00f3n perfecta para regulaci\u00f3n y control","publisher":{"@id":"https:\/\/artes-valve.com\/#organization"},"alternateName":"ARTES Valve & Service GmbH","potentialAction":[{"@type":"SearchAction","target":{"@type":"EntryPoint","urlTemplate":"https:\/\/artes-valve.com\/?s={search_term_string}"},"query-input":{"@type":"PropertyValueSpecification","valueRequired":true,"valueName":"search_term_string"}}],"inLanguage":"es-ES"},{"@type":"Organization","@id":"https:\/\/artes-valve.com\/#organization","name":"ARTES Valve & Service GmbH","url":"https:\/\/artes-valve.com\/","logo":{"@type":"ImageObject","inLanguage":"es-ES","@id":"https:\/\/artes-valve.com\/#\/schema\/logo\/image\/","url":"https:\/\/artes-valve.com\/wp-content\/uploads\/2018\/12\/artes-logo-600px.png","contentUrl":"https:\/\/artes-valve.com\/wp-content\/uploads\/2018\/12\/artes-logo-600px.png","width":600,"height":184,"caption":"ARTES Valve & Service GmbH"},"image":{"@id":"https:\/\/artes-valve.com\/#\/schema\/logo\/image\/"}}]}},"_links":{"self":[{"href":"https:\/\/artes-valve.com\/es\/wp-json\/wp\/v2\/pages\/216","targetHints":{"allow":["GET"]}}],"collection":[{"href":"https:\/\/artes-valve.com\/es\/wp-json\/wp\/v2\/pages"}],"about":[{"href":"https:\/\/artes-valve.com\/es\/wp-json\/wp\/v2\/types\/page"}],"author":[{"embeddable":true,"href":"https:\/\/artes-valve.com\/es\/wp-json\/wp\/v2\/users\/1"}],"replies":[{"embeddable":true,"href":"https:\/\/artes-valve.com\/es\/wp-json\/wp\/v2\/comments?post=216"}],"version-history":[{"count":35,"href":"https:\/\/artes-valve.com\/es\/wp-json\/wp\/v2\/pages\/216\/revisions"}],"predecessor-version":[{"id":7222,"href":"https:\/\/artes-valve.com\/es\/wp-json\/wp\/v2\/pages\/216\/revisions\/7222"}],"up":[{"embeddable":true,"href":"https:\/\/artes-valve.com\/es\/wp-json\/wp\/v2\/pages\/2029"}],"wp:attachment":[{"href":"https:\/\/artes-valve.com\/es\/wp-json\/wp\/v2\/media?parent=216"}],"curies":[{"name":"wp","href":"https:\/\/api.w.org\/{rel}","templated":true}]}}