{"id":145,"date":"2019-01-21T12:56:19","date_gmt":"2019-01-21T11:56:19","guid":{"rendered":"https:\/\/artes-valve.de\/?page_id=145"},"modified":"2024-06-13T15:24:18","modified_gmt":"2024-06-13T13:24:18","slug":"desuperheater","status":"publish","type":"page","link":"https:\/\/artes-valve.com\/es\/produkte\/desuperheater\/","title":{"rendered":"Atemperador"},"content":{"rendered":"\r\n<p>Basados en nuestra vasta experiencia como fabricantes, producimos atemperadores de alta performance para un enfriamiento efectivo del vapor. Con estos atemperadores el agua de enfriamiento es pulverizada finamente para luego poder ser inyectada. Para nosotros es importante brindar una \u00f3ptima calidad de producci\u00f3n y una funcionalidad duradera e inmejorable. Nuestras v\u00e1lvulas especializadas son las m\u00e1s id\u00f3neas para las aplicaciones requeridas.<\/p>\r\n\r\n\r\n\r\n<h4 class=\"wp-block-heading\">Campos de Aplicaci\u00f3n (entre otros)<\/h4>\r\n\r\n\r\n\r\n<ul class=\"wp-block-list\">\r\n<li>En centrales termoel\u00e9ctricas y en otros tipos de plantas industriales<\/li>\r\n<li>Tambi\u00e9n para aplicaciones especializadas con otros tipos de fluidos<\/li>\r\n<\/ul>\r\n\r\n\r\n\r\n<h4 class=\"wp-block-heading\">Datos T\u00e9cnicos<\/h4>\r\n\r\n\r\n\r\n<ul class=\"wp-block-list\">\r\n<li>Di\u00e1metro Nominal: desde DN150 (6&#8243;)<\/li>\r\n<li>Presi\u00f3n Nominal: m\u00e1x. PN400 (ANSI 2500)<\/li>\r\n<li>Temperaturas: hasta 620\u00b0 Celsius<\/li>\r\n<\/ul>\r\n\r\n\r\n\r\n<h4 class=\"wp-block-heading\">Principales Ventajas<\/h4>\r\n\r\n\r\n\r\n<ul class=\"wp-block-list\">\r\n<li>Independiente de la cantidad de agua de enfriamiento, la pulverizaci\u00f3n se da siempre en el centro de la tuber\u00eda.<\/li>\r\n<li>La combinaci\u00f3n de movimiento rotatorio, disposici\u00f3n y control de toberas, asegura un enfriamiento eficiente y preciso en todas las condiciones de funcionamiento.<\/li>\r\n<li>La v\u00e1lvula asegura permanente hermeticidad hacia el medio ambiente.<\/li>\r\n<li>Debido a la elecci\u00f3n de materiales de alta calidad para la fabricaci\u00f3n de piezas funcionales, no se producen ning\u00fan tipo de rupturas o fisuras por vibraci\u00f3n, mediante lo cual garantizamos un funcionamiento ininterrumpido.<\/li>\r\n<li>Reducci\u00f3n de presi\u00f3n hasta en tres etapas.<\/li>\r\n<\/ul>\r\n<hr \/>\r\n<a  data-e-Disable-Page-Transition=\"true\" class=\"download-link\" title=\"Versi\u00f3n 2015 spanisch\" href=\"https:\/\/artes-valve.com\/es\/download\/871\/?tmstv=1778688514\" rel=\"nofollow\" id=\"download-link-871\" data-redirect=\"false\" >\n\tDescargar folleto: Atemperador (PDF)\t(4412 descargas\t)\n<\/a>\n\r\n<hr \/>\r\n\t\n    <script src=\"https:\/\/ajax.googleapis.com\/ajax\/libs\/webfont\/1\/webfont.js\"><\/script>\n        <style>\n\t    #lbsp_1020 .lbsp_home_portfolio_caption h3,.lb-data .lb-caption\n\t    {\n\t    \tfont-family:Arial; \/\/ real name pass here\n\t    }\n\t    #lbsp_1020 .lbsp_home_portfolio_caption h3,.lb-data .lb-caption{\n\t        font-family:Arial; \/\/ real name pass here\n\t    }\n\n\t    #lbsp_1020 .b-link-fade .b-wrapper,#lbsp_1020 .b-link-fade .b-top-line{\n\t        background: rgba(0, 146, 212, 0.5);\n\t    }\n\t    #lbsp_1020 .b-link-flow .b-wrapper,#lbsp_1020 .b-link-flow .b-top-line{\n\t        background: rgba(0, 146, 212, 0.5);\n\t    }\n\t    #lbsp_1020 .b-link-stroke .b-top-line{\n\t        background: rgba(0, 146, 212, 0.5);\n\t    }\n\t    #lbsp_1020 .b-link-stroke .b-bottom-line{\n\t        background: rgba(0, 146, 212, 0.5);\n\t    }\n\n\t    #lbsp_1020 .b-link-box .b-top-line{\n\n\t        border: 16px solid rgba(0, 146, 212, 0.5);\n\t    }\n\t    #lbsp_1020 .b-link-box .b-bottom-line{\n\t        background: rgba(0, 146, 212, 0.5);\n\t    }\n\t    #lbsp_1020 .b-link-stripe .b-line{\n\t        background: rgba(0, 146, 212, 0.5);\n\t    }\n\t    #lbsp_1020 .b-link-apart-horisontal .b-top-line,#lbsp_1020 .b-link-apart-horisontal .b-top-line-up{\n\t        background: rgba(0, 146, 212, 0.5);\n\n\t    }\n\t    #lbsp_1020 .b-link-apart-horisontal .b-bottom-line,#lbsp_1020 .b-link-apart-horisontal .b-bottom-line-up{\n\t        background: rgba(0, 146, 212, 0.5);\n\t    }\n\t    #lbsp_1020 .b-link-apart-vertical .b-top-line,#lbsp_1020 .b-link-apart-vertical .b-top-line-up{\n\t        background: rgba(0, 146, 212, 0.5);\n\t    }\n\t    #lbsp_1020 .b-link-apart-vertical .b-bottom-line,#lbsp_1020 .b-link-apart-vertical .b-bottom-line-up{\n\t        background: rgba(0, 146, 212, 0.5);\n\t    }\n\t    #lbsp_1020 .b-link-diagonal .b-line{\n\t        background: rgba(0, 146, 212, 0.5);\n\t    }\n\n\t    #lbsp_1020 .b-wrapper{\n\t        font-family:Arial; \/\/ real name pass here\n\t    }\n\t    #lbsp_1020 .b-wrapper{\n\t        font-family:Arial; \/\/ real name pass here\n\t    }\n\t\t@media (min-width: 992px){\n\t\t\t#lbsp_1020 .col-md-6 {\n\t\t\t\twidth: 49.97% !important;\n\t\t\t}\n\t\t\t#lbsp_1020 .col-md-4 {\n\t\t\t\twidth: 33.30% !important;\n\t\t\t}\n\t\t\t#lbsp_1020 .col-md-3 {\n\t\t\t\twidth: 24.90% !important;\n\t\t\t}\n\t\t\t#lbsp_1020 .col-md-2 {\n\t\t\t\twidth: 16.60% !important;\n\t\t\t}\n\t\t}\n\t\t#lbsp_1020 .lbsp_home_portfolio_caption{\n\t\t\tbackground:#FFFFFF;\n\t\t}\n\t\t#lbsp_1020 .lbsp_home_portfolio_caption h3{\n\t\t\tcolor:#555555;\n\t\t}\n\t\t\t\t#lbsp_1020 i.fas.fa-camera {\n\t\t\tcolor:#FFFFFF!important;\n\t\t}\n\t\t\t\t#lbsp_1020 .img-box-shadow{\n\t\t\tbox-shadow: 0 0 6px rgba(0,0,0,.7);\n\t\t}\n\t\t\t\t.fnf{\n\t\t\tbackground-color: #ff000091;\n\t\t\tborder-radius: 5px;\n\t\t\tcolor: #fff;\n\t\t\tfont-family: initial;\n\t\t\ttext-align: center;\n\t\t\tpadding:4px;\n\t\t}\n\t\t    <\/style>\n\n    \n    <div  class=\"gal-container \" id=\"lbsp_1020\">\n\t\t\t\t\t<!--get the post id-->\n\t\t\t\t\t\t\t\t\t<div style=\"display:block;float:left\">\n\t\t\t\n\t\t\t\t<!--Gallery Title-->\n\t\t\t\t\t\t\t\t<div style=\"font-family:Arial; font-weight: bolder; padding-bottom:20px; border-bottom:2px solid #cccccc;margin-bottom: 20px\">\n\t\t\t\t\tBeispiele f\u00fcr Einspritzk\u00fchler\t\t\t\t<\/div>\n\t\t\t\t\t\t\t\t\n\t\t\t\t<div class=\"\">\n\t\t\t\t\t\t\t\t\t\t\t\t<div class=\"col-md-4 col-sm-6 wl-gallery\" >\n\t\t\t\t\t\t\t\t<div class=\"img-box-shadow\">\n\t\t\t\t\t\t\t\t\t\t\t\t\t\t\t\t\t<div class=\"b-link-fade b-animate-go\">\n\t\t\t\t\t\t\t\t\t\n\t\t\t\t\t\t\t\t\t\t<img decoding=\"async\" src=\"https:\/\/artes-valve.com\/wp-content\/uploads\/ek_2-1.jpg\" class=\"gall-img-responsive\" alt=\"\">\n\t\t\t\t\t\t\t\t\t\t<div class=\"b-wrapper\">\n\t\t\t\t\t\t\t\t\t\t\t<p class=\"b-from-right b-animate b-delay03\">\n\t\t\t\t\t\t\t\t\t\t\t\t\t\t\t\t\t\t\t\t\t\t\t\t\t<a title=\"\" class=\"fancybox_1020\" data-fancybox-group=\"gallery\"  href=\"https:\/\/artes-valve.com\/wp-content\/uploads\/ek_2-1.jpg\" style=\"color:#FFFFFF;\">\n\t\t\t\t\t\t\t\t\t\t\t\t\t\t<i class=\"fas fa-camera fa-4x\"><\/i>\n\t\t\t\t\t\t\t\t\t\t\t\t\t\t<img decoding=\"async\" src=\"https:\/\/artes-valve.com\/wp-content\/uploads\/ek_2-1.jpg\" class=\"gall-img-responsive\" style=\"display:none !important; visibility:hidden\" alt=\"\">\n\t\t\t\t\t\t\t\t\t\t\t\t\t<\/a>\n\t\t\t\t\t\t\t\t\t\t\t\t\t\t\t\t\t\t\t\t\t\t\t\t<\/p>\n\t\t\t\t\t\t\t\t\t\t<\/div>\n\t\t\t\t\t\t\t\t\t<\/div>\t\n\t\t\t\t\t\t\t\t\t\t\t\t\t\t\t\t\t\t\t\n\t\t\t\t\t\t\t\t\t\t\t\t\t\t\t\t\t\t<!--Gallery Label-->\n\t\t\t\t\t\t\t\t\t\t\t\t\t\t\t\t\t<\/div>\n\t\t\t\t\t\t\t<\/div>\n\t\t\t\t\t\t\t\t\t\t\t\t\t\t<div class=\"col-md-4 col-sm-6 wl-gallery\" >\n\t\t\t\t\t\t\t\t<div class=\"img-box-shadow\">\n\t\t\t\t\t\t\t\t\t\t\t\t\t\t\t\t\t<div class=\"b-link-fade b-animate-go\">\n\t\t\t\t\t\t\t\t\t\n\t\t\t\t\t\t\t\t\t\t<img decoding=\"async\" src=\"https:\/\/artes-valve.com\/wp-content\/uploads\/ek_1-1.jpg\" class=\"gall-img-responsive\" alt=\"\">\n\t\t\t\t\t\t\t\t\t\t<div class=\"b-wrapper\">\n\t\t\t\t\t\t\t\t\t\t\t<p class=\"b-from-right b-animate b-delay03\">\n\t\t\t\t\t\t\t\t\t\t\t\t\t\t\t\t\t\t\t\t\t\t\t\t\t<a title=\"\" class=\"fancybox_1020\" data-fancybox-group=\"gallery\"  href=\"https:\/\/artes-valve.com\/wp-content\/uploads\/ek_1-1.jpg\" style=\"color:#FFFFFF;\">\n\t\t\t\t\t\t\t\t\t\t\t\t\t\t<i class=\"fas fa-camera fa-4x\"><\/i>\n\t\t\t\t\t\t\t\t\t\t\t\t\t\t<img decoding=\"async\" src=\"https:\/\/artes-valve.com\/wp-content\/uploads\/ek_1-1.jpg\" class=\"gall-img-responsive\" style=\"display:none !important; visibility:hidden\" alt=\"\">\n\t\t\t\t\t\t\t\t\t\t\t\t\t<\/a>\n\t\t\t\t\t\t\t\t\t\t\t\t\t\t\t\t\t\t\t\t\t\t\t\t<\/p>\n\t\t\t\t\t\t\t\t\t\t<\/div>\n\t\t\t\t\t\t\t\t\t<\/div>\t\n\t\t\t\t\t\t\t\t\t\t\t\t\t\t\t\t\t\t\t\n\t\t\t\t\t\t\t\t\t\t\t\t\t\t\t\t\t\t<!--Gallery Label-->\n\t\t\t\t\t\t\t\t\t\t\t\t\t\t\t\t\t<\/div>\n\t\t\t\t\t\t\t<\/div>\n\t\t\t\t\t\t\t\t\t\t\t\t\t\t<div class=\"col-md-4 col-sm-6 wl-gallery\" >\n\t\t\t\t\t\t\t\t<div class=\"img-box-shadow\">\n\t\t\t\t\t\t\t\t\t\t\t\t\t\t\t\t\t<div class=\"b-link-fade b-animate-go\">\n\t\t\t\t\t\t\t\t\t\n\t\t\t\t\t\t\t\t\t\t<img decoding=\"async\" src=\"https:\/\/artes-valve.com\/wp-content\/uploads\/ek_3-1.jpg\" class=\"gall-img-responsive\" alt=\"\">\n\t\t\t\t\t\t\t\t\t\t<div class=\"b-wrapper\">\n\t\t\t\t\t\t\t\t\t\t\t<p class=\"b-from-right b-animate b-delay03\">\n\t\t\t\t\t\t\t\t\t\t\t\t\t\t\t\t\t\t\t\t\t\t\t\t\t<a title=\"\" class=\"fancybox_1020\" data-fancybox-group=\"gallery\"  href=\"https:\/\/artes-valve.com\/wp-content\/uploads\/ek_3-1.jpg\" style=\"color:#FFFFFF;\">\n\t\t\t\t\t\t\t\t\t\t\t\t\t\t<i class=\"fas fa-camera fa-4x\"><\/i>\n\t\t\t\t\t\t\t\t\t\t\t\t\t\t<img decoding=\"async\" src=\"https:\/\/artes-valve.com\/wp-content\/uploads\/ek_3-1.jpg\" class=\"gall-img-responsive\" style=\"display:none !important; visibility:hidden\" alt=\"\">\n\t\t\t\t\t\t\t\t\t\t\t\t\t<\/a>\n\t\t\t\t\t\t\t\t\t\t\t\t\t\t\t\t\t\t\t\t\t\t\t\t<\/p>\n\t\t\t\t\t\t\t\t\t\t<\/div>\n\t\t\t\t\t\t\t\t\t<\/div>\t\n\t\t\t\t\t\t\t\t\t\t\t\t\t\t\t\t\t\t\t\n\t\t\t\t\t\t\t\t\t\t\t\t\t\t\t\t\t\t<!--Gallery Label-->\n\t\t\t\t\t\t\t\t\t\t\t\t\t\t\t\t\t<\/div>\n\t\t\t\t\t\t\t<\/div>\n\t\t\t\t\t\t\t\t\t\t\t<\/div>\n\t\t\t\t\t\t<\/div>\n\t\t\t\t\n\t\t    <\/div>\n\n\t<!-- Photo box-->\n    \t\n\t\n\t<!-- Swipe Box-->\n\t\t\n\t<!-- Magnific box-->\n\t\t\n\t\n\t<!-- Fancy box-->\n\t\t<script type=\"text\/javascript\">\n\tjQuery(document).ready(function() {\n\t\tjQuery('.fancybox_1020').fancybox();\n\t});\n\t<\/script>\n\t\t\t\n        \r\n","protected":false},"excerpt":{"rendered":"<p>Basados en nuestra vasta experiencia como fabricantes, producimos atemperadores de alta performance para un enfriamiento efectivo del vapor. Con estos atemperadores el agua de enfriamiento es pulverizada finamente para luego poder ser inyectada. Para nosotros es importante brindar una \u00f3ptima calidad de producci\u00f3n y una funcionalidad duradera e inmejorable. Nuestras [\u2026] <\/p>\n<div class=\"clear\"><\/div>\n<p><a class=\"more_link clearfix\" href=\"https:\/\/artes-valve.com\/es\/?p=1020\" rel=\"nofollow\">Read More &rarr;<\/a><\/p>\n","protected":false},"author":1,"featured_media":0,"parent":38,"menu_order":24,"comment_status":"closed","ping_status":"closed","template":"templates\/full-width.php","meta":{"footnotes":""},"class_list":["post-145","page","type-page","status-publish","hentry"],"translation":{"provider":"WPGlobus","version":"3.0.2","language":"es","enabled_languages":["de","en","es"],"languages":{"de":{"title":true,"content":true,"excerpt":false},"en":{"title":true,"content":true,"excerpt":false},"es":{"title":true,"content":true,"excerpt":false}}},"yoast_head":"<!-- This site is optimized with the Yoast SEO Premium plugin v27.2 (Yoast SEO v27.2) - https:\/\/yoast.com\/product\/yoast-seo-premium-wordpress\/ -->\n<title>Atemperador | ARTES Valve &amp; Service GmbH<\/title>\n<meta name=\"robots\" content=\"index, follow, max-snippet:-1, max-image-preview:large, max-video-preview:-1\" \/>\n<link rel=\"canonical\" href=\"https:\/\/artes-valve.com\/produkte\/desuperheater\/\" \/>\n<meta property=\"og:locale\" content=\"es_ES\" \/>\n<meta property=\"og:type\" content=\"article\" \/>\n<meta property=\"og:title\" content=\"Atemperador | ARTES Valve &amp; Service GmbH\" \/>\n<meta property=\"og:url\" content=\"https:\/\/artes-valve.com\/produkte\/desuperheater\/\" \/>\n<meta property=\"og:site_name\" content=\"ARTES Valve &amp; Service GmbH\" \/>\n<meta property=\"article:modified_time\" content=\"2024-06-13T13:24:18+00:00\" \/>\n<meta name=\"twitter:card\" content=\"summary_large_image\" \/>\n<meta name=\"twitter:label1\" content=\"Est. reading time\" \/>\n\t<meta name=\"twitter:data1\" content=\"1 minute\" \/>\n<script type=\"application\/ld+json\" class=\"yoast-schema-graph\">{\"@context\":\"https:\/\/schema.org\",\"@graph\":[{\"@type\":\"WebPage\",\"@id\":\"https:\/\/artes-valve.com\/produkte\/desuperheater\/\",\"url\":\"https:\/\/artes-valve.com\/produkte\/desuperheater\/\",\"name\":\"Atemperador | ARTES Valve &amp; Service GmbH\",\"isPartOf\":{\"@id\":\"https:\/\/artes-valve.com\/#website\"},\"datePublished\":\"2019-01-21T11:56:19+00:00\",\"dateModified\":\"2024-06-13T13:24:18+00:00\",\"description\":\"ARTES-Einspritzk\u00fchler\/Desuperheater regelt zuverl\u00e4ssig die Temperatur von Dampf in bis zu 3 Stufen durch das Einspr\u00fchen von K\u00fchlwasser.\",\"breadcrumb\":{\"@id\":\"https:\/\/artes-valve.com\/produkte\/desuperheater\/#breadcrumb\"},\"inLanguage\":\"es-ES\",\"potentialAction\":[{\"@type\":\"ReadAction\",\"target\":[\"https:\/\/artes-valve.com\/produkte\/desuperheater\/\"]}]},{\"@type\":\"BreadcrumbList\",\"@id\":\"https:\/\/artes-valve.com\/produkte\/desuperheater\/#breadcrumb\",\"itemListElement\":[{\"@type\":\"ListItem\",\"position\":1,\"name\":\"Startseite\",\"item\":\"https:\/\/artes-valve.com\/\"},{\"@type\":\"ListItem\",\"position\":2,\"name\":\"Produkte der ARTES Valve &#038; Service GmbH\",\"item\":\"https:\/\/artes-valve.com\/produkte\/\"},{\"@type\":\"ListItem\",\"position\":3,\"name\":\"Einspritzk\u00fchler\"}]},{\"@type\":\"WebSite\",\"@id\":\"https:\/\/artes-valve.com\/#website\",\"url\":\"https:\/\/artes-valve.com\/\",\"name\":\"ARTES Valve &amp; Service GmbH\",\"description\":\"La soluci\u00f3n perfecta para regulaci\u00f3n y control\",\"publisher\":{\"@id\":\"https:\/\/artes-valve.com\/#organization\"},\"alternateName\":\"ARTES Valve & Service GmbH\",\"potentialAction\":[{\"@type\":\"SearchAction\",\"target\":{\"@type\":\"EntryPoint\",\"urlTemplate\":\"https:\/\/artes-valve.com\/?s={search_term_string}\"},\"query-input\":{\"@type\":\"PropertyValueSpecification\",\"valueRequired\":true,\"valueName\":\"search_term_string\"}}],\"inLanguage\":\"es-ES\"},{\"@type\":\"Organization\",\"@id\":\"https:\/\/artes-valve.com\/#organization\",\"name\":\"ARTES Valve & Service GmbH\",\"url\":\"https:\/\/artes-valve.com\/\",\"logo\":{\"@type\":\"ImageObject\",\"inLanguage\":\"es-ES\",\"@id\":\"https:\/\/artes-valve.com\/#\/schema\/logo\/image\/\",\"url\":\"https:\/\/artes-valve.com\/wp-content\/uploads\/2018\/12\/artes-logo-600px.png\",\"contentUrl\":\"https:\/\/artes-valve.com\/wp-content\/uploads\/2018\/12\/artes-logo-600px.png\",\"width\":600,\"height\":184,\"caption\":\"ARTES Valve & Service GmbH\"},\"image\":{\"@id\":\"https:\/\/artes-valve.com\/#\/schema\/logo\/image\/\"}}]}<\/script>\n<!-- \/ Yoast SEO Premium plugin. -->","yoast_head_json":{"title":"Atemperador | ARTES Valve &amp; Service GmbH","robots":{"index":"index","follow":"follow","max-snippet":"max-snippet:-1","max-image-preview":"max-image-preview:large","max-video-preview":"max-video-preview:-1"},"canonical":"https:\/\/artes-valve.com\/produkte\/desuperheater\/","og_locale":"es_ES","og_type":"article","og_title":"Atemperador | ARTES Valve &amp; Service GmbH","og_url":"https:\/\/artes-valve.com\/produkte\/desuperheater\/","og_site_name":"ARTES Valve &amp; Service GmbH","article_modified_time":"2024-06-13T13:24:18+00:00","twitter_card":"summary_large_image","twitter_misc":{"Est. reading time":"1 minute"},"schema":{"@context":"https:\/\/schema.org","@graph":[{"@type":"WebPage","@id":"https:\/\/artes-valve.com\/produkte\/desuperheater\/","url":"https:\/\/artes-valve.com\/produkte\/desuperheater\/","name":"Atemperador | ARTES Valve &amp; Service GmbH","isPartOf":{"@id":"https:\/\/artes-valve.com\/#website"},"datePublished":"2019-01-21T11:56:19+00:00","dateModified":"2024-06-13T13:24:18+00:00","description":"ARTES-Einspritzk\u00fchler\/Desuperheater regelt zuverl\u00e4ssig die Temperatur von Dampf in bis zu 3 Stufen durch das Einspr\u00fchen von K\u00fchlwasser.","breadcrumb":{"@id":"https:\/\/artes-valve.com\/produkte\/desuperheater\/#breadcrumb"},"inLanguage":"es-ES","potentialAction":[{"@type":"ReadAction","target":["https:\/\/artes-valve.com\/produkte\/desuperheater\/"]}]},{"@type":"BreadcrumbList","@id":"https:\/\/artes-valve.com\/produkte\/desuperheater\/#breadcrumb","itemListElement":[{"@type":"ListItem","position":1,"name":"Startseite","item":"https:\/\/artes-valve.com\/"},{"@type":"ListItem","position":2,"name":"Produkte der ARTES Valve &#038; Service GmbH","item":"https:\/\/artes-valve.com\/produkte\/"},{"@type":"ListItem","position":3,"name":"Einspritzk\u00fchler"}]},{"@type":"WebSite","@id":"https:\/\/artes-valve.com\/#website","url":"https:\/\/artes-valve.com\/","name":"ARTES Valve &amp; Service GmbH","description":"La soluci\u00f3n perfecta para regulaci\u00f3n y control","publisher":{"@id":"https:\/\/artes-valve.com\/#organization"},"alternateName":"ARTES Valve & Service GmbH","potentialAction":[{"@type":"SearchAction","target":{"@type":"EntryPoint","urlTemplate":"https:\/\/artes-valve.com\/?s={search_term_string}"},"query-input":{"@type":"PropertyValueSpecification","valueRequired":true,"valueName":"search_term_string"}}],"inLanguage":"es-ES"},{"@type":"Organization","@id":"https:\/\/artes-valve.com\/#organization","name":"ARTES Valve & Service GmbH","url":"https:\/\/artes-valve.com\/","logo":{"@type":"ImageObject","inLanguage":"es-ES","@id":"https:\/\/artes-valve.com\/#\/schema\/logo\/image\/","url":"https:\/\/artes-valve.com\/wp-content\/uploads\/2018\/12\/artes-logo-600px.png","contentUrl":"https:\/\/artes-valve.com\/wp-content\/uploads\/2018\/12\/artes-logo-600px.png","width":600,"height":184,"caption":"ARTES Valve & Service GmbH"},"image":{"@id":"https:\/\/artes-valve.com\/#\/schema\/logo\/image\/"}}]}},"_links":{"self":[{"href":"https:\/\/artes-valve.com\/es\/wp-json\/wp\/v2\/pages\/145","targetHints":{"allow":["GET"]}}],"collection":[{"href":"https:\/\/artes-valve.com\/es\/wp-json\/wp\/v2\/pages"}],"about":[{"href":"https:\/\/artes-valve.com\/es\/wp-json\/wp\/v2\/types\/page"}],"author":[{"embeddable":true,"href":"https:\/\/artes-valve.com\/es\/wp-json\/wp\/v2\/users\/1"}],"replies":[{"embeddable":true,"href":"https:\/\/artes-valve.com\/es\/wp-json\/wp\/v2\/comments?post=145"}],"version-history":[{"count":35,"href":"https:\/\/artes-valve.com\/es\/wp-json\/wp\/v2\/pages\/145\/revisions"}],"predecessor-version":[{"id":5920,"href":"https:\/\/artes-valve.com\/es\/wp-json\/wp\/v2\/pages\/145\/revisions\/5920"}],"up":[{"embeddable":true,"href":"https:\/\/artes-valve.com\/es\/wp-json\/wp\/v2\/pages\/38"}],"wp:attachment":[{"href":"https:\/\/artes-valve.com\/es\/wp-json\/wp\/v2\/media?parent=145"}],"curies":[{"name":"wp","href":"https:\/\/api.w.org\/{rel}","templated":true}]}}