{"id":1336,"date":"2020-09-30T16:31:50","date_gmt":"2020-09-30T14:31:50","guid":{"rendered":"https:\/\/artes-valve.com\/?page_id=1336"},"modified":"2023-01-11T09:12:33","modified_gmt":"2023-01-11T08:12:33","slug":"projektingenieur-m-w-d","status":"publish","type":"page","link":"https:\/\/artes-valve.com\/es\/karriere\/projektingenieur-m-w-d\/","title":{"rendered":"Stellenangebot: Projektingenieur (m\/w\/d)"},"content":{"rendered":"<p>Die ARTES Valve &amp; Service GmbH, ein Unternehmen der ARCA Flow Group, ist ein mittelst\u00e4ndisches, operativ selbst\u00e4ndiges Unternehmen im Umland von Berlin (Velten).<\/p>\n<p>Wir entwickeln, konstruieren und fertigen Spezialarmaturen f\u00fcr die Erd\u00f6l- und Erdgas-Industrie, die Kraftwerksbranche sowie den Anlagenbau.<\/p>\n<p>F\u00fcr unsere Vertriebsabteilung suchen wir zum fr\u00fchestm\u00f6glichen Zeitpunkt einen<\/p>\n<h2 style=\"text-align: center;\">Projektingenieur (m\/w\/d)<\/h2>\n<h4>Ihre Aufgaben<\/h4>\n<ul>\n<li>Technische und kaufm\u00e4nnische Betreuung von Bestandskunden sowie Gewinnung von Neukunden.<\/li>\n<li>Bewertung eingehender Anfragen hinsichtlich \u00dcbereinstimmung mit der Gesch\u00e4ftsstrategie sowie fachlicher und terminlicher Realisierbarkeit.<\/li>\n<li>Auf Basis der Kundenspezifikation sind Sie verantwortlich f\u00fcr das Erarbeiten von technischen und kommerziellen Angeboten sowie f\u00fcr die \u00dcberwachung der Auftragsabwicklung.<\/li>\n<\/ul>\n<h4>Ihr Profil<\/h4>\n<ul>\n<li>Sie verf\u00fcgen \u00fcber ein abgeschlossenes Studium der Fachrichtung Maschinenbau\/Konstruktionstechnik oder Verfahrenstechnik.<\/li>\n<li>Sie verf\u00fcgen idealerweise \u00fcber Berufserfahrung in der Armaturentechnik, jedoch geben wir auch Berufseinsteigern (innen) eine Chance, die wir in unserem Unternehmen gezielt einarbeiten.<\/li>\n<li>Sie arbeiten sicher mit den Anwendungen von MS-Office.<\/li>\n<li>Sie verf\u00fcgen \u00fcber gute Fremdsprachenkenntnisse, jedoch mindestens Englischkenntnisse.<\/li>\n<li>Sie zeigen ein hohes Ma\u00df an Einsatzbereitschaft und Entscheidungsfreudigkeit, sind kommunikativ und teamorientiert.<\/li>\n<\/ul>\n<h4>Kontakt<\/h4>\n<p>Neugierig auf diese interessante und anspruchsvolle T\u00e4tigkeit? Dann freuen wir uns auf Ihre Bewerbung.<br \/>\nIhre aussagekr\u00e4ftige Bewerbung schicken Sie bitte an<\/p>\n<p>per Post an<br \/>\n<strong>ARTES Valve &amp; Service GmbH<\/strong><strong><br \/>\nz. Hd. Herrn Horst J\u00e4kel<br \/>\nParkallee 7<br \/>\n16727 Velten<\/strong><\/p>\n<p>per E-Mail an <a href=\"mailto:horst.jaekel@artes-valve.de\" target=\"_blank\" rel=\"noopener noreferrer\"><strong>horst.jaekel@artes-valve.de<\/strong><\/a><\/p>\n<p>Fragen beantwortet Herr J\u00e4kel gern vorab unter der Telefon-Nr.: 03304\/24 724 81<\/p>\n<p>Weitere Informationen unter www.artes-valve.de.<\/p>\n<hr \/>\n<p><small><strong>Hinweis zum Datenschutz:<\/strong> Ihre Angaben aus Ihrer Bewerbung werden zur Bearbeitung der Bewerbung erhoben und verarbeitet. Die Daten werden nach abgeschlossener Bearbeitung gel\u00f6scht. Hinweis: Sie k\u00f6nnen Ihre Einwilligung jederzeit f\u00fcr die Zukunft per E-Mail an info@artes-valve.de widerrufen. Detaillierte Informationen zum Umgang mit Nutzerdaten finden Sie in unserer <a href=\"https:\/\/artes-valve.com\/rechtliches\/datenschutzerklaerung\/\">Datenschutzerkl\u00e4rung<\/a>.<\/small><\/p>\n<hr \/>\n<p><strong>Weitere Stellenangebote<\/strong><\/p>\n<ul>\n<li><a class=\"LinkSuggestion__Link-sc-1gewdgc-4 iyHtHS\" href=\"https:\/\/artes-valve.com\/jobs\/einkaeufer\/\" target=\"_blank\" rel=\"noopener\">Stellenangebot: Eink\u00e4ufer (m\/w\/d)<\/a><\/li>\n<li><a href=\"https:\/\/artes-valve.com\/jobs\/vertriebsmitarbeiter-armaturentechnik-m-w-d\/\" target=\"_blank\" rel=\"noopener\">Vertriebsmitarbeiter Armaturentechnik (m\/w\/d)<\/a><\/li>\n<\/ul>\n","protected":false},"excerpt":{"rendered":"<p>Die ARTES Valve &amp; Service GmbH, ein Unternehmen der ARCA Flow Group, ist ein mittelst\u00e4ndisches, operativ selbst\u00e4ndiges Unternehmen im Umland von Berlin (Velten). Wir entwickeln, konstruieren und fertigen Spezialarmaturen f\u00fcr die Erd\u00f6l- und Erdgas-Industrie, die Kraftwerksbranche sowie den Anlagenbau. F\u00fcr unsere Vertriebsabteilung suchen wir zum fr\u00fchestm\u00f6glichen Zeitpunkt einen Projektingenieur (m\/w\/d) [\u2026] <\/p>\n<div class=\"clear\"><\/div>\n<p><a class=\"more_link clearfix\" href=\"https:\/\/artes-valve.com\/es\/karriere\/projektingenieur-m-w-d\/\" rel=\"nofollow\">Read More &rarr;<\/a><\/p>\n","protected":false},"author":1,"featured_media":0,"parent":240,"menu_order":48,"comment_status":"closed","ping_status":"closed","template":"templates\/full-width.php","meta":{"footnotes":""},"class_list":["post-1336","page","type-page","status-publish","hentry"],"translation":{"provider":"WPGlobus","version":"3.0.2","language":"es","enabled_languages":["de","en","es"],"languages":{"de":{"title":true,"content":true,"excerpt":false},"en":{"title":false,"content":false,"excerpt":false},"es":{"title":false,"content":false,"excerpt":false}}},"yoast_head":"<!-- This site is optimized with the Yoast SEO Premium plugin v27.2 (Yoast SEO v27.2) - https:\/\/yoast.com\/product\/yoast-seo-premium-wordpress\/ -->\n<title>Stellenangebot: Projektingenieur (m\/w\/d) | ARTES Valve &amp; Service GmbH<\/title>\n<meta name=\"robots\" content=\"index, follow, max-snippet:-1, max-image-preview:large, max-video-preview:-1\" \/>\n<link rel=\"canonical\" href=\"https:\/\/artes-valve.com\/karriere\/projektingenieur-m-w-d\/\" \/>\n<meta property=\"og:locale\" content=\"es_ES\" \/>\n<meta property=\"og:type\" content=\"article\" \/>\n<meta property=\"og:title\" content=\"Stellenangebot: Projektingenieur (m\/w\/d) | ARTES Valve &amp; Service GmbH\" \/>\n<meta property=\"og:url\" content=\"https:\/\/artes-valve.com\/karriere\/projektingenieur-m-w-d\/\" \/>\n<meta property=\"og:site_name\" content=\"ARTES Valve &amp; Service GmbH\" \/>\n<meta property=\"article:modified_time\" content=\"2023-01-11T08:12:33+00:00\" \/>\n<meta name=\"twitter:card\" content=\"summary_large_image\" \/>\n<meta name=\"twitter:label1\" content=\"Est. reading time\" \/>\n\t<meta name=\"twitter:data1\" content=\"2 minutes\" \/>\n<script type=\"application\/ld+json\" class=\"yoast-schema-graph\">{\"@context\":\"https:\/\/schema.org\",\"@graph\":[{\"@type\":\"WebPage\",\"@id\":\"https:\/\/artes-valve.com\/karriere\/projektingenieur-m-w-d\/\",\"url\":\"https:\/\/artes-valve.com\/karriere\/projektingenieur-m-w-d\/\",\"name\":\"Stellenangebot: Projektingenieur (m\/w\/d) | ARTES Valve &amp; Service GmbH\",\"isPartOf\":{\"@id\":\"https:\/\/artes-valve.com\/#website\"},\"datePublished\":\"2020-09-30T14:31:50+00:00\",\"dateModified\":\"2023-01-11T08:12:33+00:00\",\"description\":\"Die ARTES Valve & Service GmbH entwickelt, konstruiert und fertigt Industrie-Spezialarmaturen. Stellenangebot: Projektingenieur (m\/w\/d).\",\"breadcrumb\":{\"@id\":\"https:\/\/artes-valve.com\/karriere\/projektingenieur-m-w-d\/#breadcrumb\"},\"inLanguage\":\"es-ES\",\"potentialAction\":[{\"@type\":\"ReadAction\",\"target\":[\"https:\/\/artes-valve.com\/karriere\/projektingenieur-m-w-d\/\"]}]},{\"@type\":\"BreadcrumbList\",\"@id\":\"https:\/\/artes-valve.com\/karriere\/projektingenieur-m-w-d\/#breadcrumb\",\"itemListElement\":[{\"@type\":\"ListItem\",\"position\":1,\"name\":\"Startseite\",\"item\":\"https:\/\/artes-valve.com\/\"},{\"@type\":\"ListItem\",\"position\":2,\"name\":\"Ihre Karriere bei der ARTES Valve &amp; Service GmbH\",\"item\":\"https:\/\/artes-valve.com\/karriere\/\"},{\"@type\":\"ListItem\",\"position\":3,\"name\":\"Stellenangebot: Projektingenieur (m\/w\/d)\"}]},{\"@type\":\"WebSite\",\"@id\":\"https:\/\/artes-valve.com\/#website\",\"url\":\"https:\/\/artes-valve.com\/\",\"name\":\"ARTES Valve &amp; Service GmbH\",\"description\":\"La soluci\u00f3n perfecta para regulaci\u00f3n y control\",\"publisher\":{\"@id\":\"https:\/\/artes-valve.com\/#organization\"},\"alternateName\":\"ARTES Valve & Service GmbH\",\"potentialAction\":[{\"@type\":\"SearchAction\",\"target\":{\"@type\":\"EntryPoint\",\"urlTemplate\":\"https:\/\/artes-valve.com\/?s={search_term_string}\"},\"query-input\":{\"@type\":\"PropertyValueSpecification\",\"valueRequired\":true,\"valueName\":\"search_term_string\"}}],\"inLanguage\":\"es-ES\"},{\"@type\":\"Organization\",\"@id\":\"https:\/\/artes-valve.com\/#organization\",\"name\":\"ARTES Valve & Service GmbH\",\"url\":\"https:\/\/artes-valve.com\/\",\"logo\":{\"@type\":\"ImageObject\",\"inLanguage\":\"es-ES\",\"@id\":\"https:\/\/artes-valve.com\/#\/schema\/logo\/image\/\",\"url\":\"https:\/\/artes-valve.com\/wp-content\/uploads\/2018\/12\/artes-logo-600px.png\",\"contentUrl\":\"https:\/\/artes-valve.com\/wp-content\/uploads\/2018\/12\/artes-logo-600px.png\",\"width\":600,\"height\":184,\"caption\":\"ARTES Valve & Service GmbH\"},\"image\":{\"@id\":\"https:\/\/artes-valve.com\/#\/schema\/logo\/image\/\"}}]}<\/script>\n<!-- \/ Yoast SEO Premium plugin. -->","yoast_head_json":{"title":"Stellenangebot: Projektingenieur (m\/w\/d) | ARTES Valve &amp; Service GmbH","robots":{"index":"index","follow":"follow","max-snippet":"max-snippet:-1","max-image-preview":"max-image-preview:large","max-video-preview":"max-video-preview:-1"},"canonical":"https:\/\/artes-valve.com\/karriere\/projektingenieur-m-w-d\/","og_locale":"es_ES","og_type":"article","og_title":"Stellenangebot: Projektingenieur (m\/w\/d) | ARTES Valve &amp; Service GmbH","og_url":"https:\/\/artes-valve.com\/karriere\/projektingenieur-m-w-d\/","og_site_name":"ARTES Valve &amp; Service GmbH","article_modified_time":"2023-01-11T08:12:33+00:00","twitter_card":"summary_large_image","twitter_misc":{"Est. reading time":"2 minutes"},"schema":{"@context":"https:\/\/schema.org","@graph":[{"@type":"WebPage","@id":"https:\/\/artes-valve.com\/karriere\/projektingenieur-m-w-d\/","url":"https:\/\/artes-valve.com\/karriere\/projektingenieur-m-w-d\/","name":"Stellenangebot: Projektingenieur (m\/w\/d) | ARTES Valve &amp; Service GmbH","isPartOf":{"@id":"https:\/\/artes-valve.com\/#website"},"datePublished":"2020-09-30T14:31:50+00:00","dateModified":"2023-01-11T08:12:33+00:00","description":"Die ARTES Valve & Service GmbH entwickelt, konstruiert und fertigt Industrie-Spezialarmaturen. Stellenangebot: Projektingenieur (m\/w\/d).","breadcrumb":{"@id":"https:\/\/artes-valve.com\/karriere\/projektingenieur-m-w-d\/#breadcrumb"},"inLanguage":"es-ES","potentialAction":[{"@type":"ReadAction","target":["https:\/\/artes-valve.com\/karriere\/projektingenieur-m-w-d\/"]}]},{"@type":"BreadcrumbList","@id":"https:\/\/artes-valve.com\/karriere\/projektingenieur-m-w-d\/#breadcrumb","itemListElement":[{"@type":"ListItem","position":1,"name":"Startseite","item":"https:\/\/artes-valve.com\/"},{"@type":"ListItem","position":2,"name":"Ihre Karriere bei der ARTES Valve &amp; Service GmbH","item":"https:\/\/artes-valve.com\/karriere\/"},{"@type":"ListItem","position":3,"name":"Stellenangebot: Projektingenieur (m\/w\/d)"}]},{"@type":"WebSite","@id":"https:\/\/artes-valve.com\/#website","url":"https:\/\/artes-valve.com\/","name":"ARTES Valve &amp; Service GmbH","description":"La soluci\u00f3n perfecta para regulaci\u00f3n y control","publisher":{"@id":"https:\/\/artes-valve.com\/#organization"},"alternateName":"ARTES Valve & Service GmbH","potentialAction":[{"@type":"SearchAction","target":{"@type":"EntryPoint","urlTemplate":"https:\/\/artes-valve.com\/?s={search_term_string}"},"query-input":{"@type":"PropertyValueSpecification","valueRequired":true,"valueName":"search_term_string"}}],"inLanguage":"es-ES"},{"@type":"Organization","@id":"https:\/\/artes-valve.com\/#organization","name":"ARTES Valve & Service GmbH","url":"https:\/\/artes-valve.com\/","logo":{"@type":"ImageObject","inLanguage":"es-ES","@id":"https:\/\/artes-valve.com\/#\/schema\/logo\/image\/","url":"https:\/\/artes-valve.com\/wp-content\/uploads\/2018\/12\/artes-logo-600px.png","contentUrl":"https:\/\/artes-valve.com\/wp-content\/uploads\/2018\/12\/artes-logo-600px.png","width":600,"height":184,"caption":"ARTES Valve & Service GmbH"},"image":{"@id":"https:\/\/artes-valve.com\/#\/schema\/logo\/image\/"}}]}},"_links":{"self":[{"href":"https:\/\/artes-valve.com\/es\/wp-json\/wp\/v2\/pages\/1336","targetHints":{"allow":["GET"]}}],"collection":[{"href":"https:\/\/artes-valve.com\/es\/wp-json\/wp\/v2\/pages"}],"about":[{"href":"https:\/\/artes-valve.com\/es\/wp-json\/wp\/v2\/types\/page"}],"author":[{"embeddable":true,"href":"https:\/\/artes-valve.com\/es\/wp-json\/wp\/v2\/users\/1"}],"replies":[{"embeddable":true,"href":"https:\/\/artes-valve.com\/es\/wp-json\/wp\/v2\/comments?post=1336"}],"version-history":[{"count":11,"href":"https:\/\/artes-valve.com\/es\/wp-json\/wp\/v2\/pages\/1336\/revisions"}],"predecessor-version":[{"id":6139,"href":"https:\/\/artes-valve.com\/es\/wp-json\/wp\/v2\/pages\/1336\/revisions\/6139"}],"up":[{"embeddable":true,"href":"https:\/\/artes-valve.com\/es\/wp-json\/wp\/v2\/pages\/240"}],"wp:attachment":[{"href":"https:\/\/artes-valve.com\/es\/wp-json\/wp\/v2\/media?parent=1336"}],"curies":[{"name":"wp","href":"https:\/\/api.w.org\/{rel}","templated":true}]}}