{"id":128,"date":"2019-01-21T10:14:16","date_gmt":"2019-01-21T09:14:16","guid":{"rendered":"https:\/\/artes-valve.de\/?page_id=128"},"modified":"2024-06-13T15:22:48","modified_gmt":"2024-06-13T13:22:48","slug":"regelkugelhahn-w","status":"publish","type":"page","link":"https:\/\/artes-valve.com\/es\/produkte\/regelkugelhahn-w\/","title":{"rendered":"V\u00e1lvula de Control de Bola &#8211; Tipo W"},"content":{"rendered":"\r\n<p><strong>La V\u00e1lvula de Control de Bola &#8211; Tipo W es una v\u00e1lvula de control de gran calidad para tareas de control exigentes. Desarrollada y concebida particularmente como v\u00e1lvula de control altamente resistente al desgaste y totalmente herm\u00e9tica para ciclos de agua y vapor.<\/strong><\/p>\r\n\r\n\r\n\r\n<h4 class=\"wp-block-heading\"><strong>Fluidos<\/strong><\/h4>\r\n\r\n\r\n\r\n<p>Agua\/Vapor, gases calientes<\/p>\r\n\r\n\r\n\r\n<h4 class=\"wp-block-heading\">Campos de Aplicaci\u00f3n (entre otros)<\/h4>\r\n\r\n\r\n\r\n<ul class=\"wp-block-list\">\r\n<li>V\u00e1lvula de control para agua de alimentaci\u00f3n<\/li>\r\n<li>V\u00e1lvula de control para vapor<\/li>\r\n<li>V\u00e1lvula de control de arranque (start-up)<\/li>\r\n<li>Regulaci\u00f3n de nivel (Tanques de agua de alimentaci\u00f3n, cilindros)<\/li>\r\n<li>Syngas<\/li>\r\n<\/ul>\r\n\r\n\r\n\r\n<h4 class=\"wp-block-heading\">Datos T\u00e9cnicos<\/h4>\r\n\r\n\r\n\r\n<ul class=\"wp-block-list\">\r\n<li>Di\u00e1metro Nominal: DN25 hasta DN800<br \/>(1&#8243; hasta 32&#8243;)<\/li>\r\n<li>Presi\u00f3n Nominal: PN16 hasta PN400<br \/>(ANSI 300 hasta 2500)<\/li>\r\n<li>Temperaturas: 600\u00b0 Celsius<\/li>\r\n<\/ul>\r\n\r\n\r\n\r\n<h3 class=\"wp-block-heading\">Principales Ventajas<\/h3>\r\n\r\n\r\n\r\n<ul class=\"wp-block-list\">\r\n<li>El sellado met\u00e1lico entre la bola y el anillo de asiento asegura la impermiabilidad en el paso de la bola<\/li>\r\n<li>Debido a que el fluido no cambia de direcci\u00f3n a trav\u00e9z de la v\u00e1lvula, permite una ca\u00edda de presi\u00f3n constante hasta 0,2 bar garantizando as\u00ed una regulaci\u00f3n de presi\u00f3n constante<\/li>\r\n<li>R\u00e1pida adaptaci\u00f3n a nuevas condiciones de operaci\u00f3n mediante el cambio del disco de control<\/li>\r\n<li>Alta presici\u00f3n de regulaci\u00f3n<\/li>\r\n<li>Hermeticidad permanente hacia el medio ambiente<\/li>\r\n<li>Es posible generar una ca\u00edda de presi\u00f3n regulada en diferentes et\u00e1pas<\/li>\r\n<li>El recubrimiento de Carburo de Tungsteno o de Carburo de Cromo brinda una alta resistencia al desgaste<\/li>\r\n<li>Montaje y desmontaje simple, tanto con uniones soldadas o bridas<\/li>\r\n<\/ul>\r\n<hr \/>\r\n<a  data-e-Disable-Page-Transition=\"true\" class=\"download-link\" title=\"Versi\u00f3n 2015 spanisch\" href=\"https:\/\/artes-valve.com\/es\/download\/863\/?tmstv=1777564395\" rel=\"nofollow\" id=\"download-link-863\" data-redirect=\"false\" >\n\tDescargar folleto: V\u00e1lvula de Control de Bola \u2013 Tipo W (PDF)\t(4043 descargas\t)\n<\/a>\n\r\n<hr \/>\r\n\t\n    <script src=\"https:\/\/ajax.googleapis.com\/ajax\/libs\/webfont\/1\/webfont.js\"><\/script>\n        <style>\n\t    #lbsp_1010 .lbsp_home_portfolio_caption h3,.lb-data .lb-caption\n\t    {\n\t    \tfont-family:Arial; \/\/ real name pass here\n\t    }\n\t    #lbsp_1010 .lbsp_home_portfolio_caption h3,.lb-data .lb-caption{\n\t        font-family:Arial; \/\/ real name pass here\n\t    }\n\n\t    #lbsp_1010 .b-link-fade .b-wrapper,#lbsp_1010 .b-link-fade .b-top-line{\n\t        background: rgba(0, 146, 212, 0.5);\n\t    }\n\t    #lbsp_1010 .b-link-flow .b-wrapper,#lbsp_1010 .b-link-flow .b-top-line{\n\t        background: rgba(0, 146, 212, 0.5);\n\t    }\n\t    #lbsp_1010 .b-link-stroke .b-top-line{\n\t        background: rgba(0, 146, 212, 0.5);\n\t    }\n\t    #lbsp_1010 .b-link-stroke .b-bottom-line{\n\t        background: rgba(0, 146, 212, 0.5);\n\t    }\n\n\t    #lbsp_1010 .b-link-box .b-top-line{\n\n\t        border: 16px solid rgba(0, 146, 212, 0.5);\n\t    }\n\t    #lbsp_1010 .b-link-box .b-bottom-line{\n\t        background: rgba(0, 146, 212, 0.5);\n\t    }\n\t    #lbsp_1010 .b-link-stripe .b-line{\n\t        background: rgba(0, 146, 212, 0.5);\n\t    }\n\t    #lbsp_1010 .b-link-apart-horisontal .b-top-line,#lbsp_1010 .b-link-apart-horisontal .b-top-line-up{\n\t        background: rgba(0, 146, 212, 0.5);\n\n\t    }\n\t    #lbsp_1010 .b-link-apart-horisontal .b-bottom-line,#lbsp_1010 .b-link-apart-horisontal .b-bottom-line-up{\n\t        background: rgba(0, 146, 212, 0.5);\n\t    }\n\t    #lbsp_1010 .b-link-apart-vertical .b-top-line,#lbsp_1010 .b-link-apart-vertical .b-top-line-up{\n\t        background: rgba(0, 146, 212, 0.5);\n\t    }\n\t    #lbsp_1010 .b-link-apart-vertical .b-bottom-line,#lbsp_1010 .b-link-apart-vertical .b-bottom-line-up{\n\t        background: rgba(0, 146, 212, 0.5);\n\t    }\n\t    #lbsp_1010 .b-link-diagonal .b-line{\n\t        background: rgba(0, 146, 212, 0.5);\n\t    }\n\n\t    #lbsp_1010 .b-wrapper{\n\t        font-family:Arial; \/\/ real name pass here\n\t    }\n\t    #lbsp_1010 .b-wrapper{\n\t        font-family:Arial; \/\/ real name pass here\n\t    }\n\t\t@media (min-width: 992px){\n\t\t\t#lbsp_1010 .col-md-6 {\n\t\t\t\twidth: 49.97% !important;\n\t\t\t}\n\t\t\t#lbsp_1010 .col-md-4 {\n\t\t\t\twidth: 33.30% !important;\n\t\t\t}\n\t\t\t#lbsp_1010 .col-md-3 {\n\t\t\t\twidth: 24.90% !important;\n\t\t\t}\n\t\t\t#lbsp_1010 .col-md-2 {\n\t\t\t\twidth: 16.60% !important;\n\t\t\t}\n\t\t}\n\t\t#lbsp_1010 .lbsp_home_portfolio_caption{\n\t\t\tbackground:#FFFFFF;\n\t\t}\n\t\t#lbsp_1010 .lbsp_home_portfolio_caption h3{\n\t\t\tcolor:#555555;\n\t\t}\n\t\t\t\t#lbsp_1010 i.fas.fa-camera {\n\t\t\tcolor:#FFFFFF!important;\n\t\t}\n\t\t\t\t#lbsp_1010 .img-box-shadow{\n\t\t\tbox-shadow: 0 0 6px rgba(0,0,0,.7);\n\t\t}\n\t\t\t\t.fnf{\n\t\t\tbackground-color: #ff000091;\n\t\t\tborder-radius: 5px;\n\t\t\tcolor: #fff;\n\t\t\tfont-family: initial;\n\t\t\ttext-align: center;\n\t\t\tpadding:4px;\n\t\t}\n\t\t    <\/style>\n\n    \n    <div  class=\"gal-container \" id=\"lbsp_1010\">\n\t\t\t\t\t<!--get the post id-->\n\t\t\t\t\t\t\t\t\t<div style=\"display:block;float:left\">\n\t\t\t\n\t\t\t\t<!--Gallery Title-->\n\t\t\t\t\t\t\t\t<div style=\"font-family:Arial; font-weight: bolder; padding-bottom:20px; border-bottom:2px solid #cccccc;margin-bottom: 20px\">\n\t\t\t\t\tEjemplos de las V\u00e1lvulas de Control de Bola &#8211; Tipo W\t\t\t\t<\/div>\n\t\t\t\t\t\t\t\t\n\t\t\t\t<div class=\"\">\n\t\t\t\t\t\t\t\t\t\t\t\t<div class=\"col-md-4 col-sm-6 wl-gallery\" >\n\t\t\t\t\t\t\t\t<div class=\"img-box-shadow\">\n\t\t\t\t\t\t\t\t\t\t\t\t\t\t\t\t\t<div class=\"b-link-fade b-animate-go\">\n\t\t\t\t\t\t\t\t\t\n\t\t\t\t\t\t\t\t\t\t<img decoding=\"async\" src=\"https:\/\/artes-valve.com\/wp-content\/uploads\/rkh_65_w_dre_ha_1-1.jpg\" class=\"gall-img-responsive\" alt=\"\">\n\t\t\t\t\t\t\t\t\t\t<div class=\"b-wrapper\">\n\t\t\t\t\t\t\t\t\t\t\t<p class=\"b-from-right b-animate b-delay03\">\n\t\t\t\t\t\t\t\t\t\t\t\t\t\t\t\t\t\t\t\t\t\t\t\t\t<a title=\"\" class=\"fancybox_1010\" data-fancybox-group=\"gallery\"  href=\"https:\/\/artes-valve.com\/wp-content\/uploads\/rkh_65_w_dre_ha_1-1.jpg\" style=\"color:#FFFFFF;\">\n\t\t\t\t\t\t\t\t\t\t\t\t\t\t<i class=\"fas fa-camera fa-4x\"><\/i>\n\t\t\t\t\t\t\t\t\t\t\t\t\t\t<img decoding=\"async\" src=\"https:\/\/artes-valve.com\/wp-content\/uploads\/rkh_65_w_dre_ha_1-1.jpg\" class=\"gall-img-responsive\" style=\"display:none !important; visibility:hidden\" alt=\"\">\n\t\t\t\t\t\t\t\t\t\t\t\t\t<\/a>\n\t\t\t\t\t\t\t\t\t\t\t\t\t\t\t\t\t\t\t\t\t\t\t\t<\/p>\n\t\t\t\t\t\t\t\t\t\t<\/div>\n\t\t\t\t\t\t\t\t\t<\/div>\t\n\t\t\t\t\t\t\t\t\t\t\t\t\t\t\t\t\t\t\t\n\t\t\t\t\t\t\t\t\t\t\t\t\t\t\t\t\t\t<!--Gallery Label-->\n\t\t\t\t\t\t\t\t\t\t\t\t\t\t\t\t\t<\/div>\n\t\t\t\t\t\t\t<\/div>\n\t\t\t\t\t\t\t\t\t\t\t\t\t\t<div class=\"col-md-4 col-sm-6 wl-gallery\" >\n\t\t\t\t\t\t\t\t<div class=\"img-box-shadow\">\n\t\t\t\t\t\t\t\t\t\t\t\t\t\t\t\t\t<div class=\"b-link-fade b-animate-go\">\n\t\t\t\t\t\t\t\t\t\n\t\t\t\t\t\t\t\t\t\t<img decoding=\"async\" src=\"https:\/\/artes-valve.com\/wp-content\/uploads\/rkh_65_w_elo_ha_2-1.jpg\" class=\"gall-img-responsive\" alt=\"\">\n\t\t\t\t\t\t\t\t\t\t<div class=\"b-wrapper\">\n\t\t\t\t\t\t\t\t\t\t\t<p class=\"b-from-right b-animate b-delay03\">\n\t\t\t\t\t\t\t\t\t\t\t\t\t\t\t\t\t\t\t\t\t\t\t\t\t<a title=\"\" class=\"fancybox_1010\" data-fancybox-group=\"gallery\"  href=\"https:\/\/artes-valve.com\/wp-content\/uploads\/rkh_65_w_elo_ha_2-1.jpg\" style=\"color:#FFFFFF;\">\n\t\t\t\t\t\t\t\t\t\t\t\t\t\t<i class=\"fas fa-camera fa-4x\"><\/i>\n\t\t\t\t\t\t\t\t\t\t\t\t\t\t<img decoding=\"async\" src=\"https:\/\/artes-valve.com\/wp-content\/uploads\/rkh_65_w_elo_ha_2-1.jpg\" class=\"gall-img-responsive\" style=\"display:none !important; visibility:hidden\" alt=\"\">\n\t\t\t\t\t\t\t\t\t\t\t\t\t<\/a>\n\t\t\t\t\t\t\t\t\t\t\t\t\t\t\t\t\t\t\t\t\t\t\t\t<\/p>\n\t\t\t\t\t\t\t\t\t\t<\/div>\n\t\t\t\t\t\t\t\t\t<\/div>\t\n\t\t\t\t\t\t\t\t\t\t\t\t\t\t\t\t\t\t\t\n\t\t\t\t\t\t\t\t\t\t\t\t\t\t\t\t\t\t<!--Gallery Label-->\n\t\t\t\t\t\t\t\t\t\t\t\t\t\t\t\t\t<\/div>\n\t\t\t\t\t\t\t<\/div>\n\t\t\t\t\t\t\t\t\t\t\t\t\t\t<div class=\"col-md-4 col-sm-6 wl-gallery\" >\n\t\t\t\t\t\t\t\t<div class=\"img-box-shadow\">\n\t\t\t\t\t\t\t\t\t\t\t\t\t\t\t\t\t<div class=\"b-link-fade b-animate-go\">\n\t\t\t\t\t\t\t\t\t\n\t\t\t\t\t\t\t\t\t\t<img decoding=\"async\" src=\"https:\/\/artes-valve.com\/wp-content\/uploads\/rkh_200_w_fl_au_3-1.jpg\" class=\"gall-img-responsive\" alt=\"\">\n\t\t\t\t\t\t\t\t\t\t<div class=\"b-wrapper\">\n\t\t\t\t\t\t\t\t\t\t\t<p class=\"b-from-right b-animate b-delay03\">\n\t\t\t\t\t\t\t\t\t\t\t\t\t\t\t\t\t\t\t\t\t\t\t\t\t<a title=\"\" class=\"fancybox_1010\" data-fancybox-group=\"gallery\"  href=\"https:\/\/artes-valve.com\/wp-content\/uploads\/rkh_200_w_fl_au_3-1.jpg\" style=\"color:#FFFFFF;\">\n\t\t\t\t\t\t\t\t\t\t\t\t\t\t<i class=\"fas fa-camera fa-4x\"><\/i>\n\t\t\t\t\t\t\t\t\t\t\t\t\t\t<img decoding=\"async\" src=\"https:\/\/artes-valve.com\/wp-content\/uploads\/rkh_200_w_fl_au_3-1.jpg\" class=\"gall-img-responsive\" style=\"display:none !important; visibility:hidden\" alt=\"\">\n\t\t\t\t\t\t\t\t\t\t\t\t\t<\/a>\n\t\t\t\t\t\t\t\t\t\t\t\t\t\t\t\t\t\t\t\t\t\t\t\t<\/p>\n\t\t\t\t\t\t\t\t\t\t<\/div>\n\t\t\t\t\t\t\t\t\t<\/div>\t\n\t\t\t\t\t\t\t\t\t\t\t\t\t\t\t\t\t\t\t\n\t\t\t\t\t\t\t\t\t\t\t\t\t\t\t\t\t\t<!--Gallery Label-->\n\t\t\t\t\t\t\t\t\t\t\t\t\t\t\t\t\t<\/div>\n\t\t\t\t\t\t\t<\/div>\n\t\t\t\t\t\t\t\t\t\t\t<\/div>\n\t\t\t\t\t\t<\/div>\n\t\t\t\t\n\t\t    <\/div>\n\n\t<!-- Photo box-->\n    \t\n\t\n\t<!-- Swipe Box-->\n\t\t\n\t<!-- Magnific box-->\n\t\t\n\t\n\t<!-- Fancy box-->\n\t\t<script type=\"text\/javascript\">\n\tjQuery(document).ready(function() {\n\t\tjQuery('.fancybox_1010').fancybox();\n\t});\n\t<\/script>\n\t\t\t\n        \r\n","protected":false},"excerpt":{"rendered":"<p>La V\u00e1lvula de Control de Bola &#8211; Tipo W es una v\u00e1lvula de control de gran calidad para tareas de control exigentes. Desarrollada y concebida particularmente como v\u00e1lvula de control altamente resistente al desgaste y totalmente herm\u00e9tica para ciclos de agua y vapor. Fluidos Agua\/Vapor, gases calientes Campos de Aplicaci\u00f3n [\u2026] <\/p>\n<div class=\"clear\"><\/div>\n<p><a class=\"more_link clearfix\" href=\"https:\/\/artes-valve.com\/es\/?p=1010\" rel=\"nofollow\">Read More &rarr;<\/a><\/p>\n","protected":false},"author":1,"featured_media":0,"parent":38,"menu_order":23,"comment_status":"closed","ping_status":"closed","template":"templates\/full-width.php","meta":{"footnotes":""},"class_list":["post-128","page","type-page","status-publish","hentry"],"translation":{"provider":"WPGlobus","version":"3.0.2","language":"es","enabled_languages":["de","en","es"],"languages":{"de":{"title":true,"content":true,"excerpt":false},"en":{"title":true,"content":true,"excerpt":false},"es":{"title":true,"content":true,"excerpt":false}}},"yoast_head":"<!-- This site is optimized with the Yoast SEO Premium plugin v27.2 (Yoast SEO v27.2) - https:\/\/yoast.com\/product\/yoast-seo-premium-wordpress\/ -->\n<title>V\u00e1lvula de Control de Bola - Tipo W | ARTES Valve &amp; Service GmbH<\/title>\n<meta name=\"robots\" content=\"index, follow, max-snippet:-1, max-image-preview:large, max-video-preview:-1\" \/>\n<link rel=\"canonical\" href=\"https:\/\/artes-valve.com\/produkte\/regelkugelhahn-w\/\" \/>\n<meta property=\"og:locale\" content=\"es_ES\" \/>\n<meta property=\"og:type\" content=\"article\" \/>\n<meta property=\"og:title\" content=\"V\u00e1lvula de Control de Bola - Tipo W | ARTES Valve &amp; Service GmbH\" \/>\n<meta property=\"og:url\" content=\"https:\/\/artes-valve.com\/produkte\/regelkugelhahn-w\/\" \/>\n<meta property=\"og:site_name\" content=\"ARTES Valve &amp; Service GmbH\" \/>\n<meta property=\"article:modified_time\" content=\"2024-06-13T13:22:48+00:00\" \/>\n<meta name=\"twitter:card\" content=\"summary_large_image\" \/>\n<meta name=\"twitter:label1\" content=\"Est. reading time\" \/>\n\t<meta name=\"twitter:data1\" content=\"1 minute\" \/>\n<script type=\"application\/ld+json\" class=\"yoast-schema-graph\">{\"@context\":\"https:\/\/schema.org\",\"@graph\":[{\"@type\":\"WebPage\",\"@id\":\"https:\/\/artes-valve.com\/produkte\/regelkugelhahn-w\/\",\"url\":\"https:\/\/artes-valve.com\/produkte\/regelkugelhahn-w\/\",\"name\":\"V\u00e1lvula de Control de Bola - Tipo W | ARTES Valve &amp; Service GmbH\",\"isPartOf\":{\"@id\":\"https:\/\/artes-valve.com\/#website\"},\"datePublished\":\"2019-01-21T09:14:16+00:00\",\"dateModified\":\"2024-06-13T13:22:48+00:00\",\"description\":\"Der Regelkugelhahn W der ARTES VALVE & SERVICE GmbH ist eine zuverl\u00e4ssige Armatur zur Druck- und Mengenregelung f\u00fcr Wasser\/Dampf und Hei\u00dfgas\",\"breadcrumb\":{\"@id\":\"https:\/\/artes-valve.com\/produkte\/regelkugelhahn-w\/#breadcrumb\"},\"inLanguage\":\"es-ES\",\"potentialAction\":[{\"@type\":\"ReadAction\",\"target\":[\"https:\/\/artes-valve.com\/produkte\/regelkugelhahn-w\/\"]}]},{\"@type\":\"BreadcrumbList\",\"@id\":\"https:\/\/artes-valve.com\/produkte\/regelkugelhahn-w\/#breadcrumb\",\"itemListElement\":[{\"@type\":\"ListItem\",\"position\":1,\"name\":\"Startseite\",\"item\":\"https:\/\/artes-valve.com\/\"},{\"@type\":\"ListItem\",\"position\":2,\"name\":\"Produkte der ARTES Valve &#038; Service GmbH\",\"item\":\"https:\/\/artes-valve.com\/produkte\/\"},{\"@type\":\"ListItem\",\"position\":3,\"name\":\"Regelkugelhahn W\"}]},{\"@type\":\"WebSite\",\"@id\":\"https:\/\/artes-valve.com\/#website\",\"url\":\"https:\/\/artes-valve.com\/\",\"name\":\"ARTES Valve &amp; Service GmbH\",\"description\":\"La soluci\u00f3n perfecta para regulaci\u00f3n y control\",\"publisher\":{\"@id\":\"https:\/\/artes-valve.com\/#organization\"},\"alternateName\":\"ARTES Valve & Service GmbH\",\"potentialAction\":[{\"@type\":\"SearchAction\",\"target\":{\"@type\":\"EntryPoint\",\"urlTemplate\":\"https:\/\/artes-valve.com\/?s={search_term_string}\"},\"query-input\":{\"@type\":\"PropertyValueSpecification\",\"valueRequired\":true,\"valueName\":\"search_term_string\"}}],\"inLanguage\":\"es-ES\"},{\"@type\":\"Organization\",\"@id\":\"https:\/\/artes-valve.com\/#organization\",\"name\":\"ARTES Valve & Service GmbH\",\"url\":\"https:\/\/artes-valve.com\/\",\"logo\":{\"@type\":\"ImageObject\",\"inLanguage\":\"es-ES\",\"@id\":\"https:\/\/artes-valve.com\/#\/schema\/logo\/image\/\",\"url\":\"https:\/\/artes-valve.com\/wp-content\/uploads\/2018\/12\/artes-logo-600px.png\",\"contentUrl\":\"https:\/\/artes-valve.com\/wp-content\/uploads\/2018\/12\/artes-logo-600px.png\",\"width\":600,\"height\":184,\"caption\":\"ARTES Valve & Service GmbH\"},\"image\":{\"@id\":\"https:\/\/artes-valve.com\/#\/schema\/logo\/image\/\"}}]}<\/script>\n<!-- \/ Yoast SEO Premium plugin. -->","yoast_head_json":{"title":"V\u00e1lvula de Control de Bola - Tipo W | ARTES Valve &amp; Service GmbH","robots":{"index":"index","follow":"follow","max-snippet":"max-snippet:-1","max-image-preview":"max-image-preview:large","max-video-preview":"max-video-preview:-1"},"canonical":"https:\/\/artes-valve.com\/produkte\/regelkugelhahn-w\/","og_locale":"es_ES","og_type":"article","og_title":"V\u00e1lvula de Control de Bola - Tipo W | ARTES Valve &amp; Service GmbH","og_url":"https:\/\/artes-valve.com\/produkte\/regelkugelhahn-w\/","og_site_name":"ARTES Valve &amp; Service GmbH","article_modified_time":"2024-06-13T13:22:48+00:00","twitter_card":"summary_large_image","twitter_misc":{"Est. reading time":"1 minute"},"schema":{"@context":"https:\/\/schema.org","@graph":[{"@type":"WebPage","@id":"https:\/\/artes-valve.com\/produkte\/regelkugelhahn-w\/","url":"https:\/\/artes-valve.com\/produkte\/regelkugelhahn-w\/","name":"V\u00e1lvula de Control de Bola - Tipo W | ARTES Valve &amp; Service GmbH","isPartOf":{"@id":"https:\/\/artes-valve.com\/#website"},"datePublished":"2019-01-21T09:14:16+00:00","dateModified":"2024-06-13T13:22:48+00:00","description":"Der Regelkugelhahn W der ARTES VALVE & SERVICE GmbH ist eine zuverl\u00e4ssige Armatur zur Druck- und Mengenregelung f\u00fcr Wasser\/Dampf und Hei\u00dfgas","breadcrumb":{"@id":"https:\/\/artes-valve.com\/produkte\/regelkugelhahn-w\/#breadcrumb"},"inLanguage":"es-ES","potentialAction":[{"@type":"ReadAction","target":["https:\/\/artes-valve.com\/produkte\/regelkugelhahn-w\/"]}]},{"@type":"BreadcrumbList","@id":"https:\/\/artes-valve.com\/produkte\/regelkugelhahn-w\/#breadcrumb","itemListElement":[{"@type":"ListItem","position":1,"name":"Startseite","item":"https:\/\/artes-valve.com\/"},{"@type":"ListItem","position":2,"name":"Produkte der ARTES Valve &#038; Service GmbH","item":"https:\/\/artes-valve.com\/produkte\/"},{"@type":"ListItem","position":3,"name":"Regelkugelhahn W"}]},{"@type":"WebSite","@id":"https:\/\/artes-valve.com\/#website","url":"https:\/\/artes-valve.com\/","name":"ARTES Valve &amp; Service GmbH","description":"La soluci\u00f3n perfecta para regulaci\u00f3n y control","publisher":{"@id":"https:\/\/artes-valve.com\/#organization"},"alternateName":"ARTES Valve & Service GmbH","potentialAction":[{"@type":"SearchAction","target":{"@type":"EntryPoint","urlTemplate":"https:\/\/artes-valve.com\/?s={search_term_string}"},"query-input":{"@type":"PropertyValueSpecification","valueRequired":true,"valueName":"search_term_string"}}],"inLanguage":"es-ES"},{"@type":"Organization","@id":"https:\/\/artes-valve.com\/#organization","name":"ARTES Valve & Service GmbH","url":"https:\/\/artes-valve.com\/","logo":{"@type":"ImageObject","inLanguage":"es-ES","@id":"https:\/\/artes-valve.com\/#\/schema\/logo\/image\/","url":"https:\/\/artes-valve.com\/wp-content\/uploads\/2018\/12\/artes-logo-600px.png","contentUrl":"https:\/\/artes-valve.com\/wp-content\/uploads\/2018\/12\/artes-logo-600px.png","width":600,"height":184,"caption":"ARTES Valve & Service GmbH"},"image":{"@id":"https:\/\/artes-valve.com\/#\/schema\/logo\/image\/"}}]}},"_links":{"self":[{"href":"https:\/\/artes-valve.com\/es\/wp-json\/wp\/v2\/pages\/128","targetHints":{"allow":["GET"]}}],"collection":[{"href":"https:\/\/artes-valve.com\/es\/wp-json\/wp\/v2\/pages"}],"about":[{"href":"https:\/\/artes-valve.com\/es\/wp-json\/wp\/v2\/types\/page"}],"author":[{"embeddable":true,"href":"https:\/\/artes-valve.com\/es\/wp-json\/wp\/v2\/users\/1"}],"replies":[{"embeddable":true,"href":"https:\/\/artes-valve.com\/es\/wp-json\/wp\/v2\/comments?post=128"}],"version-history":[{"count":30,"href":"https:\/\/artes-valve.com\/es\/wp-json\/wp\/v2\/pages\/128\/revisions"}],"predecessor-version":[{"id":5919,"href":"https:\/\/artes-valve.com\/es\/wp-json\/wp\/v2\/pages\/128\/revisions\/5919"}],"up":[{"embeddable":true,"href":"https:\/\/artes-valve.com\/es\/wp-json\/wp\/v2\/pages\/38"}],"wp:attachment":[{"href":"https:\/\/artes-valve.com\/es\/wp-json\/wp\/v2\/media?parent=128"}],"curies":[{"name":"wp","href":"https:\/\/api.w.org\/{rel}","templated":true}]}}