{"id":7876,"date":"2026-02-23T14:56:03","date_gmt":"2026-02-23T13:56:03","guid":{"rendered":"https:\/\/artes-valve.com\/?page_id=7876"},"modified":"2026-03-31T15:31:47","modified_gmt":"2026-03-31T13:31:47","slug":"ye7pa9sd2fg5hj8kl0mn3op6qr9st2uv5wx8yz1ab4cc7de0fg3hi6jk9ll2mn","status":"publish","type":"page","link":"https:\/\/artes-valve.com\/en\/referenzen\/ye7pa9sd2fg5hj8kl0mn3op6qr9st2uv5wx8yz1ab4cc7de0fg3hi6jk9ll2mn\/","title":{"rendered":"References Steam Converting Stations"},"content":{"rendered":"\n<h3 class=\"wp-block-heading\" id=\"h-a-selection-of-artes-steam-converting-stations\">A selection of ARTES steam converting stations.<\/h3>\n\n\n\n<figure class=\"wp-block-image size-large\"><img loading=\"lazy\" decoding=\"async\" width=\"1024\" height=\"467\" src=\"https:\/\/artes-valve.com\/wp-content\/uploads\/DU-front-persp_DSC_5280-1024x467.jpg\" alt=\"ARTES Dampfumformstation\" class=\"wp-image-7879\" srcset=\"https:\/\/artes-valve.com\/wp-content\/uploads\/DU-front-persp_DSC_5280-1024x467.jpg 1024w, https:\/\/artes-valve.com\/wp-content\/uploads\/DU-front-persp_DSC_5280-300x137.jpg 300w, https:\/\/artes-valve.com\/wp-content\/uploads\/DU-front-persp_DSC_5280-768x350.jpg 768w, https:\/\/artes-valve.com\/wp-content\/uploads\/DU-front-persp_DSC_5280-121x55.jpg 121w, https:\/\/artes-valve.com\/wp-content\/uploads\/DU-front-persp_DSC_5280-800x365.jpg 800w, https:\/\/artes-valve.com\/wp-content\/uploads\/DU-front-persp_DSC_5280-680x310.jpg 680w, https:\/\/artes-valve.com\/wp-content\/uploads\/DU-front-persp_DSC_5280-200x91.jpg 200w, https:\/\/artes-valve.com\/wp-content\/uploads\/DU-front-persp_DSC_5280.jpg 1140w\" sizes=\"auto, (max-width: 1024px) 100vw, 1024px\" \/><\/figure>\n\n\n\n<p class=\"has-text-align-right has-small-font-size\">An ARTES steam converting station, ready for shipping. \u00a9 ARTES.<\/p>\n\n\n\n<p><strong>Note:<\/strong> The PDFs open in a new tab. Please, ensure that your browser settings are set to &#8220;Show downloads in a new tab&#8221;.<\/p>\n\n\n\n<p><a href=\"https:\/\/portal.artes-valve.de\/references.php\"><strong>\u00ab Back to the overview page<\/strong><\/a><\/p>\n\n\n\n<table id=\"tablepress-2\" class=\"tablepress tablepress-id-2\">\n<thead>\n<tr class=\"row-1\">\n\t<th class=\"column-1\">Power<br \/>\nt\/h<br \/>\n<\/th><th class=\"column-2\">Pressure reduction<br \/>\npe\/pa in bar<\/th><th class=\"column-3\">DN<\/th><th class=\"column-4\">Project<\/th><th class=\"column-5\">Steam test device<\/th><th class=\"column-6\">Order details<\/th>\n<\/tr>\n<\/thead>\n<tbody class=\"row-striping row-hover\">\n<tr class=\"row-2\">\n\t<td class=\"column-1\">53<\/td><td class=\"column-2\">41\/5<\/td><td class=\"column-3\">12\"\/36\" #600<\/td><td class=\"column-4\">Sasol<\/td><td class=\"column-5\"><\/td><td class=\"column-6\"> <a href=\"https:\/\/artes-valve.com\/wp-content\/uploads\/5501137_db_DU_gesamt.pdf\" target=\"_blank\">PDF \u2197<\/a><\/td>\n<\/tr>\n<tr class=\"row-3\">\n\t<td class=\"column-1\">35<\/td><td class=\"column-2\">38\/1<\/td><td class=\"column-3\">150\/1000<\/td><td class=\"column-4\">Zofingen<\/td><td class=\"column-5\"><\/td><td class=\"column-6\"><a href=\"https:\/\/artes-valve.com\/wp-content\/uploads\/5502512_db_DUS_gesamt.pdf\" target=\"_blank\"> PDF \u2197<\/a><\/td>\n<\/tr>\n<tr class=\"row-4\">\n\t<td class=\"column-1\">133<\/td><td class=\"column-2\">35\/0,6<\/td><td class=\"column-3\">300\/1000<\/td><td class=\"column-4\">Cottbus<\/td><td class=\"column-5\"><\/td><td class=\"column-6\"> <a href=\"https:\/\/artes-valve.com\/wp-content\/uploads\/5502548_DUS_gesamt.pdf\" target=\"_blank\">PDF \u2197<\/a><\/td>\n<\/tr>\n<tr class=\"row-5\">\n\t<td class=\"column-1\">100<\/td><td class=\"column-2\">76\/19<\/td><td class=\"column-3\">150\/300<\/td><td class=\"column-4\">Salzgitter<\/td><td class=\"column-5\"><\/td><td class=\"column-6\"> <a href=\"https:\/\/artes-valve.com\/wp-content\/uploads\/5502696_DUS_gesamt.pdf\" target=\"_blank\">PDF \u2197<\/a><\/td>\n<\/tr>\n<tr class=\"row-6\">\n\t<td class=\"column-1\">230<\/td><td class=\"column-2\">81\/6<\/td><td class=\"column-3\">250\/700<\/td><td class=\"column-4\">Krasnodar<\/td><td class=\"column-5\"><\/td><td class=\"column-6\"> <a href=\"https:\/\/artes-valve.com\/wp-content\/uploads\/5503049_DUS_gesamt.pdf\" target=\"_blank\">PDF \u2197<\/a><\/td>\n<\/tr>\n<tr class=\"row-7\">\n\t<td class=\"column-1\">35<\/td><td class=\"column-2\">70\/4<\/td><td class=\"column-3\">150\/400<\/td><td class=\"column-4\">Berlin<\/td><td class=\"column-5\"><\/td><td class=\"column-6\"> <a href=\"https:\/\/artes-valve.com\/wp-content\/uploads\/5503250_DUS_gesamt.pdf\" target=\"_blank\">PDF \u2197<\/a><\/td>\n<\/tr>\n<tr class=\"row-8\">\n\t<td class=\"column-1\">53<\/td><td class=\"column-2\">41\/5<\/td><td class=\"column-3\">12\"\/36\" #600<\/td><td class=\"column-4\">Sasol<\/td><td class=\"column-5\"><\/td><td class=\"column-6\"> <a href=\"https:\/\/artes-valve.com\/wp-content\/uploads\/5501137_1_DUS_gesamt.pdf\" target=\"_blank\">PDF \u2197<\/a><\/td>\n<\/tr>\n<tr class=\"row-9\">\n\t<td class=\"column-1\">29<\/td><td class=\"column-2\">85\/2,5<\/td><td class=\"column-3\">125\/500<\/td><td class=\"column-4\">Bihov<\/td><td class=\"column-5\"><\/td><td class=\"column-6\"><a href=\"https:\/\/artes-valve.com\/wp-content\/uploads\/5504246_10_DUS_gesamt.pdf\" target=\"_blank\"> PDF \u2197<\/a><\/td>\n<\/tr>\n<tr class=\"row-10\">\n\t<td class=\"column-1\">5,5<\/td><td class=\"column-2\">85\/2,5<\/td><td class=\"column-3\">50\/250<\/td><td class=\"column-4\">Bihov<\/td><td class=\"column-5\"><\/td><td class=\"column-6\"><a href=\"https:\/\/artes-valve.com\/wp-content\/uploads\/5504246_11_DUS_gesamt.pdf\" target=\"_blank\"> PDF \u2197<\/a><\/td>\n<\/tr>\n<tr class=\"row-11\">\n\t<td class=\"column-1\">26<\/td><td class=\"column-2\">85\/2,5<\/td><td class=\"column-3\">100\/500<\/td><td class=\"column-4\">Bihov<\/td><td class=\"column-5\"><\/td><td class=\"column-6\"> <a href=\"https:\/\/artes-valve.com\/wp-content\/uploads\/5504246_12_DUS_gesamt.pdf\" target=\"_blank\">PDF \u2197<\/a><\/td>\n<\/tr>\n<tr class=\"row-12\">\n\t<td class=\"column-1\">6<\/td><td class=\"column-2\">73\/10<\/td><td class=\"column-3\">50\/100<\/td><td class=\"column-4\">Berlin<\/td><td class=\"column-5\"><\/td><td class=\"column-6\"><a href=\"https:\/\/artes-valve.com\/wp-content\/uploads\/5504572_DUS_gesamt.pdf\" target=\"_blank\"> PDF \u2197<\/a><\/td>\n<\/tr>\n<tr class=\"row-13\">\n\t<td class=\"column-1\">40<\/td><td class=\"column-2\">48\/5<\/td><td class=\"column-3\">150\/500<\/td><td class=\"column-4\">Ludwigshafen<\/td><td class=\"column-5\"><\/td><td class=\"column-6\"><a href=\"https:\/\/artes-valve.com\/wp-content\/uploads\/5504685_DUS_gesamt.pdf\" target=\"_blank\"> PDF \u2197<\/a><\/td>\n<\/tr>\n<tr class=\"row-14\">\n\t<td class=\"column-1\">16<\/td><td class=\"column-2\">41\/7,6<\/td><td class=\"column-3\">125\/200<\/td><td class=\"column-4\">Hamburg<\/td><td class=\"column-5\">YES<br \/>\n<a href=\"https:\/\/artes-valve.com\/wp-content\/uploads\/doku_Uniteq_Dampfpruefstock_5504917_5505036.pdf\" target=\"_blank\">Device Documentation \u2197<\/a><\/td><td class=\"column-6\"> <a href=\"https:\/\/artes-valve.com\/wp-content\/uploads\/5504917-DUS_gesamt.pdf\" target=\"_blank\">PDF \u2197<\/a><\/td>\n<\/tr>\n<tr class=\"row-15\">\n\t<td class=\"column-1\">110<\/td><td class=\"column-2\">82\/16<\/td><td class=\"column-3\">8\"\/18\"<\/td><td class=\"column-4\">Nigeria<\/td><td class=\"column-5\"><\/td><td class=\"column-6\"> <a href=\"https:\/\/artes-valve.com\/wp-content\/uploads\/5504967-DUS_gesamt.pdf\" target=\"_blank\">PDF \u2197<\/a><\/td>\n<\/tr>\n<tr class=\"row-16\">\n\t<td class=\"column-1\">37<\/td><td class=\"column-2\">70\/11<\/td><td class=\"column-3\">100\/250<\/td><td class=\"column-4\">Schwedt<\/td><td class=\"column-5\">YES<br \/>\n<a href=\"https:\/\/artes-valve.com\/wp-content\/uploads\/doku_Uniteq_Dampfpruefstock_5504917_5505036.pdf\" target=\"_blank\">Device Documentation \u2197<\/a><\/td><td class=\"column-6\"><a href=\"https:\/\/artes-valve.com\/wp-content\/uploads\/5505036-DUS_gesamt.pdf\" target=\"_blank\"> PDF \u2197<\/a><\/td>\n<\/tr>\n<tr class=\"row-17\">\n\t<td class=\"column-1\">50<\/td><td class=\"column-2\">88\/14<\/td><td class=\"column-3\">125\/250<\/td><td class=\"column-4\">Kralupy<\/td><td class=\"column-5\"><\/td><td class=\"column-6\"> <a href=\"https:\/\/artes-valve.com\/wp-content\/uploads\/5505173-DUS_gesamt.pdf\" target=\"_blank\">PDF \u2197<\/a><\/td>\n<\/tr>\n<tr class=\"row-18\">\n\t<td class=\"column-1\">8<\/td><td class=\"column-2\">33\/4<\/td><td class=\"column-3\">80\/200<\/td><td class=\"column-4\">Nysa<\/td><td class=\"column-5\"><\/td><td class=\"column-6\"> <a href=\"https:\/\/artes-valve.com\/wp-content\/uploads\/5505294-DUS_gesamt.pdf\" target=\"_blank\">PDF \u2197<\/a><\/td>\n<\/tr>\n<\/tbody>\n<\/table>\n<!-- #tablepress-2 from cache -->\n","protected":false},"excerpt":{"rendered":"<p>A selection of ARTES steam converting stations. An ARTES steam converting station, ready for shipping. \u00a9 ARTES. Note: The PDFs open in a new tab. Please, ensure that your browser settings are set to &#8220;Show downloads in a new tab&#8221;. \u00ab Back to the overview page<\/p>\n","protected":false},"author":1,"featured_media":0,"parent":7874,"menu_order":302,"comment_status":"closed","ping_status":"closed","template":"templates\/full-width.php","meta":{"footnotes":""},"class_list":["post-7876","page","type-page","status-publish","hentry"],"translation":{"provider":"WPGlobus","version":"3.0.2","language":"en","enabled_languages":["de","en","es"],"languages":{"de":{"title":true,"content":true,"excerpt":false},"en":{"title":false,"content":false,"excerpt":false},"es":{"title":false,"content":false,"excerpt":false}}},"yoast_head":"<!-- This site is optimized with the Yoast SEO Premium plugin v27.2 (Yoast SEO v27.2) - https:\/\/yoast.com\/product\/yoast-seo-premium-wordpress\/ -->\n<title>References Steam Converting Stations | ARTES Valve &amp; Service GmbH<\/title>\n<meta name=\"robots\" content=\"index, follow, max-snippet:-1, max-image-preview:large, max-video-preview:-1\" \/>\n<link rel=\"canonical\" href=\"https:\/\/artes-valve.com\/referenzen\/ye7pa9sd2fg5hj8kl0mn3op6qr9st2uv5wx8yz1ab4cc7de0fg3hi6jk9ll2mn\/\" \/>\n<meta property=\"og:locale\" content=\"en_US\" \/>\n<meta property=\"og:type\" content=\"article\" \/>\n<meta property=\"og:title\" content=\"References Steam Converting Stations | ARTES Valve &amp; Service GmbH\" \/>\n<meta property=\"og:url\" content=\"https:\/\/artes-valve.com\/referenzen\/ye7pa9sd2fg5hj8kl0mn3op6qr9st2uv5wx8yz1ab4cc7de0fg3hi6jk9ll2mn\/\" \/>\n<meta property=\"og:site_name\" content=\"ARTES Valve &amp; Service GmbH\" \/>\n<meta property=\"article:modified_time\" content=\"2026-03-31T13:31:47+00:00\" \/>\n<meta property=\"og:image\" content=\"https:\/\/artes-valve.com\/wp-content\/uploads\/DU-front-persp_DSC_5280.jpg\" \/>\n\t<meta property=\"og:image:width\" content=\"1140\" \/>\n\t<meta property=\"og:image:height\" content=\"520\" \/>\n\t<meta property=\"og:image:type\" content=\"image\/jpeg\" \/>\n<meta name=\"twitter:card\" content=\"summary_large_image\" \/>\n<meta name=\"twitter:label1\" content=\"Est. reading time\" \/>\n\t<meta name=\"twitter:data1\" content=\"1 minute\" \/>\n<script type=\"application\/ld+json\" class=\"yoast-schema-graph\">{\"@context\":\"https:\/\/schema.org\",\"@graph\":[{\"@type\":\"WebPage\",\"@id\":\"https:\/\/artes-valve.com\/referenzen\/ye7pa9sd2fg5hj8kl0mn3op6qr9st2uv5wx8yz1ab4cc7de0fg3hi6jk9ll2mn\/\",\"url\":\"https:\/\/artes-valve.com\/referenzen\/ye7pa9sd2fg5hj8kl0mn3op6qr9st2uv5wx8yz1ab4cc7de0fg3hi6jk9ll2mn\/\",\"name\":\"References Steam Converting Stations | ARTES Valve &amp; Service GmbH\",\"isPartOf\":{\"@id\":\"https:\/\/artes-valve.com\/#website\"},\"primaryImageOfPage\":{\"@id\":\"https:\/\/artes-valve.com\/referenzen\/ye7pa9sd2fg5hj8kl0mn3op6qr9st2uv5wx8yz1ab4cc7de0fg3hi6jk9ll2mn\/#primaryimage\"},\"image\":{\"@id\":\"https:\/\/artes-valve.com\/referenzen\/ye7pa9sd2fg5hj8kl0mn3op6qr9st2uv5wx8yz1ab4cc7de0fg3hi6jk9ll2mn\/#primaryimage\"},\"thumbnailUrl\":\"https:\/\/artes-valve.com\/wp-content\/uploads\/DU-front-persp_DSC_5280-1024x467.jpg\",\"datePublished\":\"2026-02-23T13:56:03+00:00\",\"dateModified\":\"2026-03-31T13:31:47+00:00\",\"description\":\"ARTES Valve & Service GmbH entwickelt, konstruiert und fertigt Spezialarmaturen f\u00fcr die Erd\u00f6l- und Erdgas-Industrie, die Kraftwerksbranche sowie den Anlagenbau: Drei-Wege- oder Regelkugel-Ventile, Einspritzk\u00fchler, Dampfumformstationen.\",\"breadcrumb\":{\"@id\":\"https:\/\/artes-valve.com\/referenzen\/ye7pa9sd2fg5hj8kl0mn3op6qr9st2uv5wx8yz1ab4cc7de0fg3hi6jk9ll2mn\/#breadcrumb\"},\"inLanguage\":\"en-US\",\"potentialAction\":[{\"@type\":\"ReadAction\",\"target\":[\"https:\/\/artes-valve.com\/referenzen\/ye7pa9sd2fg5hj8kl0mn3op6qr9st2uv5wx8yz1ab4cc7de0fg3hi6jk9ll2mn\/\"]}]},{\"@type\":\"ImageObject\",\"inLanguage\":\"en-US\",\"@id\":\"https:\/\/artes-valve.com\/referenzen\/ye7pa9sd2fg5hj8kl0mn3op6qr9st2uv5wx8yz1ab4cc7de0fg3hi6jk9ll2mn\/#primaryimage\",\"url\":\"https:\/\/artes-valve.com\/wp-content\/uploads\/DU-front-persp_DSC_5280-1024x467.jpg\",\"contentUrl\":\"https:\/\/artes-valve.com\/wp-content\/uploads\/DU-front-persp_DSC_5280-1024x467.jpg\"},{\"@type\":\"BreadcrumbList\",\"@id\":\"https:\/\/artes-valve.com\/referenzen\/ye7pa9sd2fg5hj8kl0mn3op6qr9st2uv5wx8yz1ab4cc7de0fg3hi6jk9ll2mn\/#breadcrumb\",\"itemListElement\":[{\"@type\":\"ListItem\",\"position\":1,\"name\":\"Startseite\",\"item\":\"https:\/\/artes-valve.com\/\"},{\"@type\":\"ListItem\",\"position\":2,\"name\":\"Referenzen\",\"item\":\"https:\/\/artes-valve.com\/referenzen\/\"},{\"@type\":\"ListItem\",\"position\":3,\"name\":\"References Steam Converting Stations\"}]},{\"@type\":\"WebSite\",\"@id\":\"https:\/\/artes-valve.com\/#website\",\"url\":\"https:\/\/artes-valve.com\/\",\"name\":\"ARTES Valve &amp; Service GmbH\",\"description\":\"The answer for perfect control\",\"publisher\":{\"@id\":\"https:\/\/artes-valve.com\/#organization\"},\"alternateName\":\"ARTES Valve & Service GmbH\",\"potentialAction\":[{\"@type\":\"SearchAction\",\"target\":{\"@type\":\"EntryPoint\",\"urlTemplate\":\"https:\/\/artes-valve.com\/?s={search_term_string}\"},\"query-input\":{\"@type\":\"PropertyValueSpecification\",\"valueRequired\":true,\"valueName\":\"search_term_string\"}}],\"inLanguage\":\"en-US\"},{\"@type\":\"Organization\",\"@id\":\"https:\/\/artes-valve.com\/#organization\",\"name\":\"ARTES Valve & Service GmbH\",\"url\":\"https:\/\/artes-valve.com\/\",\"logo\":{\"@type\":\"ImageObject\",\"inLanguage\":\"en-US\",\"@id\":\"https:\/\/artes-valve.com\/#\/schema\/logo\/image\/\",\"url\":\"https:\/\/artes-valve.com\/wp-content\/uploads\/2018\/12\/artes-logo-600px.png\",\"contentUrl\":\"https:\/\/artes-valve.com\/wp-content\/uploads\/2018\/12\/artes-logo-600px.png\",\"width\":600,\"height\":184,\"caption\":\"ARTES Valve & Service GmbH\"},\"image\":{\"@id\":\"https:\/\/artes-valve.com\/#\/schema\/logo\/image\/\"}}]}<\/script>\n<!-- \/ Yoast SEO Premium plugin. -->","yoast_head_json":{"title":"References Steam Converting Stations | ARTES Valve &amp; Service GmbH","robots":{"index":"index","follow":"follow","max-snippet":"max-snippet:-1","max-image-preview":"max-image-preview:large","max-video-preview":"max-video-preview:-1"},"canonical":"https:\/\/artes-valve.com\/referenzen\/ye7pa9sd2fg5hj8kl0mn3op6qr9st2uv5wx8yz1ab4cc7de0fg3hi6jk9ll2mn\/","og_locale":"en_US","og_type":"article","og_title":"References Steam Converting Stations | ARTES Valve &amp; Service GmbH","og_url":"https:\/\/artes-valve.com\/referenzen\/ye7pa9sd2fg5hj8kl0mn3op6qr9st2uv5wx8yz1ab4cc7de0fg3hi6jk9ll2mn\/","og_site_name":"ARTES Valve &amp; Service GmbH","article_modified_time":"2026-03-31T13:31:47+00:00","og_image":[{"width":1140,"height":520,"url":"https:\/\/artes-valve.com\/wp-content\/uploads\/DU-front-persp_DSC_5280.jpg","type":"image\/jpeg"}],"twitter_card":"summary_large_image","twitter_misc":{"Est. reading time":"1 minute"},"schema":{"@context":"https:\/\/schema.org","@graph":[{"@type":"WebPage","@id":"https:\/\/artes-valve.com\/referenzen\/ye7pa9sd2fg5hj8kl0mn3op6qr9st2uv5wx8yz1ab4cc7de0fg3hi6jk9ll2mn\/","url":"https:\/\/artes-valve.com\/referenzen\/ye7pa9sd2fg5hj8kl0mn3op6qr9st2uv5wx8yz1ab4cc7de0fg3hi6jk9ll2mn\/","name":"References Steam Converting Stations | ARTES Valve &amp; Service GmbH","isPartOf":{"@id":"https:\/\/artes-valve.com\/#website"},"primaryImageOfPage":{"@id":"https:\/\/artes-valve.com\/referenzen\/ye7pa9sd2fg5hj8kl0mn3op6qr9st2uv5wx8yz1ab4cc7de0fg3hi6jk9ll2mn\/#primaryimage"},"image":{"@id":"https:\/\/artes-valve.com\/referenzen\/ye7pa9sd2fg5hj8kl0mn3op6qr9st2uv5wx8yz1ab4cc7de0fg3hi6jk9ll2mn\/#primaryimage"},"thumbnailUrl":"https:\/\/artes-valve.com\/wp-content\/uploads\/DU-front-persp_DSC_5280-1024x467.jpg","datePublished":"2026-02-23T13:56:03+00:00","dateModified":"2026-03-31T13:31:47+00:00","description":"ARTES Valve & Service GmbH entwickelt, konstruiert und fertigt Spezialarmaturen f\u00fcr die Erd\u00f6l- und Erdgas-Industrie, die Kraftwerksbranche sowie den Anlagenbau: Drei-Wege- oder Regelkugel-Ventile, Einspritzk\u00fchler, Dampfumformstationen.","breadcrumb":{"@id":"https:\/\/artes-valve.com\/referenzen\/ye7pa9sd2fg5hj8kl0mn3op6qr9st2uv5wx8yz1ab4cc7de0fg3hi6jk9ll2mn\/#breadcrumb"},"inLanguage":"en-US","potentialAction":[{"@type":"ReadAction","target":["https:\/\/artes-valve.com\/referenzen\/ye7pa9sd2fg5hj8kl0mn3op6qr9st2uv5wx8yz1ab4cc7de0fg3hi6jk9ll2mn\/"]}]},{"@type":"ImageObject","inLanguage":"en-US","@id":"https:\/\/artes-valve.com\/referenzen\/ye7pa9sd2fg5hj8kl0mn3op6qr9st2uv5wx8yz1ab4cc7de0fg3hi6jk9ll2mn\/#primaryimage","url":"https:\/\/artes-valve.com\/wp-content\/uploads\/DU-front-persp_DSC_5280-1024x467.jpg","contentUrl":"https:\/\/artes-valve.com\/wp-content\/uploads\/DU-front-persp_DSC_5280-1024x467.jpg"},{"@type":"BreadcrumbList","@id":"https:\/\/artes-valve.com\/referenzen\/ye7pa9sd2fg5hj8kl0mn3op6qr9st2uv5wx8yz1ab4cc7de0fg3hi6jk9ll2mn\/#breadcrumb","itemListElement":[{"@type":"ListItem","position":1,"name":"Startseite","item":"https:\/\/artes-valve.com\/"},{"@type":"ListItem","position":2,"name":"Referenzen","item":"https:\/\/artes-valve.com\/referenzen\/"},{"@type":"ListItem","position":3,"name":"References Steam Converting Stations"}]},{"@type":"WebSite","@id":"https:\/\/artes-valve.com\/#website","url":"https:\/\/artes-valve.com\/","name":"ARTES Valve &amp; Service GmbH","description":"The answer for perfect control","publisher":{"@id":"https:\/\/artes-valve.com\/#organization"},"alternateName":"ARTES Valve & Service GmbH","potentialAction":[{"@type":"SearchAction","target":{"@type":"EntryPoint","urlTemplate":"https:\/\/artes-valve.com\/?s={search_term_string}"},"query-input":{"@type":"PropertyValueSpecification","valueRequired":true,"valueName":"search_term_string"}}],"inLanguage":"en-US"},{"@type":"Organization","@id":"https:\/\/artes-valve.com\/#organization","name":"ARTES Valve & Service GmbH","url":"https:\/\/artes-valve.com\/","logo":{"@type":"ImageObject","inLanguage":"en-US","@id":"https:\/\/artes-valve.com\/#\/schema\/logo\/image\/","url":"https:\/\/artes-valve.com\/wp-content\/uploads\/2018\/12\/artes-logo-600px.png","contentUrl":"https:\/\/artes-valve.com\/wp-content\/uploads\/2018\/12\/artes-logo-600px.png","width":600,"height":184,"caption":"ARTES Valve & Service GmbH"},"image":{"@id":"https:\/\/artes-valve.com\/#\/schema\/logo\/image\/"}}]}},"_links":{"self":[{"href":"https:\/\/artes-valve.com\/en\/wp-json\/wp\/v2\/pages\/7876","targetHints":{"allow":["GET"]}}],"collection":[{"href":"https:\/\/artes-valve.com\/en\/wp-json\/wp\/v2\/pages"}],"about":[{"href":"https:\/\/artes-valve.com\/en\/wp-json\/wp\/v2\/types\/page"}],"author":[{"embeddable":true,"href":"https:\/\/artes-valve.com\/en\/wp-json\/wp\/v2\/users\/1"}],"replies":[{"embeddable":true,"href":"https:\/\/artes-valve.com\/en\/wp-json\/wp\/v2\/comments?post=7876"}],"version-history":[{"count":5,"href":"https:\/\/artes-valve.com\/en\/wp-json\/wp\/v2\/pages\/7876\/revisions"}],"predecessor-version":[{"id":8222,"href":"https:\/\/artes-valve.com\/en\/wp-json\/wp\/v2\/pages\/7876\/revisions\/8222"}],"up":[{"embeddable":true,"href":"https:\/\/artes-valve.com\/en\/wp-json\/wp\/v2\/pages\/7874"}],"wp:attachment":[{"href":"https:\/\/artes-valve.com\/en\/wp-json\/wp\/v2\/media?parent=7876"}],"curies":[{"name":"wp","href":"https:\/\/api.w.org\/{rel}","templated":true}]}}