{"id":7456,"date":"2025-12-15T10:27:11","date_gmt":"2025-12-15T09:27:11","guid":{"rendered":"https:\/\/artes-valve.com\/?page_id=7456"},"modified":"2025-12-15T13:22:05","modified_gmt":"2025-12-15T12:22:05","slug":"ausbildung-bei-artes","status":"publish","type":"page","link":"https:\/\/artes-valve.com\/en\/karriere\/ausbildung-bei-artes\/","title":{"rendered":"Ausbildung bei ARTES"},"content":{"rendered":"\n<p>Die ARTES Valve &amp; Service GmbH, ein Unternehmen der ARCA Flow Group, ist ein mittelst\u00e4ndisches, operativ selbst\u00e4ndiges Unternehmen in Velten im Norden von Berlin. Wir entwickeln, konstruieren und fertigen Spezialarmaturen f\u00fcr die Erd\u00f6l- und Erdgas-Industrie, die Kraftwerksbranche sowie den Anlagenbau. <\/p>\n\n\n\n<p>Mit einer Ausbildung bei ARTES legst Du den Grundstein f\u00fcr einen langfristig sicheren Arbeitspaltz in der Industrie. Dich erwartet eine umfassende und abwechslungsreiche Ausbildung zum <\/p>\n\n\n\n<h3 class=\"wp-block-heading has-text-align-center\" id=\"h-industriemechaniker-in-maschinen-und-anlagentechnik-m-w-d\"><strong>Industriemechaniker\/in \u2013 Maschinen- und Anlagentechnik<\/strong> (m\/w\/d) <\/h3>\n\n\n\n<p>im Verbund mit der ABB Ausbildungszentrum Berlin GmbH.<\/p>\n\n\n\n<p>Die Ausbildungsdauer betr\u00e4gt 3 1\/2 Jahre.<\/p>\n\n\n\n<p><strong>Anforderungen an Bewerber:<\/strong><\/p>\n\n\n\n<ul class=\"wp-block-list\">\n<li>Abschluss der 10. Klasse oder Abitur<\/li>\n\n\n\n<li>gute Deutschkenntnisse<\/li>\n\n\n\n<li>Teamf\u00e4higkeit<\/li>\n\n\n\n<li>Flexibilit\u00e4t<\/li>\n\n\n\n<li>Lernbereitschaft<\/li>\n<\/ul>\n\n\n\n<p><strong>Bewirb Dich jetzt<\/strong>, nicht erst warten bis die Schule zu Ende ist. Komm ins Artes Team.<\/p>\n\n\n\n<div class=\"wp-block-columns is-layout-flex wp-container-core-columns-is-layout-28f84493 wp-block-columns-is-layout-flex\">\n<div class=\"wp-block-column is-layout-flow wp-block-column-is-layout-flow\">\n<p class=\"has-text-align-right\"><strong>Info und Bewerbung<\/strong> an <br>Herrn Mathias Borgwardt \u279c<\/p>\n<\/div>\n\n\n\n<div class=\"wp-block-column is-layout-flow wp-block-column-is-layout-flow\">\n<p><img loading=\"lazy\" decoding=\"async\" width=\"125\" height=\"125\" class=\"wp-image-7458\" style=\"width: 125px;\" src=\"https:\/\/artes-valve.com\/wp-content\/uploads\/Kontakt_M_Borgwardt.png\" alt=\"QR-Code Kontakt zu Mathias Borgwardt\" srcset=\"https:\/\/artes-valve.com\/wp-content\/uploads\/Kontakt_M_Borgwardt.png 300w, https:\/\/artes-valve.com\/wp-content\/uploads\/Kontakt_M_Borgwardt-150x150.png 150w, https:\/\/artes-valve.com\/wp-content\/uploads\/Kontakt_M_Borgwardt-55x55.png 55w, https:\/\/artes-valve.com\/wp-content\/uploads\/Kontakt_M_Borgwardt-72x72.png 72w, https:\/\/artes-valve.com\/wp-content\/uploads\/Kontakt_M_Borgwardt-200x200.png 200w\" sizes=\"auto, (max-width: 125px) 100vw, 125px\" \/><\/p>\n<\/div>\n<\/div>\n\n\n\n<p class=\"has-text-align-right\"><\/p>\n","protected":false},"excerpt":{"rendered":"<p>Die ARTES Valve &amp; Service GmbH, ein Unternehmen der ARCA Flow Group, ist ein mittelst\u00e4ndisches, operativ selbst\u00e4ndiges Unternehmen in Velten im Norden von Berlin. Wir entwickeln, konstruieren und fertigen Spezialarmaturen f\u00fcr die Erd\u00f6l- und Erdgas-Industrie, die Kraftwerksbranche sowie den Anlagenbau. Mit einer Ausbildung bei ARTES legst Du den Grundstein f\u00fcr [\u2026] <\/p>\n<div class=\"clear\"><\/div>\n<p><a class=\"more_link clearfix\" href=\"https:\/\/artes-valve.com\/en\/karriere\/ausbildung-bei-artes\/\" rel=\"nofollow\">Read More &rarr;<\/a><\/p>\n","protected":false},"author":1,"featured_media":0,"parent":240,"menu_order":49,"comment_status":"closed","ping_status":"closed","template":"templates\/full-width.php","meta":{"footnotes":""},"class_list":["post-7456","page","type-page","status-publish","hentry"],"translation":{"provider":"WPGlobus","version":"3.0.2","language":"en","enabled_languages":["de","en","es"],"languages":{"de":{"title":true,"content":true,"excerpt":false},"en":{"title":false,"content":false,"excerpt":false},"es":{"title":false,"content":false,"excerpt":false}}},"yoast_head":"<!-- This site is optimized with the Yoast SEO Premium plugin v27.2 (Yoast SEO v27.2) - https:\/\/yoast.com\/product\/yoast-seo-premium-wordpress\/ -->\n<title>Ausbildung bei ARTES | ARTES Valve &amp; Service GmbH<\/title>\n<meta name=\"robots\" content=\"index, follow, max-snippet:-1, max-image-preview:large, max-video-preview:-1\" \/>\n<link rel=\"canonical\" href=\"https:\/\/artes-valve.com\/karriere\/ausbildung-bei-artes\/\" \/>\n<meta property=\"og:locale\" content=\"en_US\" \/>\n<meta property=\"og:type\" content=\"article\" \/>\n<meta property=\"og:title\" content=\"Ausbildung bei ARTES | ARTES Valve &amp; Service GmbH\" \/>\n<meta property=\"og:url\" content=\"https:\/\/artes-valve.com\/karriere\/ausbildung-bei-artes\/\" \/>\n<meta property=\"og:site_name\" content=\"ARTES Valve &amp; Service GmbH\" \/>\n<meta property=\"article:modified_time\" content=\"2025-12-15T12:22:05+00:00\" \/>\n<meta property=\"og:image\" content=\"https:\/\/artes-valve.com\/wp-content\/uploads\/Kontakt_M_Borgwardt.png\" \/>\n\t<meta property=\"og:image:width\" content=\"300\" \/>\n\t<meta property=\"og:image:height\" content=\"300\" \/>\n\t<meta property=\"og:image:type\" content=\"image\/png\" \/>\n<meta name=\"twitter:card\" content=\"summary_large_image\" \/>\n<meta name=\"twitter:label1\" content=\"Est. reading time\" \/>\n\t<meta name=\"twitter:data1\" content=\"1 minute\" \/>\n<script type=\"application\/ld+json\" class=\"yoast-schema-graph\">{\"@context\":\"https:\/\/schema.org\",\"@graph\":[{\"@type\":\"WebPage\",\"@id\":\"https:\/\/artes-valve.com\/karriere\/ausbildung-bei-artes\/\",\"url\":\"https:\/\/artes-valve.com\/karriere\/ausbildung-bei-artes\/\",\"name\":\"Ausbildung bei ARTES | ARTES Valve &amp; Service GmbH\",\"isPartOf\":{\"@id\":\"https:\/\/artes-valve.com\/#website\"},\"primaryImageOfPage\":{\"@id\":\"https:\/\/artes-valve.com\/karriere\/ausbildung-bei-artes\/#primaryimage\"},\"image\":{\"@id\":\"https:\/\/artes-valve.com\/karriere\/ausbildung-bei-artes\/#primaryimage\"},\"thumbnailUrl\":\"https:\/\/artes-valve.com\/wp-content\/uploads\/Kontakt_M_Borgwardt.png\",\"datePublished\":\"2025-12-15T09:27:11+00:00\",\"dateModified\":\"2025-12-15T12:22:05+00:00\",\"description\":\"ARTES Valve & Service GmbH entwickelt, konstruiert und fertigt Spezialarmaturen f\u00fcr die Erd\u00f6l- und Erdgas-Industrie, die Kraftwerksbranche sowie den Anlagenbau: Drei-Wege- oder Regelkugel-Ventile, Einspritzk\u00fchler, Dampfumformstationen.\",\"breadcrumb\":{\"@id\":\"https:\/\/artes-valve.com\/karriere\/ausbildung-bei-artes\/#breadcrumb\"},\"inLanguage\":\"en-US\",\"potentialAction\":[{\"@type\":\"ReadAction\",\"target\":[\"https:\/\/artes-valve.com\/karriere\/ausbildung-bei-artes\/\"]}]},{\"@type\":\"ImageObject\",\"inLanguage\":\"en-US\",\"@id\":\"https:\/\/artes-valve.com\/karriere\/ausbildung-bei-artes\/#primaryimage\",\"url\":\"https:\/\/artes-valve.com\/wp-content\/uploads\/Kontakt_M_Borgwardt.png\",\"contentUrl\":\"https:\/\/artes-valve.com\/wp-content\/uploads\/Kontakt_M_Borgwardt.png\"},{\"@type\":\"BreadcrumbList\",\"@id\":\"https:\/\/artes-valve.com\/karriere\/ausbildung-bei-artes\/#breadcrumb\",\"itemListElement\":[{\"@type\":\"ListItem\",\"position\":1,\"name\":\"Startseite\",\"item\":\"https:\/\/artes-valve.com\/\"},{\"@type\":\"ListItem\",\"position\":2,\"name\":\"Ihre Karriere bei der ARTES Valve &amp; Service GmbH\",\"item\":\"https:\/\/artes-valve.com\/karriere\/\"},{\"@type\":\"ListItem\",\"position\":3,\"name\":\"Ausbildung bei ARTES\"}]},{\"@type\":\"WebSite\",\"@id\":\"https:\/\/artes-valve.com\/#website\",\"url\":\"https:\/\/artes-valve.com\/\",\"name\":\"ARTES Valve &amp; Service GmbH\",\"description\":\"The answer for perfect control\",\"publisher\":{\"@id\":\"https:\/\/artes-valve.com\/#organization\"},\"alternateName\":\"ARTES Valve & Service GmbH\",\"potentialAction\":[{\"@type\":\"SearchAction\",\"target\":{\"@type\":\"EntryPoint\",\"urlTemplate\":\"https:\/\/artes-valve.com\/?s={search_term_string}\"},\"query-input\":{\"@type\":\"PropertyValueSpecification\",\"valueRequired\":true,\"valueName\":\"search_term_string\"}}],\"inLanguage\":\"en-US\"},{\"@type\":\"Organization\",\"@id\":\"https:\/\/artes-valve.com\/#organization\",\"name\":\"ARTES Valve & Service GmbH\",\"url\":\"https:\/\/artes-valve.com\/\",\"logo\":{\"@type\":\"ImageObject\",\"inLanguage\":\"en-US\",\"@id\":\"https:\/\/artes-valve.com\/#\/schema\/logo\/image\/\",\"url\":\"https:\/\/artes-valve.com\/wp-content\/uploads\/2018\/12\/artes-logo-600px.png\",\"contentUrl\":\"https:\/\/artes-valve.com\/wp-content\/uploads\/2018\/12\/artes-logo-600px.png\",\"width\":600,\"height\":184,\"caption\":\"ARTES Valve & Service GmbH\"},\"image\":{\"@id\":\"https:\/\/artes-valve.com\/#\/schema\/logo\/image\/\"}}]}<\/script>\n<!-- \/ Yoast SEO Premium plugin. -->","yoast_head_json":{"title":"Ausbildung bei ARTES | ARTES Valve &amp; Service GmbH","robots":{"index":"index","follow":"follow","max-snippet":"max-snippet:-1","max-image-preview":"max-image-preview:large","max-video-preview":"max-video-preview:-1"},"canonical":"https:\/\/artes-valve.com\/karriere\/ausbildung-bei-artes\/","og_locale":"en_US","og_type":"article","og_title":"Ausbildung bei ARTES | ARTES Valve &amp; Service GmbH","og_url":"https:\/\/artes-valve.com\/karriere\/ausbildung-bei-artes\/","og_site_name":"ARTES Valve &amp; Service GmbH","article_modified_time":"2025-12-15T12:22:05+00:00","og_image":[{"width":300,"height":300,"url":"https:\/\/artes-valve.com\/wp-content\/uploads\/Kontakt_M_Borgwardt.png","type":"image\/png"}],"twitter_card":"summary_large_image","twitter_misc":{"Est. reading time":"1 minute"},"schema":{"@context":"https:\/\/schema.org","@graph":[{"@type":"WebPage","@id":"https:\/\/artes-valve.com\/karriere\/ausbildung-bei-artes\/","url":"https:\/\/artes-valve.com\/karriere\/ausbildung-bei-artes\/","name":"Ausbildung bei ARTES | ARTES Valve &amp; Service GmbH","isPartOf":{"@id":"https:\/\/artes-valve.com\/#website"},"primaryImageOfPage":{"@id":"https:\/\/artes-valve.com\/karriere\/ausbildung-bei-artes\/#primaryimage"},"image":{"@id":"https:\/\/artes-valve.com\/karriere\/ausbildung-bei-artes\/#primaryimage"},"thumbnailUrl":"https:\/\/artes-valve.com\/wp-content\/uploads\/Kontakt_M_Borgwardt.png","datePublished":"2025-12-15T09:27:11+00:00","dateModified":"2025-12-15T12:22:05+00:00","description":"ARTES Valve & Service GmbH entwickelt, konstruiert und fertigt Spezialarmaturen f\u00fcr die Erd\u00f6l- und Erdgas-Industrie, die Kraftwerksbranche sowie den Anlagenbau: Drei-Wege- oder Regelkugel-Ventile, Einspritzk\u00fchler, Dampfumformstationen.","breadcrumb":{"@id":"https:\/\/artes-valve.com\/karriere\/ausbildung-bei-artes\/#breadcrumb"},"inLanguage":"en-US","potentialAction":[{"@type":"ReadAction","target":["https:\/\/artes-valve.com\/karriere\/ausbildung-bei-artes\/"]}]},{"@type":"ImageObject","inLanguage":"en-US","@id":"https:\/\/artes-valve.com\/karriere\/ausbildung-bei-artes\/#primaryimage","url":"https:\/\/artes-valve.com\/wp-content\/uploads\/Kontakt_M_Borgwardt.png","contentUrl":"https:\/\/artes-valve.com\/wp-content\/uploads\/Kontakt_M_Borgwardt.png"},{"@type":"BreadcrumbList","@id":"https:\/\/artes-valve.com\/karriere\/ausbildung-bei-artes\/#breadcrumb","itemListElement":[{"@type":"ListItem","position":1,"name":"Startseite","item":"https:\/\/artes-valve.com\/"},{"@type":"ListItem","position":2,"name":"Ihre Karriere bei der ARTES Valve &amp; Service GmbH","item":"https:\/\/artes-valve.com\/karriere\/"},{"@type":"ListItem","position":3,"name":"Ausbildung bei ARTES"}]},{"@type":"WebSite","@id":"https:\/\/artes-valve.com\/#website","url":"https:\/\/artes-valve.com\/","name":"ARTES Valve &amp; Service GmbH","description":"The answer for perfect control","publisher":{"@id":"https:\/\/artes-valve.com\/#organization"},"alternateName":"ARTES Valve & Service GmbH","potentialAction":[{"@type":"SearchAction","target":{"@type":"EntryPoint","urlTemplate":"https:\/\/artes-valve.com\/?s={search_term_string}"},"query-input":{"@type":"PropertyValueSpecification","valueRequired":true,"valueName":"search_term_string"}}],"inLanguage":"en-US"},{"@type":"Organization","@id":"https:\/\/artes-valve.com\/#organization","name":"ARTES Valve & Service GmbH","url":"https:\/\/artes-valve.com\/","logo":{"@type":"ImageObject","inLanguage":"en-US","@id":"https:\/\/artes-valve.com\/#\/schema\/logo\/image\/","url":"https:\/\/artes-valve.com\/wp-content\/uploads\/2018\/12\/artes-logo-600px.png","contentUrl":"https:\/\/artes-valve.com\/wp-content\/uploads\/2018\/12\/artes-logo-600px.png","width":600,"height":184,"caption":"ARTES Valve & Service GmbH"},"image":{"@id":"https:\/\/artes-valve.com\/#\/schema\/logo\/image\/"}}]}},"_links":{"self":[{"href":"https:\/\/artes-valve.com\/en\/wp-json\/wp\/v2\/pages\/7456","targetHints":{"allow":["GET"]}}],"collection":[{"href":"https:\/\/artes-valve.com\/en\/wp-json\/wp\/v2\/pages"}],"about":[{"href":"https:\/\/artes-valve.com\/en\/wp-json\/wp\/v2\/types\/page"}],"author":[{"embeddable":true,"href":"https:\/\/artes-valve.com\/en\/wp-json\/wp\/v2\/users\/1"}],"replies":[{"embeddable":true,"href":"https:\/\/artes-valve.com\/en\/wp-json\/wp\/v2\/comments?post=7456"}],"version-history":[{"count":3,"href":"https:\/\/artes-valve.com\/en\/wp-json\/wp\/v2\/pages\/7456\/revisions"}],"predecessor-version":[{"id":7461,"href":"https:\/\/artes-valve.com\/en\/wp-json\/wp\/v2\/pages\/7456\/revisions\/7461"}],"up":[{"embeddable":true,"href":"https:\/\/artes-valve.com\/en\/wp-json\/wp\/v2\/pages\/240"}],"wp:attachment":[{"href":"https:\/\/artes-valve.com\/en\/wp-json\/wp\/v2\/media?parent=7456"}],"curies":[{"name":"wp","href":"https:\/\/api.w.org\/{rel}","templated":true}]}}