{"id":7139,"date":"2025-06-26T09:17:22","date_gmt":"2025-06-26T07:17:22","guid":{"rendered":"https:\/\/artes-valve.com\/?page_id=7139"},"modified":"2025-06-26T09:18:47","modified_gmt":"2025-06-26T07:18:47","slug":"barrierefreiheit","status":"publish","type":"page","link":"https:\/\/artes-valve.com\/en\/rechtliches\/barrierefreiheit\/","title":{"rendered":"Barrierefreiheit"},"content":{"rendered":"\n<p>Die Webseite artes-valve.com wendet sich nicht an nicht an Verbraucher (im Sinne von \u00a7 2 Nr. 16 BFSG und \u00a7 13 BGB), sondern <strong>richtet sich ausschlie\u00dflich an Unternehmen<\/strong> (B2B) und unterliegt damit nicht den Regelungen des Barrierefreiheitsst\u00e4rkungsgesetzes. <\/p>\n\n\n\n<h2 class=\"wp-block-heading\" id=\"h-datum-der-erstellung-bzw-der-letzten-aktualisierung-der-erklarung\">Datum der Erstellung bzw. der letzten Aktualisierung der Erkl\u00e4rung<\/h2>\n\n\n\n<p>Diese Erkl\u00e4rung wurde am 26.062025 erstellt und zuletzt am 26.06.2025 aktualisiert.<\/p>\n\n\n\n<p><\/p>\n","protected":false},"excerpt":{"rendered":"<p>Die Webseite artes-valve.com wendet sich nicht an nicht an Verbraucher (im Sinne von \u00a7 2 Nr. 16 BFSG und \u00a7 13 BGB), sondern richtet sich ausschlie\u00dflich an Unternehmen (B2B) und unterliegt damit nicht den Regelungen des Barrierefreiheitsst\u00e4rkungsgesetzes. Datum der Erstellung bzw. der letzten Aktualisierung der Erkl\u00e4rung Diese Erkl\u00e4rung wurde am [\u2026] <\/p>\n<div class=\"clear\"><\/div>\n<p><a class=\"more_link clearfix\" href=\"https:\/\/artes-valve.com\/en\/rechtliches\/barrierefreiheit\/\" rel=\"nofollow\">Read More &rarr;<\/a><\/p>\n","protected":false},"author":1,"featured_media":0,"parent":50,"menu_order":0,"comment_status":"closed","ping_status":"closed","template":"templates\/full-width.php","meta":{"footnotes":""},"class_list":["post-7139","page","type-page","status-publish","hentry"],"translation":{"provider":"WPGlobus","version":"3.0.2","language":"en","enabled_languages":["de","en","es"],"languages":{"de":{"title":true,"content":true,"excerpt":false},"en":{"title":false,"content":false,"excerpt":false},"es":{"title":false,"content":false,"excerpt":false}}},"yoast_head":"<!-- This site is optimized with the Yoast SEO Premium plugin v27.2 (Yoast SEO v27.2) - https:\/\/yoast.com\/product\/yoast-seo-premium-wordpress\/ -->\n<title>Barrierefreiheit | ARTES Valve &amp; Service GmbH<\/title>\n<meta name=\"robots\" content=\"index, follow, max-snippet:-1, max-image-preview:large, max-video-preview:-1\" \/>\n<link rel=\"canonical\" href=\"https:\/\/artes-valve.com\/rechtliches\/barrierefreiheit\/\" \/>\n<meta property=\"og:locale\" content=\"en_US\" \/>\n<meta property=\"og:type\" content=\"article\" \/>\n<meta property=\"og:title\" content=\"Barrierefreiheit | ARTES Valve &amp; Service GmbH\" \/>\n<meta property=\"og:url\" content=\"https:\/\/artes-valve.com\/rechtliches\/barrierefreiheit\/\" \/>\n<meta property=\"og:site_name\" content=\"ARTES Valve &amp; Service GmbH\" \/>\n<meta property=\"article:modified_time\" content=\"2025-06-26T07:18:47+00:00\" \/>\n<meta name=\"twitter:card\" content=\"summary_large_image\" \/>\n<meta name=\"twitter:label1\" content=\"Est. reading time\" \/>\n\t<meta name=\"twitter:data1\" content=\"1 minute\" \/>\n<script type=\"application\/ld+json\" class=\"yoast-schema-graph\">{\"@context\":\"https:\/\/schema.org\",\"@graph\":[{\"@type\":\"WebPage\",\"@id\":\"https:\/\/artes-valve.com\/rechtliches\/barrierefreiheit\/\",\"url\":\"https:\/\/artes-valve.com\/rechtliches\/barrierefreiheit\/\",\"name\":\"Barrierefreiheit | ARTES Valve &amp; Service GmbH\",\"isPartOf\":{\"@id\":\"https:\/\/artes-valve.com\/#website\"},\"datePublished\":\"2025-06-26T07:17:22+00:00\",\"dateModified\":\"2025-06-26T07:18:47+00:00\",\"description\":\"ARTES Valve & Service GmbH entwickelt, konstruiert und fertigt Spezialarmaturen f\u00fcr die Erd\u00f6l- und Erdgas-Industrie, die Kraftwerksbranche sowie den Anlagenbau: Drei-Wege- oder Regelkugel-Ventile, Einspritzk\u00fchler, Dampfumformstationen.\",\"breadcrumb\":{\"@id\":\"https:\/\/artes-valve.com\/rechtliches\/barrierefreiheit\/#breadcrumb\"},\"inLanguage\":\"en-US\",\"potentialAction\":[{\"@type\":\"ReadAction\",\"target\":[\"https:\/\/artes-valve.com\/rechtliches\/barrierefreiheit\/\"]}]},{\"@type\":\"BreadcrumbList\",\"@id\":\"https:\/\/artes-valve.com\/rechtliches\/barrierefreiheit\/#breadcrumb\",\"itemListElement\":[{\"@type\":\"ListItem\",\"position\":1,\"name\":\"Startseite\",\"item\":\"https:\/\/artes-valve.com\/\"},{\"@type\":\"ListItem\",\"position\":2,\"name\":\"Rechtliches\",\"item\":\"https:\/\/artes-valve.com\/ru\/rechtliches\/\"},{\"@type\":\"ListItem\",\"position\":3,\"name\":\"Barrierefreiheit\"}]},{\"@type\":\"WebSite\",\"@id\":\"https:\/\/artes-valve.com\/#website\",\"url\":\"https:\/\/artes-valve.com\/\",\"name\":\"ARTES Valve &amp; Service GmbH\",\"description\":\"The answer for perfect control\",\"publisher\":{\"@id\":\"https:\/\/artes-valve.com\/#organization\"},\"alternateName\":\"ARTES Valve & Service GmbH\",\"potentialAction\":[{\"@type\":\"SearchAction\",\"target\":{\"@type\":\"EntryPoint\",\"urlTemplate\":\"https:\/\/artes-valve.com\/?s={search_term_string}\"},\"query-input\":{\"@type\":\"PropertyValueSpecification\",\"valueRequired\":true,\"valueName\":\"search_term_string\"}}],\"inLanguage\":\"en-US\"},{\"@type\":\"Organization\",\"@id\":\"https:\/\/artes-valve.com\/#organization\",\"name\":\"ARTES Valve & Service GmbH\",\"url\":\"https:\/\/artes-valve.com\/\",\"logo\":{\"@type\":\"ImageObject\",\"inLanguage\":\"en-US\",\"@id\":\"https:\/\/artes-valve.com\/#\/schema\/logo\/image\/\",\"url\":\"https:\/\/artes-valve.com\/wp-content\/uploads\/2018\/12\/artes-logo-600px.png\",\"contentUrl\":\"https:\/\/artes-valve.com\/wp-content\/uploads\/2018\/12\/artes-logo-600px.png\",\"width\":600,\"height\":184,\"caption\":\"ARTES Valve & Service GmbH\"},\"image\":{\"@id\":\"https:\/\/artes-valve.com\/#\/schema\/logo\/image\/\"}}]}<\/script>\n<!-- \/ Yoast SEO Premium plugin. -->","yoast_head_json":{"title":"Barrierefreiheit | ARTES Valve &amp; Service GmbH","robots":{"index":"index","follow":"follow","max-snippet":"max-snippet:-1","max-image-preview":"max-image-preview:large","max-video-preview":"max-video-preview:-1"},"canonical":"https:\/\/artes-valve.com\/rechtliches\/barrierefreiheit\/","og_locale":"en_US","og_type":"article","og_title":"Barrierefreiheit | ARTES Valve &amp; Service GmbH","og_url":"https:\/\/artes-valve.com\/rechtliches\/barrierefreiheit\/","og_site_name":"ARTES Valve &amp; Service GmbH","article_modified_time":"2025-06-26T07:18:47+00:00","twitter_card":"summary_large_image","twitter_misc":{"Est. reading time":"1 minute"},"schema":{"@context":"https:\/\/schema.org","@graph":[{"@type":"WebPage","@id":"https:\/\/artes-valve.com\/rechtliches\/barrierefreiheit\/","url":"https:\/\/artes-valve.com\/rechtliches\/barrierefreiheit\/","name":"Barrierefreiheit | ARTES Valve &amp; Service GmbH","isPartOf":{"@id":"https:\/\/artes-valve.com\/#website"},"datePublished":"2025-06-26T07:17:22+00:00","dateModified":"2025-06-26T07:18:47+00:00","description":"ARTES Valve & Service GmbH entwickelt, konstruiert und fertigt Spezialarmaturen f\u00fcr die Erd\u00f6l- und Erdgas-Industrie, die Kraftwerksbranche sowie den Anlagenbau: Drei-Wege- oder Regelkugel-Ventile, Einspritzk\u00fchler, Dampfumformstationen.","breadcrumb":{"@id":"https:\/\/artes-valve.com\/rechtliches\/barrierefreiheit\/#breadcrumb"},"inLanguage":"en-US","potentialAction":[{"@type":"ReadAction","target":["https:\/\/artes-valve.com\/rechtliches\/barrierefreiheit\/"]}]},{"@type":"BreadcrumbList","@id":"https:\/\/artes-valve.com\/rechtliches\/barrierefreiheit\/#breadcrumb","itemListElement":[{"@type":"ListItem","position":1,"name":"Startseite","item":"https:\/\/artes-valve.com\/"},{"@type":"ListItem","position":2,"name":"Rechtliches","item":"https:\/\/artes-valve.com\/ru\/rechtliches\/"},{"@type":"ListItem","position":3,"name":"Barrierefreiheit"}]},{"@type":"WebSite","@id":"https:\/\/artes-valve.com\/#website","url":"https:\/\/artes-valve.com\/","name":"ARTES Valve &amp; Service GmbH","description":"The answer for perfect control","publisher":{"@id":"https:\/\/artes-valve.com\/#organization"},"alternateName":"ARTES Valve & Service GmbH","potentialAction":[{"@type":"SearchAction","target":{"@type":"EntryPoint","urlTemplate":"https:\/\/artes-valve.com\/?s={search_term_string}"},"query-input":{"@type":"PropertyValueSpecification","valueRequired":true,"valueName":"search_term_string"}}],"inLanguage":"en-US"},{"@type":"Organization","@id":"https:\/\/artes-valve.com\/#organization","name":"ARTES Valve & Service GmbH","url":"https:\/\/artes-valve.com\/","logo":{"@type":"ImageObject","inLanguage":"en-US","@id":"https:\/\/artes-valve.com\/#\/schema\/logo\/image\/","url":"https:\/\/artes-valve.com\/wp-content\/uploads\/2018\/12\/artes-logo-600px.png","contentUrl":"https:\/\/artes-valve.com\/wp-content\/uploads\/2018\/12\/artes-logo-600px.png","width":600,"height":184,"caption":"ARTES Valve & Service GmbH"},"image":{"@id":"https:\/\/artes-valve.com\/#\/schema\/logo\/image\/"}}]}},"_links":{"self":[{"href":"https:\/\/artes-valve.com\/en\/wp-json\/wp\/v2\/pages\/7139","targetHints":{"allow":["GET"]}}],"collection":[{"href":"https:\/\/artes-valve.com\/en\/wp-json\/wp\/v2\/pages"}],"about":[{"href":"https:\/\/artes-valve.com\/en\/wp-json\/wp\/v2\/types\/page"}],"author":[{"embeddable":true,"href":"https:\/\/artes-valve.com\/en\/wp-json\/wp\/v2\/users\/1"}],"replies":[{"embeddable":true,"href":"https:\/\/artes-valve.com\/en\/wp-json\/wp\/v2\/comments?post=7139"}],"version-history":[{"count":2,"href":"https:\/\/artes-valve.com\/en\/wp-json\/wp\/v2\/pages\/7139\/revisions"}],"predecessor-version":[{"id":7141,"href":"https:\/\/artes-valve.com\/en\/wp-json\/wp\/v2\/pages\/7139\/revisions\/7141"}],"up":[{"embeddable":true,"href":"https:\/\/artes-valve.com\/en\/wp-json\/wp\/v2\/pages\/50"}],"wp:attachment":[{"href":"https:\/\/artes-valve.com\/en\/wp-json\/wp\/v2\/media?parent=7139"}],"curies":[{"name":"wp","href":"https:\/\/api.w.org\/{rel}","templated":true}]}}