{"id":5542,"date":"2023-12-14T15:40:14","date_gmt":"2023-12-14T14:40:14","guid":{"rendered":"https:\/\/artes-valve.com\/?page_id=5542"},"modified":"2026-01-23T08:55:20","modified_gmt":"2026-01-23T07:55:20","slug":"partner","status":"publish","type":"page","link":"https:\/\/artes-valve.com\/en\/produkte\/partner\/","title":{"rendered":"Partners of ARTES VALVE &#038; SERVICE GmbH"},"content":{"rendered":"<p>Our sophisticated industrial control valves are produced and marketed as part of the ARCA Flow Group. Other highly specialized companies use their know-how to ensure reliable valve actuators, for example.<\/p>\n\n\n<div class=\"wp-block-columns is-layout-flex wp-container-core-columns-is-layout-28f84493 wp-block-columns-is-layout-flex\">\n<div class=\"wp-block-column is-layout-flow wp-block-column-is-layout-flow\">\n<div style=\"height:40px\" aria-hidden=\"true\" class=\"wp-block-spacer\"><\/div>\n\n\n\n<figure class=\"wp-block-image aligncenter size-full is-resized\"><a href=\"\/\/www.tecalemitflow.fi\/in-english\" target=\"_blank\" rel=\"noreferrer noopener\"><img decoding=\"async\" src=\"https:\/\/artes-valve.com\/wp-content\/uploads\/tecaflow_logo.png\" alt=\"Logo des Firma TecaFlow\" class=\"wp-image-5728\" width=\"260\" srcset=\"https:\/\/artes-valve.com\/wp-content\/uploads\/tecaflow_logo.png 376w, https:\/\/artes-valve.com\/wp-content\/uploads\/tecaflow_logo-300x61.png 300w, https:\/\/artes-valve.com\/wp-content\/uploads\/tecaflow_logo-269x55.png 269w, https:\/\/artes-valve.com\/wp-content\/uploads\/tecaflow_logo-200x41.png 200w\" sizes=\"(max-width: 376px) 100vw, 376px\" \/><\/a><\/figure>\n\n\n\n<p>  <\/p>\n\n\n\n<p class=\"has-text-align-center\">Measuring and control solutions<\/p>\n\n\n\n<p> <\/p>\n<\/div>\n\n\n\n<div class=\"wp-block-column is-layout-flow wp-block-column-is-layout-flow\">\n<figure class=\"wp-block-image aligncenter size-full\"><a href=\"https:\/\/www.protact-gmbh.de\/de\/\" target=\"_blank\" rel=\"noreferrer noopener\"><img loading=\"lazy\" decoding=\"async\" width=\"260\" height=\"168\" src=\"https:\/\/artes-valve.com\/wp-content\/uploads\/protact-logo-website-260x168-1.png\" alt=\"Logo des Firma PROTACT\" class=\"wp-image-5727\" srcset=\"https:\/\/artes-valve.com\/wp-content\/uploads\/protact-logo-website-260x168-1.png 260w, https:\/\/artes-valve.com\/wp-content\/uploads\/protact-logo-website-260x168-1-85x55.png 85w, https:\/\/artes-valve.com\/wp-content\/uploads\/protact-logo-website-260x168-1-200x129.png 200w\" sizes=\"auto, (max-width: 260px) 100vw, 260px\" \/><\/a><\/figure>\n\n\n\n<p class=\"has-text-align-center\">Intelligent valve actuators<\/p>\n<\/div>\n\n\n\n<div class=\"wp-block-column is-layout-flow wp-block-column-is-layout-flow\"><\/div>\n<\/div>\n","protected":false},"excerpt":{"rendered":"<p>Our sophisticated industrial control valves are produced and marketed as part of the ARCA Flow Group. Other highly specialized companies use their know-how to ensure reliable valve actuators, for example. Measuring and control solutions Intelligent valve actuators<\/p>\n","protected":false},"author":1,"featured_media":0,"parent":38,"menu_order":28,"comment_status":"closed","ping_status":"closed","template":"templates\/full-width.php","meta":{"footnotes":""},"class_list":["post-5542","page","type-page","status-publish","hentry"],"translation":{"provider":"WPGlobus","version":"3.0.2","language":"en","enabled_languages":["de","en","es"],"languages":{"de":{"title":true,"content":true,"excerpt":false},"en":{"title":true,"content":true,"excerpt":false},"es":{"title":true,"content":true,"excerpt":false}}},"yoast_head":"<!-- This site is optimized with the Yoast SEO Premium plugin v27.2 (Yoast SEO v27.2) - https:\/\/yoast.com\/product\/yoast-seo-premium-wordpress\/ -->\n<title>Partners of ARTES VALVE &amp; SERVICE GmbH | ARTES Valve &amp; Service GmbH<\/title>\n<meta name=\"robots\" content=\"index, follow, max-snippet:-1, max-image-preview:large, max-video-preview:-1\" \/>\n<link rel=\"canonical\" href=\"https:\/\/artes-valve.com\/produkte\/partner\/\" \/>\n<meta property=\"og:locale\" content=\"en_US\" \/>\n<meta property=\"og:type\" content=\"article\" \/>\n<meta property=\"og:title\" content=\"Partners of ARTES VALVE &amp; SERVICE GmbH | ARTES Valve &amp; Service GmbH\" \/>\n<meta property=\"og:url\" content=\"https:\/\/artes-valve.com\/produkte\/partner\/\" \/>\n<meta property=\"og:site_name\" content=\"ARTES Valve &amp; Service GmbH\" \/>\n<meta property=\"article:modified_time\" content=\"2026-01-23T07:55:20+00:00\" \/>\n<meta property=\"og:image\" content=\"https:\/\/artes-valve.com\/wp-content\/uploads\/tecaflow_logo.png\" \/>\n\t<meta property=\"og:image:width\" content=\"376\" \/>\n\t<meta property=\"og:image:height\" content=\"77\" \/>\n\t<meta property=\"og:image:type\" content=\"image\/png\" \/>\n<meta name=\"twitter:card\" content=\"summary_large_image\" \/>\n<meta name=\"twitter:label1\" content=\"Est. reading time\" \/>\n\t<meta name=\"twitter:data1\" content=\"1 minute\" \/>\n<script type=\"application\/ld+json\" class=\"yoast-schema-graph\">{\"@context\":\"https:\/\/schema.org\",\"@graph\":[{\"@type\":\"WebPage\",\"@id\":\"https:\/\/artes-valve.com\/produkte\/partner\/\",\"url\":\"https:\/\/artes-valve.com\/produkte\/partner\/\",\"name\":\"Partners of ARTES VALVE & SERVICE GmbH | ARTES Valve &amp; Service GmbH\",\"isPartOf\":{\"@id\":\"https:\/\/artes-valve.com\/#website\"},\"primaryImageOfPage\":{\"@id\":\"https:\/\/artes-valve.com\/produkte\/partner\/#primaryimage\"},\"image\":{\"@id\":\"https:\/\/artes-valve.com\/produkte\/partner\/#primaryimage\"},\"thumbnailUrl\":\"https:\/\/artes-valve.com\/wp-content\/uploads\/tecaflow_logo.png\",\"datePublished\":\"2023-12-14T14:40:14+00:00\",\"dateModified\":\"2026-01-23T07:55:20+00:00\",\"description\":\"ARTES Valve & Service GmbH entwickelt, konstruiert und fertigt Spezialarmaturen f\u00fcr die Erd\u00f6l- und Erdgas-Industrie, die Kraftwerksbranche sowie den Anlagenbau: Drei-Wege- oder Regelkugel-Ventile, Einspritzk\u00fchler, Dampfumformstationen.\",\"breadcrumb\":{\"@id\":\"https:\/\/artes-valve.com\/produkte\/partner\/#breadcrumb\"},\"inLanguage\":\"en-US\",\"potentialAction\":[{\"@type\":\"ReadAction\",\"target\":[\"https:\/\/artes-valve.com\/produkte\/partner\/\"]}]},{\"@type\":\"ImageObject\",\"inLanguage\":\"en-US\",\"@id\":\"https:\/\/artes-valve.com\/produkte\/partner\/#primaryimage\",\"url\":\"https:\/\/artes-valve.com\/wp-content\/uploads\/tecaflow_logo.png\",\"contentUrl\":\"https:\/\/artes-valve.com\/wp-content\/uploads\/tecaflow_logo.png\"},{\"@type\":\"BreadcrumbList\",\"@id\":\"https:\/\/artes-valve.com\/produkte\/partner\/#breadcrumb\",\"itemListElement\":[{\"@type\":\"ListItem\",\"position\":1,\"name\":\"Startseite\",\"item\":\"https:\/\/artes-valve.com\/\"},{\"@type\":\"ListItem\",\"position\":2,\"name\":\"Produkte der ARTES Valve &#038; Service GmbH\",\"item\":\"https:\/\/artes-valve.com\/produkte\/\"},{\"@type\":\"ListItem\",\"position\":3,\"name\":\"Partner der ARTES VALVE &#038; SERVICE GmbH\"}]},{\"@type\":\"WebSite\",\"@id\":\"https:\/\/artes-valve.com\/#website\",\"url\":\"https:\/\/artes-valve.com\/\",\"name\":\"ARTES Valve &amp; Service GmbH\",\"description\":\"The answer for perfect control\",\"publisher\":{\"@id\":\"https:\/\/artes-valve.com\/#organization\"},\"alternateName\":\"ARTES Valve & Service GmbH\",\"potentialAction\":[{\"@type\":\"SearchAction\",\"target\":{\"@type\":\"EntryPoint\",\"urlTemplate\":\"https:\/\/artes-valve.com\/?s={search_term_string}\"},\"query-input\":{\"@type\":\"PropertyValueSpecification\",\"valueRequired\":true,\"valueName\":\"search_term_string\"}}],\"inLanguage\":\"en-US\"},{\"@type\":\"Organization\",\"@id\":\"https:\/\/artes-valve.com\/#organization\",\"name\":\"ARTES Valve & Service GmbH\",\"url\":\"https:\/\/artes-valve.com\/\",\"logo\":{\"@type\":\"ImageObject\",\"inLanguage\":\"en-US\",\"@id\":\"https:\/\/artes-valve.com\/#\/schema\/logo\/image\/\",\"url\":\"https:\/\/artes-valve.com\/wp-content\/uploads\/2018\/12\/artes-logo-600px.png\",\"contentUrl\":\"https:\/\/artes-valve.com\/wp-content\/uploads\/2018\/12\/artes-logo-600px.png\",\"width\":600,\"height\":184,\"caption\":\"ARTES Valve & Service GmbH\"},\"image\":{\"@id\":\"https:\/\/artes-valve.com\/#\/schema\/logo\/image\/\"}}]}<\/script>\n<!-- \/ Yoast SEO Premium plugin. -->","yoast_head_json":{"title":"Partners of ARTES VALVE & SERVICE GmbH | ARTES Valve &amp; Service GmbH","robots":{"index":"index","follow":"follow","max-snippet":"max-snippet:-1","max-image-preview":"max-image-preview:large","max-video-preview":"max-video-preview:-1"},"canonical":"https:\/\/artes-valve.com\/produkte\/partner\/","og_locale":"en_US","og_type":"article","og_title":"Partners of ARTES VALVE & SERVICE GmbH | ARTES Valve &amp; Service GmbH","og_url":"https:\/\/artes-valve.com\/produkte\/partner\/","og_site_name":"ARTES Valve &amp; Service GmbH","article_modified_time":"2026-01-23T07:55:20+00:00","og_image":[{"width":376,"height":77,"url":"https:\/\/artes-valve.com\/wp-content\/uploads\/tecaflow_logo.png","type":"image\/png"}],"twitter_card":"summary_large_image","twitter_misc":{"Est. reading time":"1 minute"},"schema":{"@context":"https:\/\/schema.org","@graph":[{"@type":"WebPage","@id":"https:\/\/artes-valve.com\/produkte\/partner\/","url":"https:\/\/artes-valve.com\/produkte\/partner\/","name":"Partners of ARTES VALVE & SERVICE GmbH | ARTES Valve &amp; Service GmbH","isPartOf":{"@id":"https:\/\/artes-valve.com\/#website"},"primaryImageOfPage":{"@id":"https:\/\/artes-valve.com\/produkte\/partner\/#primaryimage"},"image":{"@id":"https:\/\/artes-valve.com\/produkte\/partner\/#primaryimage"},"thumbnailUrl":"https:\/\/artes-valve.com\/wp-content\/uploads\/tecaflow_logo.png","datePublished":"2023-12-14T14:40:14+00:00","dateModified":"2026-01-23T07:55:20+00:00","description":"ARTES Valve & Service GmbH entwickelt, konstruiert und fertigt Spezialarmaturen f\u00fcr die Erd\u00f6l- und Erdgas-Industrie, die Kraftwerksbranche sowie den Anlagenbau: Drei-Wege- oder Regelkugel-Ventile, Einspritzk\u00fchler, Dampfumformstationen.","breadcrumb":{"@id":"https:\/\/artes-valve.com\/produkte\/partner\/#breadcrumb"},"inLanguage":"en-US","potentialAction":[{"@type":"ReadAction","target":["https:\/\/artes-valve.com\/produkte\/partner\/"]}]},{"@type":"ImageObject","inLanguage":"en-US","@id":"https:\/\/artes-valve.com\/produkte\/partner\/#primaryimage","url":"https:\/\/artes-valve.com\/wp-content\/uploads\/tecaflow_logo.png","contentUrl":"https:\/\/artes-valve.com\/wp-content\/uploads\/tecaflow_logo.png"},{"@type":"BreadcrumbList","@id":"https:\/\/artes-valve.com\/produkte\/partner\/#breadcrumb","itemListElement":[{"@type":"ListItem","position":1,"name":"Startseite","item":"https:\/\/artes-valve.com\/"},{"@type":"ListItem","position":2,"name":"Produkte der ARTES Valve &#038; Service GmbH","item":"https:\/\/artes-valve.com\/produkte\/"},{"@type":"ListItem","position":3,"name":"Partner der ARTES VALVE &#038; SERVICE GmbH"}]},{"@type":"WebSite","@id":"https:\/\/artes-valve.com\/#website","url":"https:\/\/artes-valve.com\/","name":"ARTES Valve &amp; Service GmbH","description":"The answer for perfect control","publisher":{"@id":"https:\/\/artes-valve.com\/#organization"},"alternateName":"ARTES Valve & Service GmbH","potentialAction":[{"@type":"SearchAction","target":{"@type":"EntryPoint","urlTemplate":"https:\/\/artes-valve.com\/?s={search_term_string}"},"query-input":{"@type":"PropertyValueSpecification","valueRequired":true,"valueName":"search_term_string"}}],"inLanguage":"en-US"},{"@type":"Organization","@id":"https:\/\/artes-valve.com\/#organization","name":"ARTES Valve & Service GmbH","url":"https:\/\/artes-valve.com\/","logo":{"@type":"ImageObject","inLanguage":"en-US","@id":"https:\/\/artes-valve.com\/#\/schema\/logo\/image\/","url":"https:\/\/artes-valve.com\/wp-content\/uploads\/2018\/12\/artes-logo-600px.png","contentUrl":"https:\/\/artes-valve.com\/wp-content\/uploads\/2018\/12\/artes-logo-600px.png","width":600,"height":184,"caption":"ARTES Valve & Service GmbH"},"image":{"@id":"https:\/\/artes-valve.com\/#\/schema\/logo\/image\/"}}]}},"_links":{"self":[{"href":"https:\/\/artes-valve.com\/en\/wp-json\/wp\/v2\/pages\/5542","targetHints":{"allow":["GET"]}}],"collection":[{"href":"https:\/\/artes-valve.com\/en\/wp-json\/wp\/v2\/pages"}],"about":[{"href":"https:\/\/artes-valve.com\/en\/wp-json\/wp\/v2\/types\/page"}],"author":[{"embeddable":true,"href":"https:\/\/artes-valve.com\/en\/wp-json\/wp\/v2\/users\/1"}],"replies":[{"embeddable":true,"href":"https:\/\/artes-valve.com\/en\/wp-json\/wp\/v2\/comments?post=5542"}],"version-history":[{"count":58,"href":"https:\/\/artes-valve.com\/en\/wp-json\/wp\/v2\/pages\/5542\/revisions"}],"predecessor-version":[{"id":7814,"href":"https:\/\/artes-valve.com\/en\/wp-json\/wp\/v2\/pages\/5542\/revisions\/7814"}],"up":[{"embeddable":true,"href":"https:\/\/artes-valve.com\/en\/wp-json\/wp\/v2\/pages\/38"}],"wp:attachment":[{"href":"https:\/\/artes-valve.com\/en\/wp-json\/wp\/v2\/media?parent=5542"}],"curies":[{"name":"wp","href":"https:\/\/api.w.org\/{rel}","templated":true}]}}