{"id":52,"date":"2019-01-21T08:25:11","date_gmt":"2019-01-21T07:25:11","guid":{"rendered":"https:\/\/artes-valve.de\/?page_id=52"},"modified":"2025-08-04T17:10:56","modified_gmt":"2025-08-04T15:10:56","slug":"impressum","status":"publish","type":"page","link":"https:\/\/artes-valve.com\/en\/rechtliches\/impressum\/","title":{"rendered":"Imprint"},"content":{"rendered":"<p>ARTES Valve &amp; Service GmbH<br \/>Parkallee 7<br \/>16727 Velten<\/p>\n<p>Commercial Register: HRB 11372<br \/>Registration court: Amtsgericht Neuruppin<\/p>\n<p><strong>Represented by:<\/strong><br \/>vertreten durch die Gesch\u00e4ftsf\u00fchrer Dipl.- Ing. Johannes Fliegen, Dipl.- Ing. Horst J\u00e4kel<\/p>\n<h2>Contact<\/h2>\n<p>Phone: +49 (0)3304\/24724-10<br \/>Telefax: +49 (0)3304\/24724-99<br \/>E-mail: info@artes-valve.de<\/p>\n<h2>VAT ID<\/h2>\n<p>Sales tax identification number according to Sect. 27 a of the Sales Tax Law:<br \/>DE 813967760<\/p>\n<h2>Dispute resolution proceedings in front of a consumer arbitration board<\/h2>\n<p>We are not willing or obliged to participate in dispute resolution proceedings in front of a consumer arbitration board.<\/p>\n\n\n<h4 class=\"wp-block-heading\" id=\"h-site-strucuture-templates-content\">Site strucuture\/Templates\/Content:<\/h4>\n\n\n\n<p>mt.media Matthias Thiel, Berlin<br>Tel.: +49 171 210 21 80<br><a href=\"http:\/\/www.mtmedia.de\/\" target=\"_blank\" rel=\"noreferrer noopener\">www.mtmedia.de<\/a><\/p>\n\n\n\n<h4 class=\"wp-block-heading\" id=\"h-photo-credits\">Photo credits:<\/h4>\n\n\n\n<p>\u00a9 ARTES Valve &amp; Service GmbH<br>Slider gallery: \u00a9 Vattenfall<\/p>\n","protected":false},"excerpt":{"rendered":"<p>ARTES Valve &amp; Service GmbHParkallee 716727 Velten Commercial Register: HRB 11372Registration court: Amtsgericht Neuruppin Represented by:vertreten durch die Gesch\u00e4ftsf\u00fchrer Dipl.- Ing. Johannes Fliegen, Dipl.- Ing. Horst J\u00e4kel Contact Phone: +49 (0)3304\/24724-10Telefax: +49 (0)3304\/24724-99E-mail: info@artes-valve.de VAT ID Sales tax identification number according to Sect. 27 a of the Sales Tax Law:DE [\u2026] <\/p>\n<div class=\"clear\"><\/div>\n<p><a class=\"more_link clearfix\" href=\"https:\/\/artes-valve.com\/en\/rechtliches\/impressum\/\" rel=\"nofollow\">Read More &rarr;<\/a><\/p>\n","protected":false},"author":1,"featured_media":0,"parent":50,"menu_order":91,"comment_status":"closed","ping_status":"closed","template":"templates\/full-width.php","meta":{"footnotes":""},"class_list":["post-52","page","type-page","status-publish","hentry"],"translation":{"provider":"WPGlobus","version":"3.0.2","language":"en","enabled_languages":["de","en","es"],"languages":{"de":{"title":true,"content":true,"excerpt":false},"en":{"title":true,"content":true,"excerpt":false},"es":{"title":true,"content":true,"excerpt":false}}},"yoast_head":"<!-- This site is optimized with the Yoast SEO Premium plugin v27.2 (Yoast SEO v27.2) - https:\/\/yoast.com\/product\/yoast-seo-premium-wordpress\/ -->\n<title>Imprint | ARTES Valve &amp; Service GmbH<\/title>\n<meta name=\"robots\" content=\"index, follow, max-snippet:-1, max-image-preview:large, max-video-preview:-1\" \/>\n<link rel=\"canonical\" href=\"https:\/\/artes-valve.com\/rechtliches\/impressum\/\" \/>\n<meta property=\"og:locale\" content=\"en_US\" \/>\n<meta property=\"og:type\" content=\"article\" \/>\n<meta property=\"og:title\" content=\"Imprint | ARTES Valve &amp; Service GmbH\" \/>\n<meta property=\"og:url\" content=\"https:\/\/artes-valve.com\/rechtliches\/impressum\/\" \/>\n<meta property=\"og:site_name\" content=\"ARTES Valve &amp; Service GmbH\" \/>\n<meta property=\"article:modified_time\" content=\"2025-08-04T15:10:56+00:00\" \/>\n<meta name=\"twitter:card\" content=\"summary_large_image\" \/>\n<meta name=\"twitter:label1\" content=\"Est. reading time\" \/>\n\t<meta name=\"twitter:data1\" content=\"1 minute\" \/>\n<script type=\"application\/ld+json\" class=\"yoast-schema-graph\">{\"@context\":\"https:\/\/schema.org\",\"@graph\":[{\"@type\":\"WebPage\",\"@id\":\"https:\/\/artes-valve.com\/rechtliches\/impressum\/\",\"url\":\"https:\/\/artes-valve.com\/rechtliches\/impressum\/\",\"name\":\"Imprint | ARTES Valve &amp; Service GmbH\",\"isPartOf\":{\"@id\":\"https:\/\/artes-valve.com\/#website\"},\"datePublished\":\"2019-01-21T07:25:11+00:00\",\"dateModified\":\"2025-08-04T15:10:56+00:00\",\"description\":\"ARTES Valve & Service GmbH entwickelt, konstruiert und fertigt Spezialarmaturen f\u00fcr die Erd\u00f6l- und Erdgas-Industrie, die Kraftwerksbranche sowie den Anlagenbau: Drei-Wege- oder Regelkugel-Ventile, Einspritzk\u00fchler, Dampfumformstationen.\",\"breadcrumb\":{\"@id\":\"https:\/\/artes-valve.com\/rechtliches\/impressum\/#breadcrumb\"},\"inLanguage\":\"en-US\",\"potentialAction\":[{\"@type\":\"ReadAction\",\"target\":[\"https:\/\/artes-valve.com\/rechtliches\/impressum\/\"]}]},{\"@type\":\"BreadcrumbList\",\"@id\":\"https:\/\/artes-valve.com\/rechtliches\/impressum\/#breadcrumb\",\"itemListElement\":[{\"@type\":\"ListItem\",\"position\":1,\"name\":\"Startseite\",\"item\":\"https:\/\/artes-valve.com\/\"},{\"@type\":\"ListItem\",\"position\":2,\"name\":\"Rechtliches\",\"item\":\"https:\/\/artes-valve.com\/ru\/rechtliches\/\"},{\"@type\":\"ListItem\",\"position\":3,\"name\":\"Impressum\"}]},{\"@type\":\"WebSite\",\"@id\":\"https:\/\/artes-valve.com\/#website\",\"url\":\"https:\/\/artes-valve.com\/\",\"name\":\"ARTES Valve &amp; Service GmbH\",\"description\":\"The answer for perfect control\",\"publisher\":{\"@id\":\"https:\/\/artes-valve.com\/#organization\"},\"alternateName\":\"ARTES Valve & Service GmbH\",\"potentialAction\":[{\"@type\":\"SearchAction\",\"target\":{\"@type\":\"EntryPoint\",\"urlTemplate\":\"https:\/\/artes-valve.com\/?s={search_term_string}\"},\"query-input\":{\"@type\":\"PropertyValueSpecification\",\"valueRequired\":true,\"valueName\":\"search_term_string\"}}],\"inLanguage\":\"en-US\"},{\"@type\":\"Organization\",\"@id\":\"https:\/\/artes-valve.com\/#organization\",\"name\":\"ARTES Valve & Service GmbH\",\"url\":\"https:\/\/artes-valve.com\/\",\"logo\":{\"@type\":\"ImageObject\",\"inLanguage\":\"en-US\",\"@id\":\"https:\/\/artes-valve.com\/#\/schema\/logo\/image\/\",\"url\":\"https:\/\/artes-valve.com\/wp-content\/uploads\/2018\/12\/artes-logo-600px.png\",\"contentUrl\":\"https:\/\/artes-valve.com\/wp-content\/uploads\/2018\/12\/artes-logo-600px.png\",\"width\":600,\"height\":184,\"caption\":\"ARTES Valve & Service GmbH\"},\"image\":{\"@id\":\"https:\/\/artes-valve.com\/#\/schema\/logo\/image\/\"}}]}<\/script>\n<!-- \/ Yoast SEO Premium plugin. -->","yoast_head_json":{"title":"Imprint | ARTES Valve &amp; Service GmbH","robots":{"index":"index","follow":"follow","max-snippet":"max-snippet:-1","max-image-preview":"max-image-preview:large","max-video-preview":"max-video-preview:-1"},"canonical":"https:\/\/artes-valve.com\/rechtliches\/impressum\/","og_locale":"en_US","og_type":"article","og_title":"Imprint | ARTES Valve &amp; Service GmbH","og_url":"https:\/\/artes-valve.com\/rechtliches\/impressum\/","og_site_name":"ARTES Valve &amp; Service GmbH","article_modified_time":"2025-08-04T15:10:56+00:00","twitter_card":"summary_large_image","twitter_misc":{"Est. reading time":"1 minute"},"schema":{"@context":"https:\/\/schema.org","@graph":[{"@type":"WebPage","@id":"https:\/\/artes-valve.com\/rechtliches\/impressum\/","url":"https:\/\/artes-valve.com\/rechtliches\/impressum\/","name":"Imprint | ARTES Valve &amp; Service GmbH","isPartOf":{"@id":"https:\/\/artes-valve.com\/#website"},"datePublished":"2019-01-21T07:25:11+00:00","dateModified":"2025-08-04T15:10:56+00:00","description":"ARTES Valve & Service GmbH entwickelt, konstruiert und fertigt Spezialarmaturen f\u00fcr die Erd\u00f6l- und Erdgas-Industrie, die Kraftwerksbranche sowie den Anlagenbau: Drei-Wege- oder Regelkugel-Ventile, Einspritzk\u00fchler, Dampfumformstationen.","breadcrumb":{"@id":"https:\/\/artes-valve.com\/rechtliches\/impressum\/#breadcrumb"},"inLanguage":"en-US","potentialAction":[{"@type":"ReadAction","target":["https:\/\/artes-valve.com\/rechtliches\/impressum\/"]}]},{"@type":"BreadcrumbList","@id":"https:\/\/artes-valve.com\/rechtliches\/impressum\/#breadcrumb","itemListElement":[{"@type":"ListItem","position":1,"name":"Startseite","item":"https:\/\/artes-valve.com\/"},{"@type":"ListItem","position":2,"name":"Rechtliches","item":"https:\/\/artes-valve.com\/ru\/rechtliches\/"},{"@type":"ListItem","position":3,"name":"Impressum"}]},{"@type":"WebSite","@id":"https:\/\/artes-valve.com\/#website","url":"https:\/\/artes-valve.com\/","name":"ARTES Valve &amp; Service GmbH","description":"The answer for perfect control","publisher":{"@id":"https:\/\/artes-valve.com\/#organization"},"alternateName":"ARTES Valve & Service GmbH","potentialAction":[{"@type":"SearchAction","target":{"@type":"EntryPoint","urlTemplate":"https:\/\/artes-valve.com\/?s={search_term_string}"},"query-input":{"@type":"PropertyValueSpecification","valueRequired":true,"valueName":"search_term_string"}}],"inLanguage":"en-US"},{"@type":"Organization","@id":"https:\/\/artes-valve.com\/#organization","name":"ARTES Valve & Service GmbH","url":"https:\/\/artes-valve.com\/","logo":{"@type":"ImageObject","inLanguage":"en-US","@id":"https:\/\/artes-valve.com\/#\/schema\/logo\/image\/","url":"https:\/\/artes-valve.com\/wp-content\/uploads\/2018\/12\/artes-logo-600px.png","contentUrl":"https:\/\/artes-valve.com\/wp-content\/uploads\/2018\/12\/artes-logo-600px.png","width":600,"height":184,"caption":"ARTES Valve & Service GmbH"},"image":{"@id":"https:\/\/artes-valve.com\/#\/schema\/logo\/image\/"}}]}},"_links":{"self":[{"href":"https:\/\/artes-valve.com\/en\/wp-json\/wp\/v2\/pages\/52","targetHints":{"allow":["GET"]}}],"collection":[{"href":"https:\/\/artes-valve.com\/en\/wp-json\/wp\/v2\/pages"}],"about":[{"href":"https:\/\/artes-valve.com\/en\/wp-json\/wp\/v2\/types\/page"}],"author":[{"embeddable":true,"href":"https:\/\/artes-valve.com\/en\/wp-json\/wp\/v2\/users\/1"}],"replies":[{"embeddable":true,"href":"https:\/\/artes-valve.com\/en\/wp-json\/wp\/v2\/comments?post=52"}],"version-history":[{"count":26,"href":"https:\/\/artes-valve.com\/en\/wp-json\/wp\/v2\/pages\/52\/revisions"}],"predecessor-version":[{"id":7218,"href":"https:\/\/artes-valve.com\/en\/wp-json\/wp\/v2\/pages\/52\/revisions\/7218"}],"up":[{"embeddable":true,"href":"https:\/\/artes-valve.com\/en\/wp-json\/wp\/v2\/pages\/50"}],"wp:attachment":[{"href":"https:\/\/artes-valve.com\/en\/wp-json\/wp\/v2\/media?parent=52"}],"curies":[{"name":"wp","href":"https:\/\/api.w.org\/{rel}","templated":true}]}}