{"id":5083,"date":"2023-01-10T09:12:23","date_gmt":"2023-01-10T08:12:23","guid":{"rendered":"https:\/\/artes-valve.com\/?page_id=5083"},"modified":"2025-06-26T09:06:35","modified_gmt":"2025-06-26T07:06:35","slug":"leitung-materialwirtschaft","status":"publish","type":"page","link":"https:\/\/artes-valve.com\/en\/karriere\/leitung-materialwirtschaft\/","title":{"rendered":"Stellenangebot: Leitung Materialwirtschaft und\/oder Eink\u00e4ufer (m\/w\/d)"},"content":{"rendered":"\n<p>Die ARTES Valve &amp; Service GmbH, ein Unternehmen der ARCA Flow Group, ist ein mittelst\u00e4ndisches, operativ selbst\u00e4ndiges Unternehmen in Velten im Norden von Berlin. Wir entwickeln, konstruieren und fertigen Spezialarmaturen f\u00fcr die Erd\u00f6l- und Erdgas-Industrie, die Kraftwerksbranche sowie den Anlagenbau.<\/p>\n\n\n\n<p>F\u00fcr unser Team am <strong>Standort Velten<\/strong> suchen wir zum fr\u00fchestm\u00f6glichen Zeitpunkt einen\/eine<\/p>\n\n\n\n<h2 class=\"wp-block-heading\" id=\"h-leitung-materialwirtschaft-und-oder-einkaufer-m-w-d\">Leitung Materialwirtschaft und\/oder Eink\u00e4ufer (m\/w\/d)<\/h2>\n\n\n\n<p><strong>Ihre Aufgaben:<\/strong><\/p>\n\n\n\n<ul class=\"wp-block-list\">\n<li>Pr\u00fcfen, Bearbeiten und Ausl\u00f6sen von regelkonformen Bestellungen<\/li>\n\n\n\n<li>Anwendung des SAP Systems<\/li>\n\n\n\n<li>Rechnungspr\u00fcfung und -buchung mit SAP, einschlie\u00dflich Kontrolle der dazugeh\u00f6rigen Belege<\/li>\n\n\n\n<li>Verhandlungen mit Lieferanten sowie Betreuung und Ausbau der Lieferantenbeziehungen<\/li>\n\n\n\n<li>Sicherstellung der termingerechten Lieferung und Optimierung der Materialverf\u00fcgbarkeit<\/li>\n\n\n\n<li>Zuarbeit zur Inventur<\/li>\n\n\n\n<li>Unterst\u00fctzung im Versand<\/li>\n<\/ul>\n\n\n\n<p><strong>Ihr Profil:<\/strong><\/p>\n\n\n\n<ul class=\"wp-block-list\">\n<li>Eine Ausbildung im kaufm\u00e4nnischen Bereich<\/li>\n\n\n\n<li>Idealerweise Berufserfahrung in der Armaturentechnik, jedoch geben wir auch Berufseinsteigern(innen) eine Chance<\/li>\n\n\n\n<li>Gute MS-Office- und SAP-Kenntnisse w\u00fcnschenswert<\/li>\n\n\n\n<li>Unternehmerisches Denken und Eigenverantwortung<\/li>\n\n\n\n<li>Entscheidungsfreudigkeit<\/li>\n\n\n\n<li>Bereitschaft zur Weiterbildung<\/li>\n<\/ul>\n\n\n\n<p><strong>Das d\u00fcrfen Sie erwarten:<\/strong><\/p>\n\n\n\n<ul class=\"wp-block-list\">\n<li>Einen unbefristeten Arbeitsvertrag mit 30 Tagen Urlaubsanspruch sowie eine attraktive Verg\u00fctung<\/li>\n\n\n\n<li>Flexible Arbeitszeiten bei einer 40-h-Woche<\/li>\n\n\n\n<li>Die M\u00f6glichkeit, teilweise im Homeoffice zu arbeiten<\/li>\n\n\n\n<li>Intensive Einarbeitung in das Aufgabengebiet<\/li>\n\n\n\n<li>Ausreichend Parkpl\u00e4tze direkt vor der T\u00fcr sowie eine gute \u00d6PNV-Anbindung<\/li>\n\n\n\n<li>Einen sicheren Arbeitgeber \u2013 insbesondere auch bei Konjunkturschwankungen<\/li>\n<\/ul>\n\n\n\n<p><strong>Kontakt:<\/strong><\/p>\n\n\n\n<p>Ihre aussagekr\u00e4ftigen Bewerbungsunterlagen mit Angabe des fr\u00fchestm\u00f6glichen Eintrittstermins sowie Verdienstvorstellungen senden Sie bitte:<\/p>\n\n\n\n<p>per Post an<br><strong>ARTES Valve &amp; Service GmbH<br>z. Hd. Herrn Horst J\u00e4kel<br>Parkallee 7<br>16727 Velten<\/strong><\/p>\n\n\n\n<p>per E-Mail an <strong><a href=\"mailto:horst.jaekel@artes-valve.de?subject=Bewerbung%20als%20Einkaeufer%20(m\/w\/d)\" target=\"_blank\" rel=\"noopener noreferrer\">horst.jaekel@artes-valve.de<\/a><\/strong><\/p>\n\n\n\n<p>Fragen beantwortet vorab gerne Herr Horst J\u00e4kel, Telefon: 03304\/247 24 81<\/p>\n\n\n\n<p>Dieses Stellenangebot <a href=\"https:\/\/www.linkedin.com\/hiring\/jobs\/3444650714\/detail\/?lipi=urn%3Ali%3Apage%3Ad_flagship3_myitems_postedjobs%3BJ6yCbTrzThGJpTTM0%2BhJvg%3D%3D\" target=\"_blank\" rel=\"noopener\">auf LinkedIn ansehen<\/a>.<\/p>\n\n\n\n<hr class=\"wp-block-separator has-alpha-channel-opacity\"\/>\n\n\n\n<p><strong>Hinweis:<\/strong> Mit der \u00dcbermittlung Ihrer Bewerbung stimmen Sie zu, dass Ihre Daten f\u00fcr die Bearbeitung der Bewerbung gespeichert werden. Details dazu finden Sie in unserer <a href=\"https:\/\/artes-valve.de\/rechtliches\/datenschutzerklaerung\/\" target=\"_blank\" rel=\"noreferrer noopener\" aria-label=\" (\u00f6ffnet in neuem Tab)\">Datenschutzerkl\u00e4rung<\/a>.<\/p>\n\n\n\n<hr class=\"wp-block-separator has-alpha-channel-opacity\"\/>\n\n\n\n<p><a href=\"https:\/\/artes-valve.com\/karriere\/\" target=\"_blank\" rel=\"noopener\"><strong>Weitere Stellenangebote ansehen<\/strong><\/a><\/p>\n\n\n\n<p><\/p>\n","protected":false},"excerpt":{"rendered":"<p>Die ARTES Valve &amp; Service GmbH, ein Unternehmen der ARCA Flow Group, ist ein mittelst\u00e4ndisches, operativ selbst\u00e4ndiges Unternehmen in Velten im Norden von Berlin. Wir entwickeln, konstruieren und fertigen Spezialarmaturen f\u00fcr die Erd\u00f6l- und Erdgas-Industrie, die Kraftwerksbranche sowie den Anlagenbau. F\u00fcr unser Team am Standort Velten suchen wir zum fr\u00fchestm\u00f6glichen [\u2026] <\/p>\n<div class=\"clear\"><\/div>\n<p><a class=\"more_link clearfix\" href=\"https:\/\/artes-valve.com\/en\/karriere\/leitung-materialwirtschaft\/\" rel=\"nofollow\">Read More &rarr;<\/a><\/p>\n","protected":false},"author":1,"featured_media":0,"parent":240,"menu_order":49,"comment_status":"closed","ping_status":"closed","template":"templates\/full-width.php","meta":{"footnotes":""},"class_list":["post-5083","page","type-page","status-publish","hentry"],"translation":{"provider":"WPGlobus","version":"3.0.2","language":"en","enabled_languages":["de","en","es"],"languages":{"de":{"title":true,"content":true,"excerpt":false},"en":{"title":false,"content":false,"excerpt":false},"es":{"title":false,"content":false,"excerpt":false}}},"yoast_head":"<!-- This site is optimized with the Yoast SEO Premium plugin v27.2 (Yoast SEO v27.2) - https:\/\/yoast.com\/product\/yoast-seo-premium-wordpress\/ -->\n<title>Stellenangebot: Leitung Materialwirtschaft und\/oder Eink\u00e4ufer (m\/w\/d) | ARTES Valve &amp; Service GmbH<\/title>\n<meta name=\"robots\" content=\"index, follow, max-snippet:-1, max-image-preview:large, max-video-preview:-1\" \/>\n<link rel=\"canonical\" href=\"https:\/\/artes-valve.com\/karriere\/leitung-materialwirtschaft\/\" \/>\n<meta property=\"og:locale\" content=\"en_US\" \/>\n<meta property=\"og:type\" content=\"article\" \/>\n<meta property=\"og:title\" content=\"Stellenangebot: Leitung Materialwirtschaft und\/oder Eink\u00e4ufer (m\/w\/d) | ARTES Valve &amp; Service GmbH\" \/>\n<meta property=\"og:url\" content=\"https:\/\/artes-valve.com\/karriere\/leitung-materialwirtschaft\/\" \/>\n<meta property=\"og:site_name\" content=\"ARTES Valve &amp; Service GmbH\" \/>\n<meta property=\"article:modified_time\" content=\"2025-06-26T07:06:35+00:00\" \/>\n<meta name=\"twitter:card\" content=\"summary_large_image\" \/>\n<meta name=\"twitter:label1\" content=\"Est. reading time\" \/>\n\t<meta name=\"twitter:data1\" content=\"2 minutes\" \/>\n<script type=\"application\/ld+json\" class=\"yoast-schema-graph\">{\"@context\":\"https:\/\/schema.org\",\"@graph\":[{\"@type\":\"WebPage\",\"@id\":\"https:\/\/artes-valve.com\/karriere\/leitung-materialwirtschaft\/\",\"url\":\"https:\/\/artes-valve.com\/karriere\/leitung-materialwirtschaft\/\",\"name\":\"Stellenangebot: Leitung Materialwirtschaft und\/oder Eink\u00e4ufer (m\/w\/d) | ARTES Valve &amp; Service GmbH\",\"isPartOf\":{\"@id\":\"https:\/\/artes-valve.com\/#website\"},\"datePublished\":\"2023-01-10T08:12:23+00:00\",\"dateModified\":\"2025-06-26T07:06:35+00:00\",\"description\":\"Die ARTES Valve & Service GmbH entwickelt, konstruiert und fertigt Industrie-Spezialarmaturen. Stellenangebot: Eink\u00e4ufer (m\/w\/d)\",\"breadcrumb\":{\"@id\":\"https:\/\/artes-valve.com\/karriere\/leitung-materialwirtschaft\/#breadcrumb\"},\"inLanguage\":\"en-US\",\"potentialAction\":[{\"@type\":\"ReadAction\",\"target\":[\"https:\/\/artes-valve.com\/karriere\/leitung-materialwirtschaft\/\"]}]},{\"@type\":\"BreadcrumbList\",\"@id\":\"https:\/\/artes-valve.com\/karriere\/leitung-materialwirtschaft\/#breadcrumb\",\"itemListElement\":[{\"@type\":\"ListItem\",\"position\":1,\"name\":\"Startseite\",\"item\":\"https:\/\/artes-valve.com\/\"},{\"@type\":\"ListItem\",\"position\":2,\"name\":\"Ihre Karriere bei der ARTES Valve &amp; Service GmbH\",\"item\":\"https:\/\/artes-valve.com\/karriere\/\"},{\"@type\":\"ListItem\",\"position\":3,\"name\":\"Stellenangebot: Leitung Materialwirtschaft und\/oder Eink\u00e4ufer (m\/w\/d)\"}]},{\"@type\":\"WebSite\",\"@id\":\"https:\/\/artes-valve.com\/#website\",\"url\":\"https:\/\/artes-valve.com\/\",\"name\":\"ARTES Valve &amp; Service GmbH\",\"description\":\"The answer for perfect control\",\"publisher\":{\"@id\":\"https:\/\/artes-valve.com\/#organization\"},\"alternateName\":\"ARTES Valve & Service GmbH\",\"potentialAction\":[{\"@type\":\"SearchAction\",\"target\":{\"@type\":\"EntryPoint\",\"urlTemplate\":\"https:\/\/artes-valve.com\/?s={search_term_string}\"},\"query-input\":{\"@type\":\"PropertyValueSpecification\",\"valueRequired\":true,\"valueName\":\"search_term_string\"}}],\"inLanguage\":\"en-US\"},{\"@type\":\"Organization\",\"@id\":\"https:\/\/artes-valve.com\/#organization\",\"name\":\"ARTES Valve & Service GmbH\",\"url\":\"https:\/\/artes-valve.com\/\",\"logo\":{\"@type\":\"ImageObject\",\"inLanguage\":\"en-US\",\"@id\":\"https:\/\/artes-valve.com\/#\/schema\/logo\/image\/\",\"url\":\"https:\/\/artes-valve.com\/wp-content\/uploads\/2018\/12\/artes-logo-600px.png\",\"contentUrl\":\"https:\/\/artes-valve.com\/wp-content\/uploads\/2018\/12\/artes-logo-600px.png\",\"width\":600,\"height\":184,\"caption\":\"ARTES Valve & Service GmbH\"},\"image\":{\"@id\":\"https:\/\/artes-valve.com\/#\/schema\/logo\/image\/\"}}]}<\/script>\n<!-- \/ Yoast SEO Premium plugin. -->","yoast_head_json":{"title":"Stellenangebot: Leitung Materialwirtschaft und\/oder Eink\u00e4ufer (m\/w\/d) | ARTES Valve &amp; Service GmbH","robots":{"index":"index","follow":"follow","max-snippet":"max-snippet:-1","max-image-preview":"max-image-preview:large","max-video-preview":"max-video-preview:-1"},"canonical":"https:\/\/artes-valve.com\/karriere\/leitung-materialwirtschaft\/","og_locale":"en_US","og_type":"article","og_title":"Stellenangebot: Leitung Materialwirtschaft und\/oder Eink\u00e4ufer (m\/w\/d) | ARTES Valve &amp; Service GmbH","og_url":"https:\/\/artes-valve.com\/karriere\/leitung-materialwirtschaft\/","og_site_name":"ARTES Valve &amp; Service GmbH","article_modified_time":"2025-06-26T07:06:35+00:00","twitter_card":"summary_large_image","twitter_misc":{"Est. reading time":"2 minutes"},"schema":{"@context":"https:\/\/schema.org","@graph":[{"@type":"WebPage","@id":"https:\/\/artes-valve.com\/karriere\/leitung-materialwirtschaft\/","url":"https:\/\/artes-valve.com\/karriere\/leitung-materialwirtschaft\/","name":"Stellenangebot: Leitung Materialwirtschaft und\/oder Eink\u00e4ufer (m\/w\/d) | ARTES Valve &amp; Service GmbH","isPartOf":{"@id":"https:\/\/artes-valve.com\/#website"},"datePublished":"2023-01-10T08:12:23+00:00","dateModified":"2025-06-26T07:06:35+00:00","description":"Die ARTES Valve & Service GmbH entwickelt, konstruiert und fertigt Industrie-Spezialarmaturen. Stellenangebot: Eink\u00e4ufer (m\/w\/d)","breadcrumb":{"@id":"https:\/\/artes-valve.com\/karriere\/leitung-materialwirtschaft\/#breadcrumb"},"inLanguage":"en-US","potentialAction":[{"@type":"ReadAction","target":["https:\/\/artes-valve.com\/karriere\/leitung-materialwirtschaft\/"]}]},{"@type":"BreadcrumbList","@id":"https:\/\/artes-valve.com\/karriere\/leitung-materialwirtschaft\/#breadcrumb","itemListElement":[{"@type":"ListItem","position":1,"name":"Startseite","item":"https:\/\/artes-valve.com\/"},{"@type":"ListItem","position":2,"name":"Ihre Karriere bei der ARTES Valve &amp; Service GmbH","item":"https:\/\/artes-valve.com\/karriere\/"},{"@type":"ListItem","position":3,"name":"Stellenangebot: Leitung Materialwirtschaft und\/oder Eink\u00e4ufer (m\/w\/d)"}]},{"@type":"WebSite","@id":"https:\/\/artes-valve.com\/#website","url":"https:\/\/artes-valve.com\/","name":"ARTES Valve &amp; Service GmbH","description":"The answer for perfect control","publisher":{"@id":"https:\/\/artes-valve.com\/#organization"},"alternateName":"ARTES Valve & Service GmbH","potentialAction":[{"@type":"SearchAction","target":{"@type":"EntryPoint","urlTemplate":"https:\/\/artes-valve.com\/?s={search_term_string}"},"query-input":{"@type":"PropertyValueSpecification","valueRequired":true,"valueName":"search_term_string"}}],"inLanguage":"en-US"},{"@type":"Organization","@id":"https:\/\/artes-valve.com\/#organization","name":"ARTES Valve & Service GmbH","url":"https:\/\/artes-valve.com\/","logo":{"@type":"ImageObject","inLanguage":"en-US","@id":"https:\/\/artes-valve.com\/#\/schema\/logo\/image\/","url":"https:\/\/artes-valve.com\/wp-content\/uploads\/2018\/12\/artes-logo-600px.png","contentUrl":"https:\/\/artes-valve.com\/wp-content\/uploads\/2018\/12\/artes-logo-600px.png","width":600,"height":184,"caption":"ARTES Valve & Service GmbH"},"image":{"@id":"https:\/\/artes-valve.com\/#\/schema\/logo\/image\/"}}]}},"_links":{"self":[{"href":"https:\/\/artes-valve.com\/en\/wp-json\/wp\/v2\/pages\/5083","targetHints":{"allow":["GET"]}}],"collection":[{"href":"https:\/\/artes-valve.com\/en\/wp-json\/wp\/v2\/pages"}],"about":[{"href":"https:\/\/artes-valve.com\/en\/wp-json\/wp\/v2\/types\/page"}],"author":[{"embeddable":true,"href":"https:\/\/artes-valve.com\/en\/wp-json\/wp\/v2\/users\/1"}],"replies":[{"embeddable":true,"href":"https:\/\/artes-valve.com\/en\/wp-json\/wp\/v2\/comments?post=5083"}],"version-history":[{"count":23,"href":"https:\/\/artes-valve.com\/en\/wp-json\/wp\/v2\/pages\/5083\/revisions"}],"predecessor-version":[{"id":7136,"href":"https:\/\/artes-valve.com\/en\/wp-json\/wp\/v2\/pages\/5083\/revisions\/7136"}],"up":[{"embeddable":true,"href":"https:\/\/artes-valve.com\/en\/wp-json\/wp\/v2\/pages\/240"}],"wp:attachment":[{"href":"https:\/\/artes-valve.com\/en\/wp-json\/wp\/v2\/media?parent=5083"}],"curies":[{"name":"wp","href":"https:\/\/api.w.org\/{rel}","templated":true}]}}