{"id":434,"date":"2019-01-21T18:02:23","date_gmt":"2019-01-21T17:02:23","guid":{"rendered":"https:\/\/artes-valve.de\/?page_id=434"},"modified":"2019-01-21T18:07:16","modified_gmt":"2019-01-21T17:07:16","slug":"haftungsausschluss","status":"publish","type":"page","link":"https:\/\/artes-valve.com\/en\/rechtliches\/haftungsausschluss\/","title":{"rendered":"Disclaimer"},"content":{"rendered":"\n<h3 class=\"wp-block-heading\">Liability for Contents<\/h3>\n\n\n\n<p>As service providers, we are liable \nfor own contents of these websites according to Sec. 7, paragraph 1 \nGerman Telemedia Act (TMG). However, according to Sec. 8 to 10 German \nTelemedia Act (TMG), service providers are not obligated to permanently \nmonitor submitted or stored information or to search for evidences that \nindicate illegal activities.<\/p>\n\n\n\n<p>Legal obligations to removing \ninformation or to blocking the use of information remain unchallenged. \nIn this case, liability is only possible at the time of knowledge about a\n specific violation of law. Illegal contents will be removed immediately\n at the time we get knowledge of them.<\/p>\n\n\n\n<h3 class=\"wp-block-heading\">Liability for Links<\/h3>\n\n\n\n<p>Our\n offer includes links to external third party websites. We have no \ninfluence on the contents of those websites, therefore we cannot \nguarantee for those contents. Providers or administrators of linked \nwebsites are always responsible for their own contents.<\/p>\n\n\n\n<p>The \nlinked websites had been checked for possible violations of law at the \ntime of the establishment of the link. Illegal contents were not \ndetected at the time of the linking. A permanent monitoring of the \ncontents of linked websites cannot be imposed without reasonable \nindications that there has been a violation of law. Illegal links will \nbe removed immediately at the time we get knowledge of them.<\/p>\n\n\n\n<h3 class=\"wp-block-heading\">Copyright<\/h3>\n\n\n\n<p>Contents\n and compilations published on these websites by the providers are \nsubject to German copyright laws. Reproduction, editing, distribution as\n well as the use of any kind outside the scope of the copyright law \nrequire a written permission of the author or originator. Downloads and \ncopies of these websites are permitted for private use only.<br> The commercial use of our contents without permission of the originator is prohibited.<\/p>\n\n\n\n<p>Copyright\n laws of third parties are respected as long as the contents on these \nwebsites do not originate from the provider. Contributions of third \nparties on this site are indicated as such. However, if you notice any \nviolations of copyright law, please inform us. Such contents will be \nremoved immediately.<\/p>\n","protected":false},"excerpt":{"rendered":"<p>Liability for Contents As service providers, we are liable for own contents of these websites according to Sec. 7, paragraph 1 German Telemedia Act (TMG). However, according to Sec. 8 to 10 German Telemedia Act (TMG), service providers are not obligated to permanently monitor submitted or stored information or to [\u2026] <\/p>\n<div class=\"clear\"><\/div>\n<p><a class=\"more_link clearfix\" href=\"https:\/\/artes-valve.com\/en\/rechtliches\/haftungsausschluss\/\" rel=\"nofollow\">Read More &rarr;<\/a><\/p>\n","protected":false},"author":1,"featured_media":0,"parent":50,"menu_order":93,"comment_status":"closed","ping_status":"closed","template":"templates\/full-width.php","meta":{"footnotes":""},"class_list":["post-434","page","type-page","status-publish","hentry"],"translation":{"provider":"WPGlobus","version":"3.0.2","language":"en","enabled_languages":["de","en","es"],"languages":{"de":{"title":true,"content":false,"excerpt":false},"en":{"title":true,"content":true,"excerpt":false},"es":{"title":true,"content":true,"excerpt":false}}},"yoast_head":"<!-- This site is optimized with the Yoast SEO Premium plugin v27.2 (Yoast SEO v27.2) - https:\/\/yoast.com\/product\/yoast-seo-premium-wordpress\/ -->\n<title>Disclaimer | ARTES Valve &amp; Service GmbH<\/title>\n<meta name=\"robots\" content=\"index, follow, max-snippet:-1, max-image-preview:large, max-video-preview:-1\" \/>\n<link rel=\"canonical\" href=\"https:\/\/artes-valve.com\/ru\/rechtliches\/haftungsausschluss\/\" \/>\n<meta property=\"og:locale\" content=\"en_US\" \/>\n<meta property=\"og:type\" content=\"article\" \/>\n<meta property=\"og:title\" content=\"Disclaimer | ARTES Valve &amp; Service GmbH\" \/>\n<meta property=\"og:url\" content=\"https:\/\/artes-valve.com\/ru\/rechtliches\/haftungsausschluss\/\" \/>\n<meta property=\"og:site_name\" content=\"ARTES Valve &amp; Service GmbH\" \/>\n<meta property=\"article:modified_time\" content=\"2019-01-21T17:07:16+00:00\" \/>\n<meta name=\"twitter:card\" content=\"summary_large_image\" \/>\n<meta name=\"twitter:label1\" content=\"Est. reading time\" \/>\n\t<meta name=\"twitter:data1\" content=\"4 minutes\" \/>\n<script type=\"application\/ld+json\" class=\"yoast-schema-graph\">{\"@context\":\"https:\/\/schema.org\",\"@graph\":[{\"@type\":\"WebPage\",\"@id\":\"https:\/\/artes-valve.com\/ru\/rechtliches\/haftungsausschluss\/\",\"url\":\"https:\/\/artes-valve.com\/ru\/rechtliches\/haftungsausschluss\/\",\"name\":\"Disclaimer | ARTES Valve &amp; Service GmbH\",\"isPartOf\":{\"@id\":\"https:\/\/artes-valve.com\/#website\"},\"datePublished\":\"2019-01-21T17:02:23+00:00\",\"dateModified\":\"2019-01-21T17:07:16+00:00\",\"description\":\"ARTES Valve & Service GmbH entwickelt, konstruiert und fertigt Spezialarmaturen f\u00fcr die Erd\u00f6l- und Erdgas-Industrie, die Kraftwerksbranche sowie den Anlagenbau: Drei-Wege- oder Regelkugel-Ventile, Einspritzk\u00fchler, Dampfumformstationen.\",\"breadcrumb\":{\"@id\":\"https:\/\/artes-valve.com\/ru\/rechtliches\/haftungsausschluss\/#breadcrumb\"},\"inLanguage\":\"en-US\",\"potentialAction\":[{\"@type\":\"ReadAction\",\"target\":[\"https:\/\/artes-valve.com\/ru\/rechtliches\/haftungsausschluss\/\"]}]},{\"@type\":\"BreadcrumbList\",\"@id\":\"https:\/\/artes-valve.com\/ru\/rechtliches\/haftungsausschluss\/#breadcrumb\",\"itemListElement\":[{\"@type\":\"ListItem\",\"position\":1,\"name\":\"Startseite\",\"item\":\"https:\/\/artes-valve.com\/\"},{\"@type\":\"ListItem\",\"position\":2,\"name\":\"Rechtliches\",\"item\":\"https:\/\/artes-valve.com\/ru\/rechtliches\/\"},{\"@type\":\"ListItem\",\"position\":3,\"name\":\"O\u0442\u043a\u0430\u0437\"}]},{\"@type\":\"WebSite\",\"@id\":\"https:\/\/artes-valve.com\/#website\",\"url\":\"https:\/\/artes-valve.com\/\",\"name\":\"ARTES Valve &amp; Service GmbH\",\"description\":\"The answer for perfect control\",\"publisher\":{\"@id\":\"https:\/\/artes-valve.com\/#organization\"},\"alternateName\":\"ARTES Valve & Service GmbH\",\"potentialAction\":[{\"@type\":\"SearchAction\",\"target\":{\"@type\":\"EntryPoint\",\"urlTemplate\":\"https:\/\/artes-valve.com\/?s={search_term_string}\"},\"query-input\":{\"@type\":\"PropertyValueSpecification\",\"valueRequired\":true,\"valueName\":\"search_term_string\"}}],\"inLanguage\":\"en-US\"},{\"@type\":\"Organization\",\"@id\":\"https:\/\/artes-valve.com\/#organization\",\"name\":\"ARTES Valve & Service GmbH\",\"url\":\"https:\/\/artes-valve.com\/\",\"logo\":{\"@type\":\"ImageObject\",\"inLanguage\":\"en-US\",\"@id\":\"https:\/\/artes-valve.com\/#\/schema\/logo\/image\/\",\"url\":\"https:\/\/artes-valve.com\/wp-content\/uploads\/2018\/12\/artes-logo-600px.png\",\"contentUrl\":\"https:\/\/artes-valve.com\/wp-content\/uploads\/2018\/12\/artes-logo-600px.png\",\"width\":600,\"height\":184,\"caption\":\"ARTES Valve & Service GmbH\"},\"image\":{\"@id\":\"https:\/\/artes-valve.com\/#\/schema\/logo\/image\/\"}}]}<\/script>\n<!-- \/ Yoast SEO Premium plugin. -->","yoast_head_json":{"title":"Disclaimer | ARTES Valve &amp; Service GmbH","robots":{"index":"index","follow":"follow","max-snippet":"max-snippet:-1","max-image-preview":"max-image-preview:large","max-video-preview":"max-video-preview:-1"},"canonical":"https:\/\/artes-valve.com\/ru\/rechtliches\/haftungsausschluss\/","og_locale":"en_US","og_type":"article","og_title":"Disclaimer | ARTES Valve &amp; Service GmbH","og_url":"https:\/\/artes-valve.com\/ru\/rechtliches\/haftungsausschluss\/","og_site_name":"ARTES Valve &amp; Service GmbH","article_modified_time":"2019-01-21T17:07:16+00:00","twitter_card":"summary_large_image","twitter_misc":{"Est. reading time":"4 minutes"},"schema":{"@context":"https:\/\/schema.org","@graph":[{"@type":"WebPage","@id":"https:\/\/artes-valve.com\/ru\/rechtliches\/haftungsausschluss\/","url":"https:\/\/artes-valve.com\/ru\/rechtliches\/haftungsausschluss\/","name":"Disclaimer | ARTES Valve &amp; Service GmbH","isPartOf":{"@id":"https:\/\/artes-valve.com\/#website"},"datePublished":"2019-01-21T17:02:23+00:00","dateModified":"2019-01-21T17:07:16+00:00","description":"ARTES Valve & Service GmbH entwickelt, konstruiert und fertigt Spezialarmaturen f\u00fcr die Erd\u00f6l- und Erdgas-Industrie, die Kraftwerksbranche sowie den Anlagenbau: Drei-Wege- oder Regelkugel-Ventile, Einspritzk\u00fchler, Dampfumformstationen.","breadcrumb":{"@id":"https:\/\/artes-valve.com\/ru\/rechtliches\/haftungsausschluss\/#breadcrumb"},"inLanguage":"en-US","potentialAction":[{"@type":"ReadAction","target":["https:\/\/artes-valve.com\/ru\/rechtliches\/haftungsausschluss\/"]}]},{"@type":"BreadcrumbList","@id":"https:\/\/artes-valve.com\/ru\/rechtliches\/haftungsausschluss\/#breadcrumb","itemListElement":[{"@type":"ListItem","position":1,"name":"Startseite","item":"https:\/\/artes-valve.com\/"},{"@type":"ListItem","position":2,"name":"Rechtliches","item":"https:\/\/artes-valve.com\/ru\/rechtliches\/"},{"@type":"ListItem","position":3,"name":"O\u0442\u043a\u0430\u0437"}]},{"@type":"WebSite","@id":"https:\/\/artes-valve.com\/#website","url":"https:\/\/artes-valve.com\/","name":"ARTES Valve &amp; Service GmbH","description":"The answer for perfect control","publisher":{"@id":"https:\/\/artes-valve.com\/#organization"},"alternateName":"ARTES Valve & Service GmbH","potentialAction":[{"@type":"SearchAction","target":{"@type":"EntryPoint","urlTemplate":"https:\/\/artes-valve.com\/?s={search_term_string}"},"query-input":{"@type":"PropertyValueSpecification","valueRequired":true,"valueName":"search_term_string"}}],"inLanguage":"en-US"},{"@type":"Organization","@id":"https:\/\/artes-valve.com\/#organization","name":"ARTES Valve & Service GmbH","url":"https:\/\/artes-valve.com\/","logo":{"@type":"ImageObject","inLanguage":"en-US","@id":"https:\/\/artes-valve.com\/#\/schema\/logo\/image\/","url":"https:\/\/artes-valve.com\/wp-content\/uploads\/2018\/12\/artes-logo-600px.png","contentUrl":"https:\/\/artes-valve.com\/wp-content\/uploads\/2018\/12\/artes-logo-600px.png","width":600,"height":184,"caption":"ARTES Valve & Service GmbH"},"image":{"@id":"https:\/\/artes-valve.com\/#\/schema\/logo\/image\/"}}]}},"_links":{"self":[{"href":"https:\/\/artes-valve.com\/en\/wp-json\/wp\/v2\/pages\/434","targetHints":{"allow":["GET"]}}],"collection":[{"href":"https:\/\/artes-valve.com\/en\/wp-json\/wp\/v2\/pages"}],"about":[{"href":"https:\/\/artes-valve.com\/en\/wp-json\/wp\/v2\/types\/page"}],"author":[{"embeddable":true,"href":"https:\/\/artes-valve.com\/en\/wp-json\/wp\/v2\/users\/1"}],"replies":[{"embeddable":true,"href":"https:\/\/artes-valve.com\/en\/wp-json\/wp\/v2\/comments?post=434"}],"version-history":[{"count":6,"href":"https:\/\/artes-valve.com\/en\/wp-json\/wp\/v2\/pages\/434\/revisions"}],"predecessor-version":[{"id":442,"href":"https:\/\/artes-valve.com\/en\/wp-json\/wp\/v2\/pages\/434\/revisions\/442"}],"up":[{"embeddable":true,"href":"https:\/\/artes-valve.com\/en\/wp-json\/wp\/v2\/pages\/50"}],"wp:attachment":[{"href":"https:\/\/artes-valve.com\/en\/wp-json\/wp\/v2\/media?parent=434"}],"curies":[{"name":"wp","href":"https:\/\/api.w.org\/{rel}","templated":true}]}}