{"id":254,"date":"2019-01-21T14:23:16","date_gmt":"2019-01-21T13:23:16","guid":{"rendered":"https:\/\/artes-valve.de\/?page_id=254"},"modified":"2026-01-20T14:29:20","modified_gmt":"2026-01-20T13:29:20","slug":"zertifikate","status":"publish","type":"page","link":"https:\/\/artes-valve.com\/en\/zertifikate\/","title":{"rendered":"Certificates"},"content":{"rendered":"\n<p>ARTES Valve &amp; Service GmbH is certified according to international standards. All certificates, attestations, declarations and permissions are available for download here:<\/p>\n\n\n\n<p><strong>Note:<\/strong> Numbers in square brackets = valid until<\/p>\n\n\n\n<p style=\"padding-left: 10px;\"><span class=\"wpz-sc-ilink\"><a class=\"download\" href=\"\" ><a  data-e-Disable-Page-Transition=\"true\" class=\"download-link\" title=\"Version 03\/2029\" href=\"https:\/\/artes-valve.com\/en\/download\/1097\/?tmstv=1776342037\" rel=\"nofollow\" id=\"download-link-1097\" data-redirect=\"false\" >\n\tCertifiate ISO 9001:2015 [03\/2029]\t(13042 downloads\t)\n<\/a>\n<\/a><\/span><\/p>\n<p style=\"padding-left: 10px;\"><span class=\"wpz-sc-ilink\"><a class=\"download\" href=\"\" ><a  data-e-Disable-Page-Transition=\"true\" class=\"download-link\" title=\"Version 03\/2029\" href=\"https:\/\/artes-valve.com\/en\/download\/1182\/?tmstv=1776342037\" rel=\"nofollow\" id=\"download-link-1182\" data-redirect=\"false\" >\n\tCertificate ISO 14001:2015 [03\/2029]\t(11167 downloads\t)\n<\/a>\n<\/a><\/span><\/p> \n<p style=\"padding-left: 10px;\"><span class=\"wpz-sc-ilink\"><a class=\"download\" href=\"\" ><a  data-e-Disable-Page-Transition=\"true\" class=\"download-link\" title=\"Version 12.02.2027\" href=\"https:\/\/artes-valve.com\/en\/download\/5824\/?tmstv=1776342037\" rel=\"nofollow\" id=\"download-link-5824\" data-redirect=\"false\" >\n\tSCC certification of the company and all service employees [02\/2027]\t(10969 downloads\t)\n<\/a>\n<\/a><\/span><\/p> \n<p style=\"padding-left: 10px;\"><span class=\"wpz-sc-ilink\"><a class=\"download\" href=\"\" ><a  data-e-Disable-Page-Transition=\"true\" class=\"download-link\" title=\"Version 03\/2028\" href=\"https:\/\/artes-valve.com\/en\/download\/1103\/?tmstv=1776342037\" rel=\"nofollow\" id=\"download-link-1103\" data-redirect=\"false\" >\n\tDirective 2014\/68\/EU on Pressure Equipment [03\/2028]\t(14588 downloads\t)\n<\/a>\n<\/a><\/span><\/p> \n<p style=\"padding-left: 10px;\"><span class=\"wpz-sc-ilink\"><a class=\"download\" href=\"\" ><a  data-e-Disable-Page-Transition=\"true\" class=\"download-link\" title=\"\" href=\"https:\/\/artes-valve.com\/en\/download\/1117\/?tmstv=1776342037\" rel=\"nofollow\" id=\"download-link-1117\" data-redirect=\"false\" >\n\tDeclaration of Manufacturer regarding ATEX 2014\/34\/EU\t(13959 downloads\t)\n<\/a>\n<\/a><\/span><\/p> \n<p style=\"padding-left: 10px;\"><span class=\"wpz-sc-ilink\"><a class=\"download\" href=\"\" ><a  data-e-Disable-Page-Transition=\"true\" class=\"download-link\" title=\"Version 07\/2026\" href=\"https:\/\/artes-valve.com\/en\/download\/1127\/?tmstv=1776342037\" rel=\"nofollow\" id=\"download-link-1127\" data-redirect=\"false\" >\n\tSpecialized Company: German Federal Water Act [07\/2026]\t(10213 downloads\t)\n<\/a>\n<\/a><\/span><\/p> \n<!--\n<p style=\"padding-left: 10px;\">[ilink style=\"download\"][download id=\"1173\"][\/ilink]<\/p> \n<p style=\"padding-left: 10px;\">[ilink style=\"download\"][download id=\"1212\"][\/ilink]<\/p> \n<p style=\"padding-left: 10px;\">[ilink style=\"download\"][download id=\"5011\"][\/ilink]<\/p>\n-->\n<p style=\"padding-left: 10px;\"><span class=\"wpz-sc-ilink\"><a class=\"download\" href=\"\" ><a  data-e-Disable-Page-Transition=\"true\" class=\"download-link\" title=\"Version 14.12.2023\" href=\"https:\/\/artes-valve.com\/en\/download\/1194\/?tmstv=1776342037\" rel=\"nofollow\" id=\"download-link-1194\" data-redirect=\"false\" >\n\tSystem of Transferring the Marking of Materials\t(12195 downloads\t)\n<\/a>\n<\/a><\/span><\/p> \n<p style=\"padding-left: 10px;\"><span class=\"wpz-sc-ilink\"><a class=\"download\" href=\"\" ><a  data-e-Disable-Page-Transition=\"true\" class=\"download-link\" title=\"Version 31.10.2026\" href=\"https:\/\/artes-valve.com\/en\/download\/1200\/?tmstv=1776342037\" rel=\"nofollow\" id=\"download-link-1200\" data-redirect=\"false\" >\n\tManufacturer and Welding Shop acc. to AD2000-Code [10\/2026]\t(13186 downloads\t)\n<\/a>\n<\/a><\/span><\/p> \n<p style=\"padding-left: 10px;\"><span class=\"wpz-sc-ilink\"><a class=\"download\" href=\"\" ><a  data-e-Disable-Page-Transition=\"true\" class=\"download-link\" title=\"\" href=\"https:\/\/artes-valve.com\/en\/download\/5525\/?tmstv=1776342037\" rel=\"nofollow\" id=\"download-link-5525\" data-redirect=\"false\" >\n\tWelding Quality Requirements according ISO 3834 [10\/2026]\t(9760 downloads\t)\n<\/a>\n<\/a><\/span><\/p> \n<p style=\"padding-left: 10px;\"><span class=\"wpz-sc-ilink\"><a class=\"download\" href=\"\" ><a  data-e-Disable-Page-Transition=\"true\" class=\"download-link\" title=\"\" href=\"https:\/\/artes-valve.com\/en\/download\/6752\/?tmstv=1776342037\" rel=\"nofollow\" id=\"download-link-6752\" data-redirect=\"false\" >\n\tConfirmation of the qualification of a repair workshop for safety valves\t(4182 downloads\t)\n<\/a>\n<\/a><\/span><\/p>\n<!--<p style=\"padding-left: 10px;\">DVGW Permission<\/p>-->\n\n\n<hr \/>\n<p>ARTES Valve &amp; Service GmbH was funded for research and development activities in several projects. Patents resulted from two funded individual projects.<\/p>\n<table class=\"foerderung\">\n<tbody>\n<tr>\n<td width=\"50%&quot;\"><img loading=\"lazy\" decoding=\"async\" class=\"aligncenter wp-image-5284 size-medium\" src=\"https:\/\/artes-valve.com\/wp-content\/uploads\/BMWK_Fz_2021_Office_Farbe_de-291x300.png\" alt=\"\" width=\"291\" height=\"300\" srcset=\"https:\/\/artes-valve.com\/wp-content\/uploads\/BMWK_Fz_2021_Office_Farbe_de-291x300.png 291w, https:\/\/artes-valve.com\/wp-content\/uploads\/BMWK_Fz_2021_Office_Farbe_de-995x1024.png 995w, https:\/\/artes-valve.com\/wp-content\/uploads\/BMWK_Fz_2021_Office_Farbe_de-768x791.png 768w, https:\/\/artes-valve.com\/wp-content\/uploads\/BMWK_Fz_2021_Office_Farbe_de-53x55.png 53w, https:\/\/artes-valve.com\/wp-content\/uploads\/BMWK_Fz_2021_Office_Farbe_de-800x824.png 800w, https:\/\/artes-valve.com\/wp-content\/uploads\/BMWK_Fz_2021_Office_Farbe_de-680x700.png 680w, https:\/\/artes-valve.com\/wp-content\/uploads\/BMWK_Fz_2021_Office_Farbe_de-200x206.png 200w, https:\/\/artes-valve.com\/wp-content\/uploads\/BMWK_Fz_2021_Office_Farbe_de.png 1360w\" sizes=\"auto, (max-width: 291px) 100vw, 291px\" \/><\/p>\n<p>ARTES research and development projects were funded under the Central Innovation Programme for SMEs (ZIM).<\/p>\n<\/td>\n<td><img loading=\"lazy\" decoding=\"async\" class=\"aligncenter wp-image-5283 size-medium\" src=\"https:\/\/artes-valve.com\/wp-content\/uploads\/BSFZ_Siegel_RGB_3x-300x300.png\" alt=\"BSFZ F\u00f6rderungs-Siegel\" width=\"300\" height=\"300\" srcset=\"https:\/\/artes-valve.com\/wp-content\/uploads\/BSFZ_Siegel_RGB_3x-300x300.png 300w, https:\/\/artes-valve.com\/wp-content\/uploads\/BSFZ_Siegel_RGB_3x-1024x1024.png 1024w, https:\/\/artes-valve.com\/wp-content\/uploads\/BSFZ_Siegel_RGB_3x-150x150.png 150w, https:\/\/artes-valve.com\/wp-content\/uploads\/BSFZ_Siegel_RGB_3x-768x768.png 768w, https:\/\/artes-valve.com\/wp-content\/uploads\/BSFZ_Siegel_RGB_3x-500x500.png 500w, https:\/\/artes-valve.com\/wp-content\/uploads\/BSFZ_Siegel_RGB_3x-400x400.png 400w, https:\/\/artes-valve.com\/wp-content\/uploads\/BSFZ_Siegel_RGB_3x-55x55.png 55w, https:\/\/artes-valve.com\/wp-content\/uploads\/BSFZ_Siegel_RGB_3x-1536x1536.png 1536w, https:\/\/artes-valve.com\/wp-content\/uploads\/BSFZ_Siegel_RGB_3x-2048x2048.png 2048w, https:\/\/artes-valve.com\/wp-content\/uploads\/BSFZ_Siegel_RGB_3x-2000x2000.png 2000w, https:\/\/artes-valve.com\/wp-content\/uploads\/BSFZ_Siegel_RGB_3x-800x800.png 800w, https:\/\/artes-valve.com\/wp-content\/uploads\/BSFZ_Siegel_RGB_3x-680x680.png 680w, https:\/\/artes-valve.com\/wp-content\/uploads\/BSFZ_Siegel_RGB_3x-72x72.png 72w, https:\/\/artes-valve.com\/wp-content\/uploads\/BSFZ_Siegel_RGB_3x-200x200.png 200w\" sizes=\"auto, (max-width: 300px) 100vw, 300px\" \/><\/p>\n<p>ARTES research and development projects were funded within the framework of the research allowance.<\/p>\n<\/td>\n<\/tr>\n<\/tbody>\n<\/table>\n<hr \/><!-- wp:paragraph \n\n\n\n\n\n\n\n\n\n\n\n\n\n\n\n\n\n\n\n\n\n\n\n\n[LBSP id=1052]\n\n\n\n\n\n\n\n\n\n\n\n\n\n\n\n\n\n\n\n\n\n\n\n\n \/wp:paragraph --><\/p>","protected":false},"excerpt":{"rendered":"<p>ARTES Valve &amp; Service GmbH is certified according to international standards. All certificates, attestations, declarations and permissions are available for download here: Note: Numbers in square brackets = valid until ARTES Valve &amp; Service GmbH was funded for research and development activities in several projects. Patents resulted from two funded [\u2026] <\/p>\n<div class=\"clear\"><\/div>\n<p><a class=\"more_link clearfix\" href=\"https:\/\/artes-valve.com\/en\/zertifikate\/\" rel=\"nofollow\">Read More &rarr;<\/a><\/p>\n","protected":false},"author":1,"featured_media":0,"parent":0,"menu_order":50,"comment_status":"closed","ping_status":"closed","template":"templates\/full-width.php","meta":{"footnotes":""},"class_list":["post-254","page","type-page","status-publish","hentry"],"translation":{"provider":"WPGlobus","version":"3.0.2","language":"en","enabled_languages":["de","en","es"],"languages":{"de":{"title":true,"content":true,"excerpt":false},"en":{"title":true,"content":true,"excerpt":false},"es":{"title":true,"content":true,"excerpt":false}}},"yoast_head":"<!-- This site is optimized with the Yoast SEO Premium plugin v27.2 (Yoast SEO v27.2) - https:\/\/yoast.com\/product\/yoast-seo-premium-wordpress\/ -->\n<title>Certificates | ARTES Valve &amp; Service GmbH<\/title>\n<meta name=\"robots\" content=\"index, follow, max-snippet:-1, max-image-preview:large, max-video-preview:-1\" \/>\n<link rel=\"canonical\" href=\"https:\/\/artes-valve.com\/zertifikate\/\" \/>\n<meta property=\"og:locale\" content=\"en_US\" \/>\n<meta property=\"og:type\" content=\"article\" \/>\n<meta property=\"og:title\" content=\"Certificates | ARTES Valve &amp; Service GmbH\" \/>\n<meta property=\"og:url\" content=\"https:\/\/artes-valve.com\/zertifikate\/\" \/>\n<meta property=\"og:site_name\" content=\"ARTES Valve &amp; Service GmbH\" \/>\n<meta property=\"article:modified_time\" content=\"2026-01-20T13:29:20+00:00\" \/>\n<meta property=\"og:image\" content=\"https:\/\/artes-valve.com\/wp-content\/uploads\/BMWK_Fz_2021_Office_Farbe_de.png\" \/>\n\t<meta property=\"og:image:width\" content=\"1360\" \/>\n\t<meta property=\"og:image:height\" content=\"1400\" \/>\n\t<meta property=\"og:image:type\" content=\"image\/png\" \/>\n<meta name=\"twitter:card\" content=\"summary_large_image\" \/>\n<meta name=\"twitter:label1\" content=\"Est. reading time\" \/>\n\t<meta name=\"twitter:data1\" content=\"1 minute\" \/>\n<script type=\"application\/ld+json\" class=\"yoast-schema-graph\">{\"@context\":\"https:\/\/schema.org\",\"@graph\":[{\"@type\":\"WebPage\",\"@id\":\"https:\/\/artes-valve.com\/zertifikate\/\",\"url\":\"https:\/\/artes-valve.com\/zertifikate\/\",\"name\":\"Certificates | ARTES Valve &amp; Service GmbH\",\"isPartOf\":{\"@id\":\"https:\/\/artes-valve.com\/#website\"},\"primaryImageOfPage\":{\"@id\":\"https:\/\/artes-valve.com\/zertifikate\/#primaryimage\"},\"image\":{\"@id\":\"https:\/\/artes-valve.com\/zertifikate\/#primaryimage\"},\"thumbnailUrl\":\"https:\/\/artes-valve.com\/wp-content\/uploads\/BMWK_Fz_2021_Office_Farbe_de-291x300.png\",\"datePublished\":\"2019-01-21T13:23:16+00:00\",\"dateModified\":\"2026-01-20T13:29:20+00:00\",\"description\":\"ARTES Valve & Service GmbH entwickelt, konstruiert und fertigt Drei-Wege-, Regelkugel-Armaturen, Einspritzk\u00fchler, Dampfumformstationen f\u00fcr die Erd\u00f6l- und Erdgas-Industrie, Kraftwerksbranche und Anlagenbau\",\"breadcrumb\":{\"@id\":\"https:\/\/artes-valve.com\/zertifikate\/#breadcrumb\"},\"inLanguage\":\"en-US\",\"potentialAction\":[{\"@type\":\"ReadAction\",\"target\":[\"https:\/\/artes-valve.com\/zertifikate\/\"]}]},{\"@type\":\"ImageObject\",\"inLanguage\":\"en-US\",\"@id\":\"https:\/\/artes-valve.com\/zertifikate\/#primaryimage\",\"url\":\"https:\/\/artes-valve.com\/wp-content\/uploads\/BMWK_Fz_2021_Office_Farbe_de-291x300.png\",\"contentUrl\":\"https:\/\/artes-valve.com\/wp-content\/uploads\/BMWK_Fz_2021_Office_Farbe_de-291x300.png\"},{\"@type\":\"BreadcrumbList\",\"@id\":\"https:\/\/artes-valve.com\/zertifikate\/#breadcrumb\",\"itemListElement\":[{\"@type\":\"ListItem\",\"position\":1,\"name\":\"Startseite\",\"item\":\"https:\/\/artes-valve.com\/\"},{\"@type\":\"ListItem\",\"position\":2,\"name\":\"Zertifikate der ARTES Valve &#038; Service GmbH\"}]},{\"@type\":\"WebSite\",\"@id\":\"https:\/\/artes-valve.com\/#website\",\"url\":\"https:\/\/artes-valve.com\/\",\"name\":\"ARTES Valve &amp; Service GmbH\",\"description\":\"The answer for perfect control\",\"publisher\":{\"@id\":\"https:\/\/artes-valve.com\/#organization\"},\"alternateName\":\"ARTES Valve & Service GmbH\",\"potentialAction\":[{\"@type\":\"SearchAction\",\"target\":{\"@type\":\"EntryPoint\",\"urlTemplate\":\"https:\/\/artes-valve.com\/?s={search_term_string}\"},\"query-input\":{\"@type\":\"PropertyValueSpecification\",\"valueRequired\":true,\"valueName\":\"search_term_string\"}}],\"inLanguage\":\"en-US\"},{\"@type\":\"Organization\",\"@id\":\"https:\/\/artes-valve.com\/#organization\",\"name\":\"ARTES Valve & Service GmbH\",\"url\":\"https:\/\/artes-valve.com\/\",\"logo\":{\"@type\":\"ImageObject\",\"inLanguage\":\"en-US\",\"@id\":\"https:\/\/artes-valve.com\/#\/schema\/logo\/image\/\",\"url\":\"https:\/\/artes-valve.com\/wp-content\/uploads\/2018\/12\/artes-logo-600px.png\",\"contentUrl\":\"https:\/\/artes-valve.com\/wp-content\/uploads\/2018\/12\/artes-logo-600px.png\",\"width\":600,\"height\":184,\"caption\":\"ARTES Valve & Service GmbH\"},\"image\":{\"@id\":\"https:\/\/artes-valve.com\/#\/schema\/logo\/image\/\"}}]}<\/script>\n<!-- \/ Yoast SEO Premium plugin. -->","yoast_head_json":{"title":"Certificates | ARTES Valve &amp; Service GmbH","robots":{"index":"index","follow":"follow","max-snippet":"max-snippet:-1","max-image-preview":"max-image-preview:large","max-video-preview":"max-video-preview:-1"},"canonical":"https:\/\/artes-valve.com\/zertifikate\/","og_locale":"en_US","og_type":"article","og_title":"Certificates | ARTES Valve &amp; Service GmbH","og_url":"https:\/\/artes-valve.com\/zertifikate\/","og_site_name":"ARTES Valve &amp; Service GmbH","article_modified_time":"2026-01-20T13:29:20+00:00","og_image":[{"width":1360,"height":1400,"url":"https:\/\/artes-valve.com\/wp-content\/uploads\/BMWK_Fz_2021_Office_Farbe_de.png","type":"image\/png"}],"twitter_card":"summary_large_image","twitter_misc":{"Est. reading time":"1 minute"},"schema":{"@context":"https:\/\/schema.org","@graph":[{"@type":"WebPage","@id":"https:\/\/artes-valve.com\/zertifikate\/","url":"https:\/\/artes-valve.com\/zertifikate\/","name":"Certificates | ARTES Valve &amp; Service GmbH","isPartOf":{"@id":"https:\/\/artes-valve.com\/#website"},"primaryImageOfPage":{"@id":"https:\/\/artes-valve.com\/zertifikate\/#primaryimage"},"image":{"@id":"https:\/\/artes-valve.com\/zertifikate\/#primaryimage"},"thumbnailUrl":"https:\/\/artes-valve.com\/wp-content\/uploads\/BMWK_Fz_2021_Office_Farbe_de-291x300.png","datePublished":"2019-01-21T13:23:16+00:00","dateModified":"2026-01-20T13:29:20+00:00","description":"ARTES Valve & Service GmbH entwickelt, konstruiert und fertigt Drei-Wege-, Regelkugel-Armaturen, Einspritzk\u00fchler, Dampfumformstationen f\u00fcr die Erd\u00f6l- und Erdgas-Industrie, Kraftwerksbranche und Anlagenbau","breadcrumb":{"@id":"https:\/\/artes-valve.com\/zertifikate\/#breadcrumb"},"inLanguage":"en-US","potentialAction":[{"@type":"ReadAction","target":["https:\/\/artes-valve.com\/zertifikate\/"]}]},{"@type":"ImageObject","inLanguage":"en-US","@id":"https:\/\/artes-valve.com\/zertifikate\/#primaryimage","url":"https:\/\/artes-valve.com\/wp-content\/uploads\/BMWK_Fz_2021_Office_Farbe_de-291x300.png","contentUrl":"https:\/\/artes-valve.com\/wp-content\/uploads\/BMWK_Fz_2021_Office_Farbe_de-291x300.png"},{"@type":"BreadcrumbList","@id":"https:\/\/artes-valve.com\/zertifikate\/#breadcrumb","itemListElement":[{"@type":"ListItem","position":1,"name":"Startseite","item":"https:\/\/artes-valve.com\/"},{"@type":"ListItem","position":2,"name":"Zertifikate der ARTES Valve &#038; Service GmbH"}]},{"@type":"WebSite","@id":"https:\/\/artes-valve.com\/#website","url":"https:\/\/artes-valve.com\/","name":"ARTES Valve &amp; Service GmbH","description":"The answer for perfect control","publisher":{"@id":"https:\/\/artes-valve.com\/#organization"},"alternateName":"ARTES Valve & Service GmbH","potentialAction":[{"@type":"SearchAction","target":{"@type":"EntryPoint","urlTemplate":"https:\/\/artes-valve.com\/?s={search_term_string}"},"query-input":{"@type":"PropertyValueSpecification","valueRequired":true,"valueName":"search_term_string"}}],"inLanguage":"en-US"},{"@type":"Organization","@id":"https:\/\/artes-valve.com\/#organization","name":"ARTES Valve & Service GmbH","url":"https:\/\/artes-valve.com\/","logo":{"@type":"ImageObject","inLanguage":"en-US","@id":"https:\/\/artes-valve.com\/#\/schema\/logo\/image\/","url":"https:\/\/artes-valve.com\/wp-content\/uploads\/2018\/12\/artes-logo-600px.png","contentUrl":"https:\/\/artes-valve.com\/wp-content\/uploads\/2018\/12\/artes-logo-600px.png","width":600,"height":184,"caption":"ARTES Valve & Service GmbH"},"image":{"@id":"https:\/\/artes-valve.com\/#\/schema\/logo\/image\/"}}]}},"_links":{"self":[{"href":"https:\/\/artes-valve.com\/en\/wp-json\/wp\/v2\/pages\/254","targetHints":{"allow":["GET"]}}],"collection":[{"href":"https:\/\/artes-valve.com\/en\/wp-json\/wp\/v2\/pages"}],"about":[{"href":"https:\/\/artes-valve.com\/en\/wp-json\/wp\/v2\/types\/page"}],"author":[{"embeddable":true,"href":"https:\/\/artes-valve.com\/en\/wp-json\/wp\/v2\/users\/1"}],"replies":[{"embeddable":true,"href":"https:\/\/artes-valve.com\/en\/wp-json\/wp\/v2\/comments?post=254"}],"version-history":[{"count":175,"href":"https:\/\/artes-valve.com\/en\/wp-json\/wp\/v2\/pages\/254\/revisions"}],"predecessor-version":[{"id":7586,"href":"https:\/\/artes-valve.com\/en\/wp-json\/wp\/v2\/pages\/254\/revisions\/7586"}],"wp:attachment":[{"href":"https:\/\/artes-valve.com\/en\/wp-json\/wp\/v2\/media?parent=254"}],"curies":[{"name":"wp","href":"https:\/\/api.w.org\/{rel}","templated":true}]}}