{"id":2202,"date":"2022-01-03T19:39:03","date_gmt":"2022-01-03T18:39:03","guid":{"rendered":"https:\/\/artes-valve.com\/?page_id=2202"},"modified":"2022-01-04T10:54:22","modified_gmt":"2022-01-04T09:54:22","slug":"armaturenset-fuer-den-wasser-dampf-kreislauf","status":"publish","type":"page","link":"https:\/\/artes-valve.com\/en\/produkte\/armaturenset-fuer-den-wasser-dampf-kreislauf\/","title":{"rendered":"Control Valves for the Water-Steam Circuit of a Power Plant"},"content":{"rendered":"<p>Order, design, production, delivery: A complete set of control valves for the water-steam circuit of a power plant.<br \/>\nMouse-over to find out the product name, mouse-click for the technical details as PDF (in the new browser tab).<br \/>\n&nbsp;<br \/>\n<img decoding=\"async\" usemap=\"#armaturenset\" src=\"https:\/\/artes-valve.com\/wp-content\/uploads\/armaturen_kollektion_IMG_0076_bemasst.jpg\" \/><\/p>\n<map name=\"armaturenset\">\n<area id=\"12.1\" shape=\"rect\" coords=\"20,20,200,355\" href=\"https:\/\/artes-valve.com\/wp-content\/uploads\/1LBS10AA101_5504246-12.1_db_du_rev1.pdf\" target=\"_blank\" title=\"Steam conversion station NDU&#10;ARTES Valve-65-W&#10;5+1 reduction steps&#10;\u00d8 114,3 x 11,0\/508,0 x 11,0\">\n<area id=\"6\" shape=\"rect\" coords=\"235,160,365,330\" href=\"https:\/\/artes-valve.com\/wp-content\/uploads\/1LAE11AA001_5504246-6_db_ek3_rev3.pdf\" target=\"_blank\" title=\"Desuperheater 1&#10;ARTES desuperheater type 3&#10;DN80\/25; PN160\">\n<area id=\"9\" shape=\"rect\" coords=\"380,32,690,315\" href=\"https:\/\/artes-valve.com\/wp-content\/uploads\/1LBS11AA001_5504246-9_db_rkh350gw_rev1.pdf\" target=\"_blank\" title=\"Control Valve BOP&#10;ARTES RKH-350-GW&#10;\u00d8 610,0 x 8,8\">\n<area id=\"7\" shape=\"rect\" coords=\"705,155,850,330\" href=\"https:\/\/artes-valve.com\/wp-content\/uploads\/1LAE12AA001_5504246-7_db_ek3_rev2.pdf\" target=\"_blank\" title=\"Desuperheater 2&#10;ARTES desuperheater type 3&#10;DN80\/25; PN160\">\n<area id=\"10.1\" shape=\"rect\" coords=\"870,20,1055,380\" href=\"https:\/\/artes-valve.com\/wp-content\/uploads\/1MAN10AA101_5504246-10.1_db_du_rev1.pdf\" target=\"_blank\" title=\"Steam conversion station HDU&#10;ARTES Valve-65-W&#10;5+1 reduction steps&#10;\u00d8 139,7 x 14,2\/508,0 x 11\">\n<area id=\"4\" shape=\"rect\" coords=\"20,360,210,515\" href=\"https:\/\/artes-valve.com\/wp-content\/uploads\/1LAB20AA001_5504246-4_db_rkh065gw_rev1.pdf\" target=\"_blank\" title=\"Feed water Control Valve&#10;ARTES RKH-65-W&#10;\u00d8 139,7 x 10,0\">\n<area id=\"10.3\" shape=\"rect\" coords=\"285,340,431,453\" href=\"https:\/\/artes-valve.com\/wp-content\/uploads\/1LAE40AA005_5504246-10.3_db_rkh025gw_rev1.pdf.pdf\" target=\"_blank\" title=\"Water injection control valve for&#10;Steam conversion station HDU&#10;ARTES RKH-25-GW&#10;\u00d8 48,3 x 3,2\">\n<area id=\"8\" shape=\"rect\" coords=\"450,365,600,495\" href=\"https:\/\/artes-valve.com\/wp-content\/uploads\/1LAB40AA001_5504246-8_db_dwa65gw_rev1.pdf\" target=\"_blank\" title=\"3 way valve&#10;ARTES 3 way-distributer&#10;\u00d8 114,3 x 8,0\/168,3 x 12,5\/168,6 x 12,5\">\n<area id=\"11.3\" shape=\"rect\" coords=\"625,333,760,450\" href=\"https:\/\/artes-valve.com\/wp-content\/uploads\/1LAE60AA005_5504246-11.3_db_rkh025gw_rev1.pdf\" target=\"_blank\" title=\"Water injection control valve for&#10;Steam conversion station MDU&#10;ARTES RKH-25-GW&#10;\u00d8 33,7 x 3,2\">\n<area id=\"12.3\" shape=\"rect\" coords=\"227,450,370,530\" href=\"https:\/\/artes-valve.com\/wp-content\/uploads\/1LAE20AA005_5504246-12.3_db_rkh025gw_rev1.pdf\" target=\"_blank\" title=\"Water injection control valve for&#10;Steam conversion station NDU&#10;ARTES RKH-25-GW&#10;\u00d8 48,3 x 3,2\">\n<area id=\"5\" shape=\"rect\" coords=\"840,390,1000,540\" href=\"https:\/\/artes-valve.com\/wp-content\/uploads\/1HCB10AA001_5504246-5_db_rkh040w_rev1.pdf\" target=\"_blank\" title=\"Sootblower pressure retention Control Valve&#10;ARTES RKH-40-W&#10;\u00d8 88,9 x 6,3\/114,3 x 5,0\">\n<area id=\"11.1\" shape=\"rect\" coords=\"20,515,130,735\" href=\"https:\/\/artes-valve.com\/wp-content\/uploads\/1LBG10AA101_5504246-11.1_db_du_rev2.pdf\" target=\"_blank\" title=\"Steam conversion station MDU&#10;ARTES Valve-35-W&#10;2+1 reduction steps&#10;\u00d8 60,3 x 5,0\/273,0 x 6,3\">\n<area id=\"1\" shape=\"rect\" coords=\"165,535,664,744\" href=\"https:\/\/artes-valve.com\/wp-content\/uploads\/1LBH10AA010_5504246-1_db_rkh100w_rev1.pdf\" target=\"_blank\" title=\"Start-up Control Valve&#10;ARTES RKH-100-W&#10;\u00d8 101,6 x 11,0\/273,0 x 6,3\">\n<area id=\"2\" shape=\"rect\" coords=\"760,585,980,730\" href=\"https:\/\/artes-valve.com\/wp-content\/uploads\/1LCQ10AA001_5504246-2_db_rkh025w_rev1.pdf\" target=\"_blank\" title=\"Desalting Control Valve&#10;ARTES RKH-25-W&#10;\u00d8 48,3 x 3,6\">\n<area id=\"3\" shape=\"rect\" coords=\"646,466,820,580\" href=\"https:\/\/artes-valve.com\/wp-content\/uploads\/1HAD10AA001_5504246-3_db_rkh025w_rev1.pdf\" target=\"_blank\" title=\"Quick drain Control Valve&#10;ARTES RKH-25-W&#10;\u00d8 60,3 x 3,2\">\n<\/map>\n","protected":false},"excerpt":{"rendered":"<p>Order, design, production, delivery: A complete set of control valves for the water-steam circuit of a power plant. Mouse-over to find out the product name, mouse-click for the technical details as PDF (in the new browser tab). &nbsp;<\/p>\n","protected":false},"author":1,"featured_media":0,"parent":38,"menu_order":29,"comment_status":"closed","ping_status":"closed","template":"templates\/full-width.php","meta":{"footnotes":""},"class_list":["post-2202","page","type-page","status-publish","hentry"],"translation":{"provider":"WPGlobus","version":"3.0.2","language":"en","enabled_languages":["de","en","es"],"languages":{"de":{"title":true,"content":true,"excerpt":false},"en":{"title":true,"content":true,"excerpt":false},"es":{"title":true,"content":true,"excerpt":false}}},"yoast_head":"<!-- This site is optimized with the Yoast SEO Premium plugin v27.2 (Yoast SEO v27.2) - https:\/\/yoast.com\/product\/yoast-seo-premium-wordpress\/ -->\n<title>Control Valves for the Water-Steam Circuit of a Power Plant | ARTES Valve &amp; Service GmbH<\/title>\n<meta name=\"robots\" content=\"index, follow, max-snippet:-1, max-image-preview:large, max-video-preview:-1\" \/>\n<link rel=\"canonical\" href=\"https:\/\/artes-valve.com\/produkte\/armaturenset-fuer-den-wasser-dampf-kreislauf\/\" \/>\n<meta property=\"og:locale\" content=\"en_US\" \/>\n<meta property=\"og:type\" content=\"article\" \/>\n<meta property=\"og:title\" content=\"Control Valves for the Water-Steam Circuit of a Power Plant | ARTES Valve &amp; Service GmbH\" \/>\n<meta property=\"og:url\" content=\"https:\/\/artes-valve.com\/produkte\/armaturenset-fuer-den-wasser-dampf-kreislauf\/\" \/>\n<meta property=\"og:site_name\" content=\"ARTES Valve &amp; Service GmbH\" \/>\n<meta property=\"article:modified_time\" content=\"2022-01-04T09:54:22+00:00\" \/>\n<meta property=\"og:image\" content=\"https:\/\/artes-valve.com\/wp-content\/uploads\/armaturen_kollektion_IMG_0076_bemasst.jpg\" \/>\n<meta name=\"twitter:card\" content=\"summary_large_image\" \/>\n<meta name=\"twitter:label1\" content=\"Est. reading time\" \/>\n\t<meta name=\"twitter:data1\" content=\"1 minute\" \/>\n<script type=\"application\/ld+json\" class=\"yoast-schema-graph\">{\"@context\":\"https:\/\/schema.org\",\"@graph\":[{\"@type\":\"WebPage\",\"@id\":\"https:\/\/artes-valve.com\/produkte\/armaturenset-fuer-den-wasser-dampf-kreislauf\/\",\"url\":\"https:\/\/artes-valve.com\/produkte\/armaturenset-fuer-den-wasser-dampf-kreislauf\/\",\"name\":\"Control Valves for the Water-Steam Circuit of a Power Plant | ARTES Valve &amp; Service GmbH\",\"isPartOf\":{\"@id\":\"https:\/\/artes-valve.com\/#website\"},\"primaryImageOfPage\":{\"@id\":\"https:\/\/artes-valve.com\/produkte\/armaturenset-fuer-den-wasser-dampf-kreislauf\/#primaryimage\"},\"image\":{\"@id\":\"https:\/\/artes-valve.com\/produkte\/armaturenset-fuer-den-wasser-dampf-kreislauf\/#primaryimage\"},\"thumbnailUrl\":\"https:\/\/artes-valve.com\/wp-content\/uploads\/armaturen_kollektion_IMG_0076_bemasst.jpg\",\"datePublished\":\"2022-01-03T18:39:03+00:00\",\"dateModified\":\"2022-01-04T09:54:22+00:00\",\"description\":\"ARTES Valve & Service GmbH entwickelt, konstruiert und fertigt Spezialarmaturen f\u00fcr die Erd\u00f6l- und Erdgas-Industrie, die Kraftwerksbranche sowie den Anlagenbau: Drei-Wege- oder Regelkugel-Ventile, Einspritzk\u00fchler, Dampfumformstationen.\",\"breadcrumb\":{\"@id\":\"https:\/\/artes-valve.com\/produkte\/armaturenset-fuer-den-wasser-dampf-kreislauf\/#breadcrumb\"},\"inLanguage\":\"en-US\",\"potentialAction\":[{\"@type\":\"ReadAction\",\"target\":[\"https:\/\/artes-valve.com\/produkte\/armaturenset-fuer-den-wasser-dampf-kreislauf\/\"]}]},{\"@type\":\"ImageObject\",\"inLanguage\":\"en-US\",\"@id\":\"https:\/\/artes-valve.com\/produkte\/armaturenset-fuer-den-wasser-dampf-kreislauf\/#primaryimage\",\"url\":\"https:\/\/artes-valve.com\/wp-content\/uploads\/armaturen_kollektion_IMG_0076_bemasst.jpg\",\"contentUrl\":\"https:\/\/artes-valve.com\/wp-content\/uploads\/armaturen_kollektion_IMG_0076_bemasst.jpg\"},{\"@type\":\"BreadcrumbList\",\"@id\":\"https:\/\/artes-valve.com\/produkte\/armaturenset-fuer-den-wasser-dampf-kreislauf\/#breadcrumb\",\"itemListElement\":[{\"@type\":\"ListItem\",\"position\":1,\"name\":\"Startseite\",\"item\":\"https:\/\/artes-valve.com\/\"},{\"@type\":\"ListItem\",\"position\":2,\"name\":\"Produkte der ARTES Valve &#038; Service GmbH\",\"item\":\"https:\/\/artes-valve.com\/produkte\/\"},{\"@type\":\"ListItem\",\"position\":3,\"name\":\"Regelarmaturen f\u00fcr den Wasser-Dampf-Kreislauf\"}]},{\"@type\":\"WebSite\",\"@id\":\"https:\/\/artes-valve.com\/#website\",\"url\":\"https:\/\/artes-valve.com\/\",\"name\":\"ARTES Valve &amp; Service GmbH\",\"description\":\"The answer for perfect control\",\"publisher\":{\"@id\":\"https:\/\/artes-valve.com\/#organization\"},\"alternateName\":\"ARTES Valve & Service GmbH\",\"potentialAction\":[{\"@type\":\"SearchAction\",\"target\":{\"@type\":\"EntryPoint\",\"urlTemplate\":\"https:\/\/artes-valve.com\/?s={search_term_string}\"},\"query-input\":{\"@type\":\"PropertyValueSpecification\",\"valueRequired\":true,\"valueName\":\"search_term_string\"}}],\"inLanguage\":\"en-US\"},{\"@type\":\"Organization\",\"@id\":\"https:\/\/artes-valve.com\/#organization\",\"name\":\"ARTES Valve & Service GmbH\",\"url\":\"https:\/\/artes-valve.com\/\",\"logo\":{\"@type\":\"ImageObject\",\"inLanguage\":\"en-US\",\"@id\":\"https:\/\/artes-valve.com\/#\/schema\/logo\/image\/\",\"url\":\"https:\/\/artes-valve.com\/wp-content\/uploads\/2018\/12\/artes-logo-600px.png\",\"contentUrl\":\"https:\/\/artes-valve.com\/wp-content\/uploads\/2018\/12\/artes-logo-600px.png\",\"width\":600,\"height\":184,\"caption\":\"ARTES Valve & Service GmbH\"},\"image\":{\"@id\":\"https:\/\/artes-valve.com\/#\/schema\/logo\/image\/\"}}]}<\/script>\n<!-- \/ Yoast SEO Premium plugin. -->","yoast_head_json":{"title":"Control Valves for the Water-Steam Circuit of a Power Plant | ARTES Valve &amp; Service GmbH","robots":{"index":"index","follow":"follow","max-snippet":"max-snippet:-1","max-image-preview":"max-image-preview:large","max-video-preview":"max-video-preview:-1"},"canonical":"https:\/\/artes-valve.com\/produkte\/armaturenset-fuer-den-wasser-dampf-kreislauf\/","og_locale":"en_US","og_type":"article","og_title":"Control Valves for the Water-Steam Circuit of a Power Plant | ARTES Valve &amp; Service GmbH","og_url":"https:\/\/artes-valve.com\/produkte\/armaturenset-fuer-den-wasser-dampf-kreislauf\/","og_site_name":"ARTES Valve &amp; Service GmbH","article_modified_time":"2022-01-04T09:54:22+00:00","og_image":[{"url":"https:\/\/artes-valve.com\/wp-content\/uploads\/armaturen_kollektion_IMG_0076_bemasst.jpg","type":"","width":"","height":""}],"twitter_card":"summary_large_image","twitter_misc":{"Est. reading time":"1 minute"},"schema":{"@context":"https:\/\/schema.org","@graph":[{"@type":"WebPage","@id":"https:\/\/artes-valve.com\/produkte\/armaturenset-fuer-den-wasser-dampf-kreislauf\/","url":"https:\/\/artes-valve.com\/produkte\/armaturenset-fuer-den-wasser-dampf-kreislauf\/","name":"Control Valves for the Water-Steam Circuit of a Power Plant | ARTES Valve &amp; Service GmbH","isPartOf":{"@id":"https:\/\/artes-valve.com\/#website"},"primaryImageOfPage":{"@id":"https:\/\/artes-valve.com\/produkte\/armaturenset-fuer-den-wasser-dampf-kreislauf\/#primaryimage"},"image":{"@id":"https:\/\/artes-valve.com\/produkte\/armaturenset-fuer-den-wasser-dampf-kreislauf\/#primaryimage"},"thumbnailUrl":"https:\/\/artes-valve.com\/wp-content\/uploads\/armaturen_kollektion_IMG_0076_bemasst.jpg","datePublished":"2022-01-03T18:39:03+00:00","dateModified":"2022-01-04T09:54:22+00:00","description":"ARTES Valve & Service GmbH entwickelt, konstruiert und fertigt Spezialarmaturen f\u00fcr die Erd\u00f6l- und Erdgas-Industrie, die Kraftwerksbranche sowie den Anlagenbau: Drei-Wege- oder Regelkugel-Ventile, Einspritzk\u00fchler, Dampfumformstationen.","breadcrumb":{"@id":"https:\/\/artes-valve.com\/produkte\/armaturenset-fuer-den-wasser-dampf-kreislauf\/#breadcrumb"},"inLanguage":"en-US","potentialAction":[{"@type":"ReadAction","target":["https:\/\/artes-valve.com\/produkte\/armaturenset-fuer-den-wasser-dampf-kreislauf\/"]}]},{"@type":"ImageObject","inLanguage":"en-US","@id":"https:\/\/artes-valve.com\/produkte\/armaturenset-fuer-den-wasser-dampf-kreislauf\/#primaryimage","url":"https:\/\/artes-valve.com\/wp-content\/uploads\/armaturen_kollektion_IMG_0076_bemasst.jpg","contentUrl":"https:\/\/artes-valve.com\/wp-content\/uploads\/armaturen_kollektion_IMG_0076_bemasst.jpg"},{"@type":"BreadcrumbList","@id":"https:\/\/artes-valve.com\/produkte\/armaturenset-fuer-den-wasser-dampf-kreislauf\/#breadcrumb","itemListElement":[{"@type":"ListItem","position":1,"name":"Startseite","item":"https:\/\/artes-valve.com\/"},{"@type":"ListItem","position":2,"name":"Produkte der ARTES Valve &#038; Service GmbH","item":"https:\/\/artes-valve.com\/produkte\/"},{"@type":"ListItem","position":3,"name":"Regelarmaturen f\u00fcr den Wasser-Dampf-Kreislauf"}]},{"@type":"WebSite","@id":"https:\/\/artes-valve.com\/#website","url":"https:\/\/artes-valve.com\/","name":"ARTES Valve &amp; Service GmbH","description":"The answer for perfect control","publisher":{"@id":"https:\/\/artes-valve.com\/#organization"},"alternateName":"ARTES Valve & Service GmbH","potentialAction":[{"@type":"SearchAction","target":{"@type":"EntryPoint","urlTemplate":"https:\/\/artes-valve.com\/?s={search_term_string}"},"query-input":{"@type":"PropertyValueSpecification","valueRequired":true,"valueName":"search_term_string"}}],"inLanguage":"en-US"},{"@type":"Organization","@id":"https:\/\/artes-valve.com\/#organization","name":"ARTES Valve & Service GmbH","url":"https:\/\/artes-valve.com\/","logo":{"@type":"ImageObject","inLanguage":"en-US","@id":"https:\/\/artes-valve.com\/#\/schema\/logo\/image\/","url":"https:\/\/artes-valve.com\/wp-content\/uploads\/2018\/12\/artes-logo-600px.png","contentUrl":"https:\/\/artes-valve.com\/wp-content\/uploads\/2018\/12\/artes-logo-600px.png","width":600,"height":184,"caption":"ARTES Valve & Service GmbH"},"image":{"@id":"https:\/\/artes-valve.com\/#\/schema\/logo\/image\/"}}]}},"_links":{"self":[{"href":"https:\/\/artes-valve.com\/en\/wp-json\/wp\/v2\/pages\/2202","targetHints":{"allow":["GET"]}}],"collection":[{"href":"https:\/\/artes-valve.com\/en\/wp-json\/wp\/v2\/pages"}],"about":[{"href":"https:\/\/artes-valve.com\/en\/wp-json\/wp\/v2\/types\/page"}],"author":[{"embeddable":true,"href":"https:\/\/artes-valve.com\/en\/wp-json\/wp\/v2\/users\/1"}],"replies":[{"embeddable":true,"href":"https:\/\/artes-valve.com\/en\/wp-json\/wp\/v2\/comments?post=2202"}],"version-history":[{"count":27,"href":"https:\/\/artes-valve.com\/en\/wp-json\/wp\/v2\/pages\/2202\/revisions"}],"predecessor-version":[{"id":2265,"href":"https:\/\/artes-valve.com\/en\/wp-json\/wp\/v2\/pages\/2202\/revisions\/2265"}],"up":[{"embeddable":true,"href":"https:\/\/artes-valve.com\/en\/wp-json\/wp\/v2\/pages\/38"}],"wp:attachment":[{"href":"https:\/\/artes-valve.com\/en\/wp-json\/wp\/v2\/media?parent=2202"}],"curies":[{"name":"wp","href":"https:\/\/api.w.org\/{rel}","templated":true}]}}