{"id":1250,"date":"2020-01-15T13:12:10","date_gmt":"2020-01-15T12:12:10","guid":{"rendered":"https:\/\/artes-valve.com\/?page_id=1250"},"modified":"2025-05-15T11:47:08","modified_gmt":"2025-05-15T09:47:08","slug":"vertriebsmitarbeiter-armaturentechnik-m-w-d","status":"publish","type":"page","link":"https:\/\/artes-valve.com\/en\/karriere\/vertriebsmitarbeiter-armaturentechnik-m-w-d\/","title":{"rendered":"Stellenangebot: Industriemechaniker (m\/w\/d)"},"content":{"rendered":"\n<p>Die ARTES Valve &amp; Service GmbH, ein Unter\u00adnehmen der ARCA Flow Group, ist ein mittel\u00adst\u00e4ndisches, operativ selb\u00adst\u00e4ndiges Unter\u00adnehmen in Velten im Norden von Berlin. Wir entwickeln, konstruieren und fertigen Spezial\u00adarmaturen f\u00fcr die Erd\u00f6l- und Erdgas-Industrie, die Kraft\u00adwerks\u00adbranche sowie den Anlagen\u00adbau.<\/p>\n\n\n\n<p><strong>F\u00fcr unsere <em>Werkstatt in Quakenbr\u00fcck<\/em> suchen wir zum fr\u00fchestm\u00f6glichen Zeitpunkt einen:<\/strong><\/p>\n\n\n\n<h2 class=\"has-text-align-center wp-block-heading\" id=\"h-industriemechaniker-m-w-d\">Industriemechaniker (m\/w\/d)<\/h2>\n\n\n\n<p><strong>Ih\u00adre Auf\u00adga\u00adben:<\/strong><\/p>\n\n\n\n<ul class=\"wp-block-list\">\n<li>Mon\u00adta\u00adge und Re\u00adpa\u00adra\u00adtu\u00adren von In\u00addus\u00adtrie\u00adar\u00adma\u00adtu\u00adren<\/li>\n\n\n\n<li>Auf\u00adbau und Ein\u00adstel\u00adlung von elek\u00adtri\u00adschen, pneu\u00adma\u00adti\u00adschen und hy\u00addrau\u00adli\u00adschen An\u00adtrie\u00adben so\u00adwohl am Stand\u00adort Qua\u00adken\u00adbr\u00fcck als auch vor Ort bei un\u00adse\u00adren Kun\u00adden<\/li>\n<\/ul>\n\n\n\n<p><strong>Ihr Pro\u00adfil:<\/strong><\/p>\n\n\n\n<ul class=\"wp-block-list\">\n<li>Sie ver\u00adf\u00fc\u00adgen \u00fcber eine ab\u00adge\u00adschlos\u00adse\u00adne Be\u00adrufs\u00adaus\u00adbil\u00addung zum In\u00addus\u00adtrie\u00adme\u00adcha\u00adni\u00adker (m\/w\/d) oder einen ver\u00adgleich\u00adba\u00adren Ab\u00adschluss. <\/li>\n\n\n\n<li>Sie ver\u00adf\u00fc\u00adgen ide\u00ada\u00adler\u00adwei\u00adse \u00fcber Be\u00adrufs\u00ader\u00adfah\u00adrung in der Ar\u00adma\u00adtu\u00adren\u00adtech\u00adnik, je\u00addoch ge\u00adben wir auch Be\u00adrufs\u00adein\u00adstei\u00adgern (m\/w\/d) eine Chan\u00adce, die wir in un\u00adse\u00adrem Un\u00adter\u00adneh\u00admen ge\u00adzielt ein\u00adar\u00adbei\u00adten. <\/li>\n\n\n\n<li>Sie zei\u00adgen ein ho\u00adhes Ma\u00df an Ein\u00adsatz\u00adbe\u00adreit\u00adschaft und Ent\u00adschei\u00addungs\u00adfreu\u00addig\u00adkeit, sind kom\u00admu\u00adni\u00adka\u00adtiv und team\u00adori\u00aden\u00adtiert. <\/li>\n<\/ul>\n\n\n\n<p><strong>Un\u00adser An\u00adge\u00adbot:<\/strong><\/p>\n\n\n\n<ul class=\"wp-block-list\">\n<li>Wir bie\u00adten ei\u00adnen si\u00adche\u00adren Ar\u00adbeits\u00adplatz in ei\u00adnem sich dy\u00adna\u00admisch ent\u00adwi\u00adckeln\u00adden Un\u00adter\u00adneh\u00admen<\/li>\n\n\n\n<li>Span\u00adnen\u00adde Her\u00adaus\u00adfor\u00adde\u00adrun\u00adgen<\/li>\n\n\n\n<li>Leis\u00adtungs\u00adori\u00aden\u00adtier\u00adte Ent\u00adloh\u00adnung<\/li>\n\n\n\n<li>Qua\u00adli\u00adfi\u00adzie\u00adrungs- und Schu\u00adlungs\u00adma\u00df\u00adnah\u00admen in un\u00adse\u00adrem Stamm\u00adhaus<\/li>\n\n\n\n<li>Po\u00adsi\u00adti\u00adves und fa\u00admi\u00adli\u00aden\u00adfreund\u00adli\u00adches Be\u00adtriebs\u00adkli\u00adma<\/li>\n<\/ul>\n\n\n\n<p><strong>Kon\u00adtakt:<\/strong><\/p>\n\n\n\n<p>Neugierig auf diese interessante und anspruchsvolle T\u00e4tigkeit? Dann senden Sie Ihre aussagekr\u00e4ftige Bewerbung bitte an <strong>Herrn Frank Bildt:<\/strong> <a href=\"mailto:frank.bildt@artes-valve.de\" target=\"_blank\" rel=\"noreferrer noopener\">frank.bildt@artes-valve.de<\/a><br>Fragen beantwortet Ihnen Herr Bildt gerne vorab unter: 05431\/968 4714<\/p>\n\n\n\n<p>Wir freuen uns auf Ih\u00adre Be\u00adwer\u00adbung!<\/p>\n\n\n\n<p><strong>ARTES Valve &amp; Service GmbH<br>Frank Bildt, Personalabteilung<br>Artlandstr.63<br>49610 Quakenbr\u00fcck<br>www.artes-valve.de<\/strong><\/p>\n\n\n\n<p><\/p>\n\n\n\n<hr class=\"wp-block-separator has-alpha-channel-opacity\"\/>\n\n\n\n<p><strong>Hinweis:<\/strong> Mit der \u00dcbermittlung Ihrer Bewerbung stimmen Sie zu, dass Ihre Daten f\u00fcr die Bearbeitung der Bewerbung gespeichert werden. Details dazu finden Sie in unserer <a href=\"https:\/\/artes-valve.de\/rechtliches\/datenschutzerklaerung\/\" target=\"_blank\" rel=\"noreferrer noopener\" aria-label=\" (\u00f6ffnet in neuem Tab)\">Datenschutzerkl\u00e4rung<\/a>.<\/p>\n","protected":false},"excerpt":{"rendered":"<p>Die ARTES Valve &amp; Service GmbH, ein Unter\u00adnehmen der ARCA Flow Group, ist ein mittel\u00adst\u00e4ndisches, operativ selb\u00adst\u00e4ndiges Unter\u00adnehmen in Velten im Norden von Berlin. Wir entwickeln, konstruieren und fertigen Spezial\u00adarmaturen f\u00fcr die Erd\u00f6l- und Erdgas-Industrie, die Kraft\u00adwerks\u00adbranche sowie den Anlagen\u00adbau. F\u00fcr unsere Werkstatt in Quakenbr\u00fcck suchen wir zum fr\u00fchestm\u00f6glichen Zeitpunkt [\u2026] <\/p>\n<div class=\"clear\"><\/div>\n<p><a class=\"more_link clearfix\" href=\"https:\/\/artes-valve.com\/en\/karriere\/vertriebsmitarbeiter-armaturentechnik-m-w-d\/\" rel=\"nofollow\">Read More &rarr;<\/a><\/p>\n","protected":false},"author":1,"featured_media":0,"parent":240,"menu_order":42,"comment_status":"closed","ping_status":"closed","template":"templates\/full-width.php","meta":{"footnotes":""},"class_list":["post-1250","page","type-page","status-publish","hentry"],"translation":{"provider":"WPGlobus","version":"3.0.2","language":"en","enabled_languages":["de","en","es"],"languages":{"de":{"title":true,"content":true,"excerpt":false},"en":{"title":false,"content":false,"excerpt":false},"es":{"title":false,"content":false,"excerpt":false}}},"yoast_head":"<!-- This site is optimized with the Yoast SEO Premium plugin v27.2 (Yoast SEO v27.2) - https:\/\/yoast.com\/product\/yoast-seo-premium-wordpress\/ -->\n<title>Stellenangebot: Industriemechaniker (m\/w\/d) | ARTES Valve &amp; Service GmbH<\/title>\n<meta name=\"robots\" content=\"index, follow, max-snippet:-1, max-image-preview:large, max-video-preview:-1\" \/>\n<link rel=\"canonical\" href=\"https:\/\/artes-valve.com\/karriere\/vertriebsmitarbeiter-armaturentechnik-m-w-d\/\" \/>\n<meta property=\"og:locale\" content=\"en_US\" \/>\n<meta property=\"og:type\" content=\"article\" \/>\n<meta property=\"og:title\" content=\"Stellenangebot: Industriemechaniker (m\/w\/d) | ARTES Valve &amp; Service GmbH\" \/>\n<meta property=\"og:url\" content=\"https:\/\/artes-valve.com\/karriere\/vertriebsmitarbeiter-armaturentechnik-m-w-d\/\" \/>\n<meta property=\"og:site_name\" content=\"ARTES Valve &amp; Service GmbH\" \/>\n<meta property=\"article:modified_time\" content=\"2025-05-15T09:47:08+00:00\" \/>\n<meta name=\"twitter:card\" content=\"summary_large_image\" \/>\n<meta name=\"twitter:label1\" content=\"Est. reading time\" \/>\n\t<meta name=\"twitter:data1\" content=\"2 minutes\" \/>\n<script type=\"application\/ld+json\" class=\"yoast-schema-graph\">{\"@context\":\"https:\/\/schema.org\",\"@graph\":[{\"@type\":\"WebPage\",\"@id\":\"https:\/\/artes-valve.com\/karriere\/vertriebsmitarbeiter-armaturentechnik-m-w-d\/\",\"url\":\"https:\/\/artes-valve.com\/karriere\/vertriebsmitarbeiter-armaturentechnik-m-w-d\/\",\"name\":\"Stellenangebot: Industriemechaniker (m\/w\/d) | ARTES Valve &amp; Service GmbH\",\"isPartOf\":{\"@id\":\"https:\/\/artes-valve.com\/#website\"},\"datePublished\":\"2020-01-15T12:12:10+00:00\",\"dateModified\":\"2025-05-15T09:47:08+00:00\",\"description\":\"Die ARTES Valve & Service GmbH entwickelt, konstruiert und fertigt Industrie-Spezialarmaturen. Stellenangebot: Vertriebsmitarbeiter Armaturentechnik\",\"breadcrumb\":{\"@id\":\"https:\/\/artes-valve.com\/karriere\/vertriebsmitarbeiter-armaturentechnik-m-w-d\/#breadcrumb\"},\"inLanguage\":\"en-US\",\"potentialAction\":[{\"@type\":\"ReadAction\",\"target\":[\"https:\/\/artes-valve.com\/karriere\/vertriebsmitarbeiter-armaturentechnik-m-w-d\/\"]}]},{\"@type\":\"BreadcrumbList\",\"@id\":\"https:\/\/artes-valve.com\/karriere\/vertriebsmitarbeiter-armaturentechnik-m-w-d\/#breadcrumb\",\"itemListElement\":[{\"@type\":\"ListItem\",\"position\":1,\"name\":\"Startseite\",\"item\":\"https:\/\/artes-valve.com\/\"},{\"@type\":\"ListItem\",\"position\":2,\"name\":\"Ihre Karriere bei der ARTES Valve &amp; Service GmbH\",\"item\":\"https:\/\/artes-valve.com\/karriere\/\"},{\"@type\":\"ListItem\",\"position\":3,\"name\":\"Stellenangebot: Industriemechaniker (m\/w\/d)\"}]},{\"@type\":\"WebSite\",\"@id\":\"https:\/\/artes-valve.com\/#website\",\"url\":\"https:\/\/artes-valve.com\/\",\"name\":\"ARTES Valve &amp; Service GmbH\",\"description\":\"The answer for perfect control\",\"publisher\":{\"@id\":\"https:\/\/artes-valve.com\/#organization\"},\"alternateName\":\"ARTES Valve & Service GmbH\",\"potentialAction\":[{\"@type\":\"SearchAction\",\"target\":{\"@type\":\"EntryPoint\",\"urlTemplate\":\"https:\/\/artes-valve.com\/?s={search_term_string}\"},\"query-input\":{\"@type\":\"PropertyValueSpecification\",\"valueRequired\":true,\"valueName\":\"search_term_string\"}}],\"inLanguage\":\"en-US\"},{\"@type\":\"Organization\",\"@id\":\"https:\/\/artes-valve.com\/#organization\",\"name\":\"ARTES Valve & Service GmbH\",\"url\":\"https:\/\/artes-valve.com\/\",\"logo\":{\"@type\":\"ImageObject\",\"inLanguage\":\"en-US\",\"@id\":\"https:\/\/artes-valve.com\/#\/schema\/logo\/image\/\",\"url\":\"https:\/\/artes-valve.com\/wp-content\/uploads\/2018\/12\/artes-logo-600px.png\",\"contentUrl\":\"https:\/\/artes-valve.com\/wp-content\/uploads\/2018\/12\/artes-logo-600px.png\",\"width\":600,\"height\":184,\"caption\":\"ARTES Valve & Service GmbH\"},\"image\":{\"@id\":\"https:\/\/artes-valve.com\/#\/schema\/logo\/image\/\"}}]}<\/script>\n<!-- \/ Yoast SEO Premium plugin. -->","yoast_head_json":{"title":"Stellenangebot: Industriemechaniker (m\/w\/d) | ARTES Valve &amp; Service GmbH","robots":{"index":"index","follow":"follow","max-snippet":"max-snippet:-1","max-image-preview":"max-image-preview:large","max-video-preview":"max-video-preview:-1"},"canonical":"https:\/\/artes-valve.com\/karriere\/vertriebsmitarbeiter-armaturentechnik-m-w-d\/","og_locale":"en_US","og_type":"article","og_title":"Stellenangebot: Industriemechaniker (m\/w\/d) | ARTES Valve &amp; Service GmbH","og_url":"https:\/\/artes-valve.com\/karriere\/vertriebsmitarbeiter-armaturentechnik-m-w-d\/","og_site_name":"ARTES Valve &amp; Service GmbH","article_modified_time":"2025-05-15T09:47:08+00:00","twitter_card":"summary_large_image","twitter_misc":{"Est. reading time":"2 minutes"},"schema":{"@context":"https:\/\/schema.org","@graph":[{"@type":"WebPage","@id":"https:\/\/artes-valve.com\/karriere\/vertriebsmitarbeiter-armaturentechnik-m-w-d\/","url":"https:\/\/artes-valve.com\/karriere\/vertriebsmitarbeiter-armaturentechnik-m-w-d\/","name":"Stellenangebot: Industriemechaniker (m\/w\/d) | ARTES Valve &amp; Service GmbH","isPartOf":{"@id":"https:\/\/artes-valve.com\/#website"},"datePublished":"2020-01-15T12:12:10+00:00","dateModified":"2025-05-15T09:47:08+00:00","description":"Die ARTES Valve & Service GmbH entwickelt, konstruiert und fertigt Industrie-Spezialarmaturen. Stellenangebot: Vertriebsmitarbeiter Armaturentechnik","breadcrumb":{"@id":"https:\/\/artes-valve.com\/karriere\/vertriebsmitarbeiter-armaturentechnik-m-w-d\/#breadcrumb"},"inLanguage":"en-US","potentialAction":[{"@type":"ReadAction","target":["https:\/\/artes-valve.com\/karriere\/vertriebsmitarbeiter-armaturentechnik-m-w-d\/"]}]},{"@type":"BreadcrumbList","@id":"https:\/\/artes-valve.com\/karriere\/vertriebsmitarbeiter-armaturentechnik-m-w-d\/#breadcrumb","itemListElement":[{"@type":"ListItem","position":1,"name":"Startseite","item":"https:\/\/artes-valve.com\/"},{"@type":"ListItem","position":2,"name":"Ihre Karriere bei der ARTES Valve &amp; Service GmbH","item":"https:\/\/artes-valve.com\/karriere\/"},{"@type":"ListItem","position":3,"name":"Stellenangebot: Industriemechaniker (m\/w\/d)"}]},{"@type":"WebSite","@id":"https:\/\/artes-valve.com\/#website","url":"https:\/\/artes-valve.com\/","name":"ARTES Valve &amp; Service GmbH","description":"The answer for perfect control","publisher":{"@id":"https:\/\/artes-valve.com\/#organization"},"alternateName":"ARTES Valve & Service GmbH","potentialAction":[{"@type":"SearchAction","target":{"@type":"EntryPoint","urlTemplate":"https:\/\/artes-valve.com\/?s={search_term_string}"},"query-input":{"@type":"PropertyValueSpecification","valueRequired":true,"valueName":"search_term_string"}}],"inLanguage":"en-US"},{"@type":"Organization","@id":"https:\/\/artes-valve.com\/#organization","name":"ARTES Valve & Service GmbH","url":"https:\/\/artes-valve.com\/","logo":{"@type":"ImageObject","inLanguage":"en-US","@id":"https:\/\/artes-valve.com\/#\/schema\/logo\/image\/","url":"https:\/\/artes-valve.com\/wp-content\/uploads\/2018\/12\/artes-logo-600px.png","contentUrl":"https:\/\/artes-valve.com\/wp-content\/uploads\/2018\/12\/artes-logo-600px.png","width":600,"height":184,"caption":"ARTES Valve & Service GmbH"},"image":{"@id":"https:\/\/artes-valve.com\/#\/schema\/logo\/image\/"}}]}},"_links":{"self":[{"href":"https:\/\/artes-valve.com\/en\/wp-json\/wp\/v2\/pages\/1250","targetHints":{"allow":["GET"]}}],"collection":[{"href":"https:\/\/artes-valve.com\/en\/wp-json\/wp\/v2\/pages"}],"about":[{"href":"https:\/\/artes-valve.com\/en\/wp-json\/wp\/v2\/types\/page"}],"author":[{"embeddable":true,"href":"https:\/\/artes-valve.com\/en\/wp-json\/wp\/v2\/users\/1"}],"replies":[{"embeddable":true,"href":"https:\/\/artes-valve.com\/en\/wp-json\/wp\/v2\/comments?post=1250"}],"version-history":[{"count":16,"href":"https:\/\/artes-valve.com\/en\/wp-json\/wp\/v2\/pages\/1250\/revisions"}],"predecessor-version":[{"id":7009,"href":"https:\/\/artes-valve.com\/en\/wp-json\/wp\/v2\/pages\/1250\/revisions\/7009"}],"up":[{"embeddable":true,"href":"https:\/\/artes-valve.com\/en\/wp-json\/wp\/v2\/pages\/240"}],"wp:attachment":[{"href":"https:\/\/artes-valve.com\/en\/wp-json\/wp\/v2\/media?parent=1250"}],"curies":[{"name":"wp","href":"https:\/\/api.w.org\/{rel}","templated":true}]}}