{"id":1245,"date":"2020-01-15T13:09:12","date_gmt":"2020-01-15T12:09:12","guid":{"rendered":"https:\/\/artes-valve.com\/?page_id=1245"},"modified":"2023-01-10T10:08:01","modified_gmt":"2023-01-10T09:08:01","slug":"industriemechaniker-m-w","status":"publish","type":"page","link":"https:\/\/artes-valve.com\/en\/karriere\/industriemechaniker-m-w\/","title":{"rendered":"Stellenangebot:<br\/>Industriemechaniker\/Armaturenschlosser"},"content":{"rendered":"<p>Die ARTES Valve &amp; Service GmbH, ein Unternehmen der ARCA Flow Group, ist ein mittelst\u00e4ndisches, operativ selbst\u00e4ndiges Unternehmen in Velten im Norden von Berlin. Wir entwickeln, konstruieren und fertigen Spezialarmaturen f\u00fcr die Erd\u00f6l- und Erdgas-Industrie, die Kraftwerksbranche sowie den Anlagenbau.<\/p>\r\n<p>F\u00fcr unser Team suchen wir zum fr\u00fchestm\u00f6glichen Zeitpunkt einen\/eine<\/p>\r\n<p><!-- \/wp:post-content --><\/p>\r\n<p><!-- wp:paragraph --><\/p>\r\n<h2 style=\"text-align: center;\">Industriemechaniker\/Armaturenschlosser (m\/w\/d)<\/h2>\r\n<p><strong>Ihre Aufgaben:<\/strong><\/p>\r\n<p><!-- \/wp:paragraph --><\/p>\r\n<p><!-- wp:list --><\/p>\r\n<ul>\r\n<li>Montage und Reparatur von Industriearmaturen<\/li>\r\n<li>Aufbau von elektrischen, pneumatischen und hydraulischen Antrieben<\/li>\r\n<li>spanende und spanlose Metallbearbeitung<\/li>\r\n<\/ul>\r\n<p><!-- \/wp:list --><\/p>\r\n<p><!-- wp:heading {\"level\":4} --><\/p>\r\n<p><strong>Einsatzgebiet:<\/strong><\/p>\r\n<p><!-- \/wp:heading --><\/p>\r\n<p><!-- wp:list --><\/p>\r\n<ul>\r\n<li>sowohl am Firmenstandort als auch vor Ort bei unseren Kunden<\/li>\r\n<\/ul>\r\n<p><!-- \/wp:list --><\/p>\r\n<p><!-- wp:heading {\"level\":4} --><\/p>\r\n<p><strong>Ihr Profil:<\/strong><\/p>\r\n<p><!-- \/wp:heading --><\/p>\r\n<p><!-- wp:list --><\/p>\r\n<ul>\r\n<li>abgeschlossene Berufsausbildung zum Industriemechaniker oder ein vergleichbarer Abschluss<\/li>\r\n<li>mindestens 2 Jahre Berufserfahrung<\/li>\r\n<\/ul>\r\n<p><!-- \/wp:list --><\/p>\r\n<p><!-- wp:heading {\"level\":4} --><\/p>\r\n<p><strong>Wir bieten:<\/strong><\/p>\r\n<p><!-- \/wp:heading --><\/p>\r\n<p><!-- wp:list --><\/p>\r\n<ul>\r\n<li>einen Arbeitsplatz mit Perspektive<\/li>\r\n<li>Qualifizierungs- und Schulungsma\u00dfnahmen in unserem Stammhaus<\/li>\r\n<li>leistungsorientierte Entlohnung<\/li>\r\n<\/ul>\r\n<p><!-- \/wp:list --><\/p>\r\n<p><!-- wp:paragraph --><\/p>\r\n<p>Ihre aussagekr\u00e4ftigen Bewerbungsunterlagen mit Angabe des fr\u00fchestm\u00f6glichen Eintrittstermins sowie Verdienstvorstellungen senden Sie bitte:<\/p>\r\n<p><!-- \/wp:paragraph --><\/p>\r\n<p><!-- wp:paragraph --><\/p>\r\n<p>Per Post an<br \/><strong>ARTES Valve &amp; Service GmbH<br \/>z. Hd. Herrn Horst J\u00e4kel<br \/><\/strong><strong>Parkallee 7<br \/>16727 Velten<\/strong><\/p>\r\n<p><!-- \/wp:paragraph --><\/p>\r\n<p><!-- wp:paragraph --><\/p>\r\n<p>Per E-Mail an <a href=\"mailto:horst.jaekel@artes-valve.de?subject=Bewerbung%20als%20Industriemechaniker%20(m\/w\/d)mailto:horst.jaekel@artes-valve.de\" target=\"_blank\" rel=\"noopener noreferrer\"><strong>horst.jaekel@artes-valve.de<\/strong><\/a><\/p>\r\n<hr \/>\r\n<p><!-- \/wp:paragraph --><\/p>\r\n<p><!-- wp:paragraph --><\/p>\r\n<p><strong>Hinweis:<\/strong> Mit der \u00dcbermittlung Ihrer Bewerbung stimmen Sie zu, dass Ihre Daten f\u00fcr die Bearbeitung der Bewerbung gespeichert werden. Details dazu finden Sie in unserer <a href=\"https:\/\/artes-valve.de\/rechtliches\/datenschutzerklaerung\/\" target=\"_blank\" rel=\"noreferrer noopener\" aria-label=\" (\u00f6ffnet in neuem Tab)\">Datenschutzerkl\u00e4rung<\/a>.<\/p>","protected":false},"excerpt":{"rendered":"<p>Die ARTES Valve &amp; Service GmbH, ein Unternehmen der ARCA Flow Group, ist ein mittelst\u00e4ndisches, operativ selbst\u00e4ndiges Unternehmen in Velten im Norden von Berlin. Wir entwickeln, konstruieren und fertigen Spezialarmaturen f\u00fcr die Erd\u00f6l- und Erdgas-Industrie, die Kraftwerksbranche sowie den Anlagenbau. F\u00fcr unser Team suchen wir zum fr\u00fchestm\u00f6glichen Zeitpunkt einen\/eine Industriemechaniker\/Armaturenschlosser [\u2026] <\/p>\n<div class=\"clear\"><\/div>\n<p><a class=\"more_link clearfix\" href=\"https:\/\/artes-valve.com\/en\/karriere\/industriemechaniker-m-w\/\" rel=\"nofollow\">Read More &rarr;<\/a><\/p>\n","protected":false},"author":1,"featured_media":0,"parent":240,"menu_order":45,"comment_status":"closed","ping_status":"closed","template":"templates\/full-width.php","meta":{"footnotes":""},"class_list":["post-1245","page","type-page","status-publish","hentry"],"translation":{"provider":"WPGlobus","version":"3.0.2","language":"en","enabled_languages":["de","en","es"],"languages":{"de":{"title":true,"content":true,"excerpt":false},"en":{"title":false,"content":false,"excerpt":false},"es":{"title":false,"content":false,"excerpt":false}}},"yoast_head":"<!-- This site is optimized with the Yoast SEO Premium plugin v27.2 (Yoast SEO v27.2) - https:\/\/yoast.com\/product\/yoast-seo-premium-wordpress\/ -->\n<title>Stellenangebot:Industriemechaniker\/Armaturenschlosser | ARTES Valve &amp; Service GmbH<\/title>\n<meta name=\"robots\" content=\"index, follow, max-snippet:-1, max-image-preview:large, max-video-preview:-1\" \/>\n<link rel=\"canonical\" href=\"https:\/\/artes-valve.com\/karriere\/industriemechaniker-m-w\/\" \/>\n<meta property=\"og:locale\" content=\"en_US\" \/>\n<meta property=\"og:type\" content=\"article\" \/>\n<meta property=\"og:title\" content=\"Stellenangebot:Industriemechaniker\/Armaturenschlosser | ARTES Valve &amp; Service GmbH\" \/>\n<meta property=\"og:url\" content=\"https:\/\/artes-valve.com\/karriere\/industriemechaniker-m-w\/\" \/>\n<meta property=\"og:site_name\" content=\"ARTES Valve &amp; Service GmbH\" \/>\n<meta property=\"article:modified_time\" content=\"2023-01-10T09:08:01+00:00\" \/>\n<meta name=\"twitter:card\" content=\"summary_large_image\" \/>\n<meta name=\"twitter:label1\" content=\"Est. reading time\" \/>\n\t<meta name=\"twitter:data1\" content=\"1 minute\" \/>\n<script type=\"application\/ld+json\" class=\"yoast-schema-graph\">{\"@context\":\"https:\/\/schema.org\",\"@graph\":[{\"@type\":\"WebPage\",\"@id\":\"https:\/\/artes-valve.com\/karriere\/industriemechaniker-m-w\/\",\"url\":\"https:\/\/artes-valve.com\/karriere\/industriemechaniker-m-w\/\",\"name\":\"Stellenangebot: Industriemechaniker\/Armaturenschlosser | ARTES Valve &amp; Service GmbH\",\"isPartOf\":{\"@id\":\"https:\/\/artes-valve.com\/#website\"},\"datePublished\":\"2020-01-15T12:09:12+00:00\",\"dateModified\":\"2023-01-10T09:08:01+00:00\",\"description\":\"Die ARTES Valve & Service GmbH entwickelt, konstruiert und fertigt Industrie-Spezialarmaturen. Stellenangebot: Industriemachaniker\",\"breadcrumb\":{\"@id\":\"https:\/\/artes-valve.com\/karriere\/industriemechaniker-m-w\/#breadcrumb\"},\"inLanguage\":\"en-US\",\"potentialAction\":[{\"@type\":\"ReadAction\",\"target\":[\"https:\/\/artes-valve.com\/karriere\/industriemechaniker-m-w\/\"]}]},{\"@type\":\"BreadcrumbList\",\"@id\":\"https:\/\/artes-valve.com\/karriere\/industriemechaniker-m-w\/#breadcrumb\",\"itemListElement\":[{\"@type\":\"ListItem\",\"position\":1,\"name\":\"Startseite\",\"item\":\"https:\/\/artes-valve.com\/\"},{\"@type\":\"ListItem\",\"position\":2,\"name\":\"Ihre Karriere bei der ARTES Valve &amp; Service GmbH\",\"item\":\"https:\/\/artes-valve.com\/karriere\/\"},{\"@type\":\"ListItem\",\"position\":3,\"name\":\"Stellenangebot:Industriemechaniker\/Armaturenschlosser\"}]},{\"@type\":\"WebSite\",\"@id\":\"https:\/\/artes-valve.com\/#website\",\"url\":\"https:\/\/artes-valve.com\/\",\"name\":\"ARTES Valve &amp; Service GmbH\",\"description\":\"The answer for perfect control\",\"publisher\":{\"@id\":\"https:\/\/artes-valve.com\/#organization\"},\"alternateName\":\"ARTES Valve & Service GmbH\",\"potentialAction\":[{\"@type\":\"SearchAction\",\"target\":{\"@type\":\"EntryPoint\",\"urlTemplate\":\"https:\/\/artes-valve.com\/?s={search_term_string}\"},\"query-input\":{\"@type\":\"PropertyValueSpecification\",\"valueRequired\":true,\"valueName\":\"search_term_string\"}}],\"inLanguage\":\"en-US\"},{\"@type\":\"Organization\",\"@id\":\"https:\/\/artes-valve.com\/#organization\",\"name\":\"ARTES Valve & Service GmbH\",\"url\":\"https:\/\/artes-valve.com\/\",\"logo\":{\"@type\":\"ImageObject\",\"inLanguage\":\"en-US\",\"@id\":\"https:\/\/artes-valve.com\/#\/schema\/logo\/image\/\",\"url\":\"https:\/\/artes-valve.com\/wp-content\/uploads\/2018\/12\/artes-logo-600px.png\",\"contentUrl\":\"https:\/\/artes-valve.com\/wp-content\/uploads\/2018\/12\/artes-logo-600px.png\",\"width\":600,\"height\":184,\"caption\":\"ARTES Valve & Service GmbH\"},\"image\":{\"@id\":\"https:\/\/artes-valve.com\/#\/schema\/logo\/image\/\"}}]}<\/script>\n<!-- \/ Yoast SEO Premium plugin. -->","yoast_head_json":{"title":"Stellenangebot:Industriemechaniker\/Armaturenschlosser | ARTES Valve &amp; Service GmbH","robots":{"index":"index","follow":"follow","max-snippet":"max-snippet:-1","max-image-preview":"max-image-preview:large","max-video-preview":"max-video-preview:-1"},"canonical":"https:\/\/artes-valve.com\/karriere\/industriemechaniker-m-w\/","og_locale":"en_US","og_type":"article","og_title":"Stellenangebot:Industriemechaniker\/Armaturenschlosser | ARTES Valve &amp; Service GmbH","og_url":"https:\/\/artes-valve.com\/karriere\/industriemechaniker-m-w\/","og_site_name":"ARTES Valve &amp; Service GmbH","article_modified_time":"2023-01-10T09:08:01+00:00","twitter_card":"summary_large_image","twitter_misc":{"Est. reading time":"1 minute"},"schema":{"@context":"https:\/\/schema.org","@graph":[{"@type":"WebPage","@id":"https:\/\/artes-valve.com\/karriere\/industriemechaniker-m-w\/","url":"https:\/\/artes-valve.com\/karriere\/industriemechaniker-m-w\/","name":"Stellenangebot: Industriemechaniker\/Armaturenschlosser | ARTES Valve &amp; Service GmbH","isPartOf":{"@id":"https:\/\/artes-valve.com\/#website"},"datePublished":"2020-01-15T12:09:12+00:00","dateModified":"2023-01-10T09:08:01+00:00","description":"Die ARTES Valve & Service GmbH entwickelt, konstruiert und fertigt Industrie-Spezialarmaturen. Stellenangebot: Industriemachaniker","breadcrumb":{"@id":"https:\/\/artes-valve.com\/karriere\/industriemechaniker-m-w\/#breadcrumb"},"inLanguage":"en-US","potentialAction":[{"@type":"ReadAction","target":["https:\/\/artes-valve.com\/karriere\/industriemechaniker-m-w\/"]}]},{"@type":"BreadcrumbList","@id":"https:\/\/artes-valve.com\/karriere\/industriemechaniker-m-w\/#breadcrumb","itemListElement":[{"@type":"ListItem","position":1,"name":"Startseite","item":"https:\/\/artes-valve.com\/"},{"@type":"ListItem","position":2,"name":"Ihre Karriere bei der ARTES Valve &amp; Service GmbH","item":"https:\/\/artes-valve.com\/karriere\/"},{"@type":"ListItem","position":3,"name":"Stellenangebot:Industriemechaniker\/Armaturenschlosser"}]},{"@type":"WebSite","@id":"https:\/\/artes-valve.com\/#website","url":"https:\/\/artes-valve.com\/","name":"ARTES Valve &amp; Service GmbH","description":"The answer for perfect control","publisher":{"@id":"https:\/\/artes-valve.com\/#organization"},"alternateName":"ARTES Valve & Service GmbH","potentialAction":[{"@type":"SearchAction","target":{"@type":"EntryPoint","urlTemplate":"https:\/\/artes-valve.com\/?s={search_term_string}"},"query-input":{"@type":"PropertyValueSpecification","valueRequired":true,"valueName":"search_term_string"}}],"inLanguage":"en-US"},{"@type":"Organization","@id":"https:\/\/artes-valve.com\/#organization","name":"ARTES Valve & Service GmbH","url":"https:\/\/artes-valve.com\/","logo":{"@type":"ImageObject","inLanguage":"en-US","@id":"https:\/\/artes-valve.com\/#\/schema\/logo\/image\/","url":"https:\/\/artes-valve.com\/wp-content\/uploads\/2018\/12\/artes-logo-600px.png","contentUrl":"https:\/\/artes-valve.com\/wp-content\/uploads\/2018\/12\/artes-logo-600px.png","width":600,"height":184,"caption":"ARTES Valve & Service GmbH"},"image":{"@id":"https:\/\/artes-valve.com\/#\/schema\/logo\/image\/"}}]}},"_links":{"self":[{"href":"https:\/\/artes-valve.com\/en\/wp-json\/wp\/v2\/pages\/1245","targetHints":{"allow":["GET"]}}],"collection":[{"href":"https:\/\/artes-valve.com\/en\/wp-json\/wp\/v2\/pages"}],"about":[{"href":"https:\/\/artes-valve.com\/en\/wp-json\/wp\/v2\/types\/page"}],"author":[{"embeddable":true,"href":"https:\/\/artes-valve.com\/en\/wp-json\/wp\/v2\/users\/1"}],"replies":[{"embeddable":true,"href":"https:\/\/artes-valve.com\/en\/wp-json\/wp\/v2\/comments?post=1245"}],"version-history":[{"count":10,"href":"https:\/\/artes-valve.com\/en\/wp-json\/wp\/v2\/pages\/1245\/revisions"}],"predecessor-version":[{"id":5103,"href":"https:\/\/artes-valve.com\/en\/wp-json\/wp\/v2\/pages\/1245\/revisions\/5103"}],"up":[{"embeddable":true,"href":"https:\/\/artes-valve.com\/en\/wp-json\/wp\/v2\/pages\/240"}],"wp:attachment":[{"href":"https:\/\/artes-valve.com\/en\/wp-json\/wp\/v2\/media?parent=1245"}],"curies":[{"name":"wp","href":"https:\/\/api.w.org\/{rel}","templated":true}]}}